{"id":10,"date":"2024-02-26T08:42:58","date_gmt":"2024-02-26T08:42:58","guid":{"rendered":"https:\/\/erasmediah.eu\/?page_id=10"},"modified":"2026-01-15T09:45:55","modified_gmt":"2026-01-15T09:45:55","slug":"home","status":"publish","type":"page","link":"https:\/\/erasmediah.eu\/es\/","title":{"rendered":"Home"},"content":{"rendered":"\t\t<div data-elementor-type=\"wp-page\" data-elementor-id=\"10\" class=\"elementor elementor-10\">\n\t\t\t\t<div class=\"elementor-element elementor-element-cb28b23 e-flex e-con-boxed e-con e-parent\" data-id=\"cb28b23\" data-element_type=\"container\" data-e-type=\"container\" data-settings=\"{&quot;background_background&quot;:&quot;classic&quot;}\">\n\t\t\t\t\t<div class=\"e-con-inner\">\n\t\t\t\t<div class=\"elementor-element elementor-element-abe4900 elementor-widget elementor-widget-image\" data-id=\"abe4900\" data-element_type=\"widget\" data-e-type=\"widget\" data-widget_type=\"image.default\">\n\t\t\t\t<div class=\"elementor-widget-container\">\n\t\t\t\t\t\t\t\t\t\t\t\t\t\t\t<img fetchpriority=\"high\" decoding=\"async\" width=\"300\" height=\"300\" src=\"https:\/\/erasmediah.eu\/wp-content\/uploads\/2024\/02\/Erasmediah_logo_black-300x300.webp\" class=\"attachment-medium size-medium wp-image-33\" alt=\"\" srcset=\"https:\/\/erasmediah.eu\/wp-content\/uploads\/2024\/02\/Erasmediah_logo_black-300x300.webp 300w, https:\/\/erasmediah.eu\/wp-content\/uploads\/2024\/02\/Erasmediah_logo_black-150x150.webp 150w, https:\/\/erasmediah.eu\/wp-content\/uploads\/2024\/02\/Erasmediah_logo_black-24x24.webp 24w, https:\/\/erasmediah.eu\/wp-content\/uploads\/2024\/02\/Erasmediah_logo_black-36x36.webp 36w, https:\/\/erasmediah.eu\/wp-content\/uploads\/2024\/02\/Erasmediah_logo_black-48x48.webp 48w, https:\/\/erasmediah.eu\/wp-content\/uploads\/2024\/02\/Erasmediah_logo_black.webp 500w\" sizes=\"(max-width: 300px) 100vw, 300px\" \/>\t\t\t\t\t\t\t\t\t\t\t\t\t\t\t<\/div>\n\t\t\t\t<\/div>\n\t\t\t\t<div class=\"elementor-element elementor-element-a209102 elementor-widget elementor-widget-text-editor\" data-id=\"a209102\" data-element_type=\"widget\" data-e-type=\"widget\" data-widget_type=\"text-editor.default\">\n\t\t\t\t<div class=\"elementor-widget-container\">\n\t\t\t\t\t\t\t\t\t<p>N\u00famero del proyecto: 2023-1-HU01-KA220-YOU-000161173<br \/>Duraci\u00f3n del proyecto: 03\/12\/2023 &#8211; 02\/12\/2025<\/p>\t\t\t\t\t\t\t\t<\/div>\n\t\t\t\t<\/div>\n\t\t\t\t\t<\/div>\n\t\t\t\t<\/div>\n\t\t<div class=\"elementor-element elementor-element-c9b9ce0 e-flex e-con-boxed e-con e-parent\" data-id=\"c9b9ce0\" data-element_type=\"container\" data-e-type=\"container\">\n\t\t\t\t\t<div class=\"e-con-inner\">\n\t\t<div class=\"elementor-element elementor-element-74a96fc e-con-full e-flex e-con e-child\" data-id=\"74a96fc\" data-element_type=\"container\" data-e-type=\"container\">\n\t\t\t\t<div class=\"elementor-element elementor-element-3128b45 elementor-widget elementor-widget-heading\" data-id=\"3128b45\" data-element_type=\"widget\" data-e-type=\"widget\" data-widget_type=\"heading.default\">\n\t\t\t\t<div class=\"elementor-widget-container\">\n\t\t\t\t\t<h2 class=\"elementor-heading-title elementor-size-default\"><a href=\"https:\/\/erasmediah.eu\/about-the-project\/\">Sobre el proyecto<\/a><\/h2>\t\t\t\t<\/div>\n\t\t\t\t<\/div>\n\t\t\t\t<div class=\"elementor-element elementor-element-7ef9aae elementor-widget elementor-widget-text-editor\" data-id=\"7ef9aae\" data-element_type=\"widget\" data-e-type=\"widget\" data-widget_type=\"text-editor.default\">\n\t\t\t\t<div class=\"elementor-widget-container\">\n\t\t\t\t\t\t\t\t\t<p><\/p><p><\/p><p><\/p><p><\/p><p><\/p><p>Las redes sociales y las plataformas de comunicaci\u00f3n en l\u00ednea han invadido y permeado por completo la vida de cada individuo, y especialmente la de los adolescentes y los j\u00f3venes, con todos los peligros que esto conlleva para su bienestar psicol\u00f3gico, para el desarrollo de una vida social y comunitaria normal y saludable, y para su privacidad. Entrevistas recientes con j\u00f3venes realizadas en Grecia, Italia, Espa\u00f1a, Alemania, B\u00e9lgica, Francia y otros pa\u00edses europeos han revelado m\u00faltiples trastornos y problemas: falta de sue\u00f1o, apat\u00eda y una sensaci\u00f3n de desconexi\u00f3n cuando no utilizan las aplicaciones, signos de depresi\u00f3n, sin mencionar los problemas de seguridad como el acoso en l\u00ednea entre iguales, el grooming, los discursos de odio o la humillaci\u00f3n en las redes sociales&#8230; <strong><a href=\"https:\/\/erasmediah.eu\/about-the-project\/\">LEER M\u00c1S &gt;&gt;<\/a><\/strong><\/p><p><\/p>\t\t\t\t\t\t\t\t<\/div>\n\t\t\t\t<\/div>\n\t\t\t\t<\/div>\n\t\t<div class=\"elementor-element elementor-element-89d2137 e-con-full e-flex e-con e-child\" data-id=\"89d2137\" data-element_type=\"container\" data-e-type=\"container\" data-settings=\"{&quot;background_background&quot;:&quot;classic&quot;}\">\n\t\t\t\t<\/div>\n\t\t\t\t\t<\/div>\n\t\t\t\t<\/div>\n\t\t<div class=\"elementor-element elementor-element-dc0925f e-flex e-con-boxed e-con e-parent\" data-id=\"dc0925f\" data-element_type=\"container\" data-e-type=\"container\">\n\t\t\t\t\t<div class=\"e-con-inner\">\n\t\t\t\t<div class=\"elementor-element elementor-element-ab32b6d elementor-widget elementor-widget-spacer\" data-id=\"ab32b6d\" data-element_type=\"widget\" data-e-type=\"widget\" data-widget_type=\"spacer.default\">\n\t\t\t\t<div class=\"elementor-widget-container\">\n\t\t\t\t\t\t\t<div class=\"elementor-spacer\">\n\t\t\t<div class=\"elementor-spacer-inner\"><\/div>\n\t\t<\/div>\n\t\t\t\t\t\t<\/div>\n\t\t\t\t<\/div>\n\t\t\t\t\t<\/div>\n\t\t\t\t<\/div>\n\t\t\t\t<\/div>\n\t\t","protected":false},"excerpt":{"rendered":"<p>N\u00famero del proyecto: 2023-1-HU01-KA220-YOU-000161173Duraci\u00f3n del proyecto: 03\/12\/2023 &#8211; 02\/12\/2025 Sobre el proyecto Las redes sociales y las plataformas de comunicaci\u00f3n en l\u00ednea han invadido y permeado por completo la vida de cada individuo, y especialmente la de los adolescentes y los j\u00f3venes, con todos los peligros que esto conlleva para su bienestar psicol\u00f3gico, para el&hellip;&nbsp;<a href=\"https:\/\/erasmediah.eu\/es\/\" rel=\"bookmark\">Leer m\u00e1s &raquo;<span class=\"screen-reader-text\">Home<\/span><\/a><\/p>\n","protected":false},"author":1,"featured_media":0,"parent":0,"menu_order":0,"comment_status":"closed","ping_status":"closed","template":"page-templates\/template-pagebuilder-full-width.php","meta":{"neve_meta_sidebar":"","neve_meta_container":"","neve_meta_enable_content_width":"off","neve_meta_content_width":100,"neve_meta_title_alignment":"","neve_meta_author_avatar":"","neve_post_elements_order":"","neve_meta_disable_header":"","neve_meta_disable_footer":"","neve_meta_disable_title":"","footnotes":""},"class_list":["post-10","page","type-page","status-publish","hentry"],"_links":{"self":[{"href":"https:\/\/erasmediah.eu\/es\/wp-json\/wp\/v2\/pages\/10","targetHints":{"allow":["GET"]}}],"collection":[{"href":"https:\/\/erasmediah.eu\/es\/wp-json\/wp\/v2\/pages"}],"about":[{"href":"https:\/\/erasmediah.eu\/es\/wp-json\/wp\/v2\/types\/page"}],"author":[{"embeddable":true,"href":"https:\/\/erasmediah.eu\/es\/wp-json\/wp\/v2\/users\/1"}],"replies":[{"embeddable":true,"href":"https:\/\/erasmediah.eu\/es\/wp-json\/wp\/v2\/comments?post=10"}],"version-history":[{"count":347,"href":"https:\/\/erasmediah.eu\/es\/wp-json\/wp\/v2\/pages\/10\/revisions"}],"predecessor-version":[{"id":1360,"href":"https:\/\/erasmediah.eu\/es\/wp-json\/wp\/v2\/pages\/10\/revisions\/1360"}],"wp:attachment":[{"href":"https:\/\/erasmediah.eu\/es\/wp-json\/wp\/v2\/media?parent=10"}],"curies":[{"name":"wp","href":"https:\/\/api.w.org\/{rel}","templated":true}]}}