{"id":12,"date":"2024-02-26T08:43:21","date_gmt":"2024-02-26T08:43:21","guid":{"rendered":"https:\/\/erasmediah.eu\/?page_id=12"},"modified":"2026-01-14T18:15:22","modified_gmt":"2026-01-14T18:15:22","slug":"about-the-project","status":"publish","type":"page","link":"https:\/\/erasmediah.eu\/es\/about-the-project\/","title":{"rendered":"Sobre el proyecto"},"content":{"rendered":"\t\t<div data-elementor-type=\"wp-page\" data-elementor-id=\"12\" class=\"elementor elementor-12\">\n\t\t\t\t<div class=\"elementor-element elementor-element-9d77aae e-flex e-con-boxed e-con e-parent\" data-id=\"9d77aae\" data-element_type=\"container\" data-e-type=\"container\">\n\t\t\t\t\t<div class=\"e-con-inner\">\n\t\t\t\t<div class=\"elementor-element elementor-element-c56432f elementor-widget elementor-widget-spacer\" data-id=\"c56432f\" data-element_type=\"widget\" data-e-type=\"widget\" data-widget_type=\"spacer.default\">\n\t\t\t\t<div class=\"elementor-widget-container\">\n\t\t\t\t\t\t\t<div class=\"elementor-spacer\">\n\t\t\t<div class=\"elementor-spacer-inner\"><\/div>\n\t\t<\/div>\n\t\t\t\t\t\t<\/div>\n\t\t\t\t<\/div>\n\t\t\t\t<div class=\"elementor-element elementor-element-8ceffb5 elementor-widget elementor-widget-image\" data-id=\"8ceffb5\" data-element_type=\"widget\" data-e-type=\"widget\" data-widget_type=\"image.default\">\n\t\t\t\t<div class=\"elementor-widget-container\">\n\t\t\t\t\t\t\t\t\t\t\t\t\t\t\t<img fetchpriority=\"high\" decoding=\"async\" width=\"500\" height=\"134\" src=\"https:\/\/erasmediah.eu\/wp-content\/uploads\/2024\/02\/Erasmediah_logo_rectangle.webp\" class=\"attachment-large size-large wp-image-37\" alt=\"\" srcset=\"https:\/\/erasmediah.eu\/wp-content\/uploads\/2024\/02\/Erasmediah_logo_rectangle.webp 500w, https:\/\/erasmediah.eu\/wp-content\/uploads\/2024\/02\/Erasmediah_logo_rectangle-300x80.webp 300w, https:\/\/erasmediah.eu\/wp-content\/uploads\/2024\/02\/Erasmediah_logo_rectangle-24x6.webp 24w, https:\/\/erasmediah.eu\/wp-content\/uploads\/2024\/02\/Erasmediah_logo_rectangle-36x10.webp 36w, https:\/\/erasmediah.eu\/wp-content\/uploads\/2024\/02\/Erasmediah_logo_rectangle-48x13.webp 48w\" sizes=\"(max-width: 500px) 100vw, 500px\" \/>\t\t\t\t\t\t\t\t\t\t\t\t\t\t\t<\/div>\n\t\t\t\t<\/div>\n\t\t\t\t<div class=\"elementor-element elementor-element-9cc57fd elementor-widget elementor-widget-text-editor\" data-id=\"9cc57fd\" data-element_type=\"widget\" data-e-type=\"widget\" data-widget_type=\"text-editor.default\">\n\t\t\t\t<div class=\"elementor-widget-container\">\n\t\t\t\t\t\t\t\t\t<p><\/p><p><\/p><p><\/p><p><\/p><p><\/p><p>Las redes sociales y las plataformas de comunicaci\u00f3n en l\u00ednea han invadido y permeado por completo la vida de cada individuo, y especialmente la de los adolescentes y los j\u00f3venes, con todos los peligros que esto conlleva para su bienestar psicol\u00f3gico, para el desarrollo de una vida social y comunitaria normal y saludable, y para su privacidad. Entrevistas recientes con j\u00f3venes realizadas en Grecia, Italia, Espa\u00f1a, Alemania, B\u00e9lgica, Francia y otros pa\u00edses europeos han revelado m\u00faltiples trastornos y problemas: falta de sue\u00f1o, apat\u00eda y una sensaci\u00f3n de desconexi\u00f3n cuando no utilizan las aplicaciones, signos de depresi\u00f3n, sin mencionar los problemas de seguridad como el acoso en l\u00ednea entre iguales, el grooming, los discursos de odio o la humillaci\u00f3n en las redes sociales.<\/p><p>El punto de partida del proyecto Erasmediah ha sido la recopilaci\u00f3n de informaci\u00f3n por parte de las organizaciones socias, pero especialmente las discusiones entre ellas que siguieron a la observaci\u00f3n directa realizada por sus profesionales y trabajadores juveniles sobre los problemas que los adolescentes enfrentan al usar las redes sociales. Debido a las noticias alarmantes y la informaci\u00f3n recopilada en los 6 pa\u00edses socios sobre las consecuencias para la salud mental de la hiperconectividad en redes sociales, el uso prolongado de videojuegos, la participaci\u00f3n en competiciones peligrosas en l\u00ednea, el ciberacoso y los peligros y problemas derivados de ello, el Consorcio tuvo la idea de desarrollar este proyecto.<\/p><p>Habiendo observado tambi\u00e9n lo dif\u00edcil que resulta para los trabajadores j\u00f3venes abordar estos temas, incluso de forma informal, con sus grupos destinatarios, el Consorcio ha considerado importante dar un paso hacia la formaci\u00f3n y mejora de las competencias de los trabajadores juveniles y educadores, con el fin de esforzarse por empoderar y ayudar a las futuras generaciones a navegar por el entorno de las redes en l\u00ednea con mejores herramientas, mayor conciencia y una actitud cr\u00edtica.<\/p><p><\/p>\t\t\t\t\t\t\t\t<\/div>\n\t\t\t\t<\/div>\n\t\t\t\t<div class=\"elementor-element elementor-element-f9c0486 elementor-widget elementor-widget-spacer\" data-id=\"f9c0486\" data-element_type=\"widget\" data-e-type=\"widget\" data-widget_type=\"spacer.default\">\n\t\t\t\t<div class=\"elementor-widget-container\">\n\t\t\t\t\t\t\t<div class=\"elementor-spacer\">\n\t\t\t<div class=\"elementor-spacer-inner\"><\/div>\n\t\t<\/div>\n\t\t\t\t\t\t<\/div>\n\t\t\t\t<\/div>\n\t\t\t\t\t<\/div>\n\t\t\t\t<\/div>\n\t\t\t\t<\/div>\n\t\t","protected":false},"excerpt":{"rendered":"<p>Social Media and Online Networking Platforms have now completely invaded and permeated the life of every individual, and especially of teenagers and young people, with all the dangers this entails for their psychological well-being, for the development of a normal and healthy social and community life, and for their privacy. Recent interviews with young people&hellip;&nbsp;<a href=\"https:\/\/erasmediah.eu\/es\/about-the-project\/\" rel=\"bookmark\">Leer m\u00e1s &raquo;<span class=\"screen-reader-text\">Sobre el proyecto<\/span><\/a><\/p>\n","protected":false},"author":1,"featured_media":0,"parent":0,"menu_order":0,"comment_status":"closed","ping_status":"closed","template":"","meta":{"neve_meta_sidebar":"","neve_meta_container":"","neve_meta_enable_content_width":"off","neve_meta_content_width":100,"neve_meta_title_alignment":"","neve_meta_author_avatar":"","neve_post_elements_order":"","neve_meta_disable_header":"","neve_meta_disable_footer":"","neve_meta_disable_title":"","footnotes":""},"class_list":["post-12","page","type-page","status-publish","hentry"],"_links":{"self":[{"href":"https:\/\/erasmediah.eu\/es\/wp-json\/wp\/v2\/pages\/12","targetHints":{"allow":["GET"]}}],"collection":[{"href":"https:\/\/erasmediah.eu\/es\/wp-json\/wp\/v2\/pages"}],"about":[{"href":"https:\/\/erasmediah.eu\/es\/wp-json\/wp\/v2\/types\/page"}],"author":[{"embeddable":true,"href":"https:\/\/erasmediah.eu\/es\/wp-json\/wp\/v2\/users\/1"}],"replies":[{"embeddable":true,"href":"https:\/\/erasmediah.eu\/es\/wp-json\/wp\/v2\/comments?post=12"}],"version-history":[{"count":78,"href":"https:\/\/erasmediah.eu\/es\/wp-json\/wp\/v2\/pages\/12\/revisions"}],"predecessor-version":[{"id":1342,"href":"https:\/\/erasmediah.eu\/es\/wp-json\/wp\/v2\/pages\/12\/revisions\/1342"}],"wp:attachment":[{"href":"https:\/\/erasmediah.eu\/es\/wp-json\/wp\/v2\/media?parent=12"}],"curies":[{"name":"wp","href":"https:\/\/api.w.org\/{rel}","templated":true}]}}