{"id":10,"date":"2024-02-26T08:42:58","date_gmt":"2024-02-26T08:42:58","guid":{"rendered":"https:\/\/erasmediah.eu\/?page_id=10"},"modified":"2026-01-15T09:45:55","modified_gmt":"2026-01-15T09:45:55","slug":"home","status":"publish","type":"page","link":"https:\/\/erasmediah.eu\/hu\/","title":{"rendered":"Home"},"content":{"rendered":"\t\t<div data-elementor-type=\"wp-page\" data-elementor-id=\"10\" class=\"elementor elementor-10\">\n\t\t\t\t<div class=\"elementor-element elementor-element-cb28b23 e-flex e-con-boxed e-con e-parent\" data-id=\"cb28b23\" data-element_type=\"container\" data-e-type=\"container\" data-settings=\"{&quot;background_background&quot;:&quot;classic&quot;}\">\n\t\t\t\t\t<div class=\"e-con-inner\">\n\t\t\t\t<div class=\"elementor-element elementor-element-abe4900 elementor-widget elementor-widget-image\" data-id=\"abe4900\" data-element_type=\"widget\" data-e-type=\"widget\" data-widget_type=\"image.default\">\n\t\t\t\t<div class=\"elementor-widget-container\">\n\t\t\t\t\t\t\t\t\t\t\t\t\t\t\t<img fetchpriority=\"high\" decoding=\"async\" width=\"300\" height=\"300\" src=\"https:\/\/erasmediah.eu\/wp-content\/uploads\/2024\/02\/Erasmediah_logo_black-300x300.webp\" class=\"attachment-medium size-medium wp-image-33\" alt=\"\" srcset=\"https:\/\/erasmediah.eu\/wp-content\/uploads\/2024\/02\/Erasmediah_logo_black-300x300.webp 300w, https:\/\/erasmediah.eu\/wp-content\/uploads\/2024\/02\/Erasmediah_logo_black-150x150.webp 150w, https:\/\/erasmediah.eu\/wp-content\/uploads\/2024\/02\/Erasmediah_logo_black-24x24.webp 24w, https:\/\/erasmediah.eu\/wp-content\/uploads\/2024\/02\/Erasmediah_logo_black-36x36.webp 36w, https:\/\/erasmediah.eu\/wp-content\/uploads\/2024\/02\/Erasmediah_logo_black-48x48.webp 48w, https:\/\/erasmediah.eu\/wp-content\/uploads\/2024\/02\/Erasmediah_logo_black.webp 500w\" sizes=\"(max-width: 300px) 100vw, 300px\" \/>\t\t\t\t\t\t\t\t\t\t\t\t\t\t\t<\/div>\n\t\t\t\t<\/div>\n\t\t\t\t<div class=\"elementor-element elementor-element-a209102 elementor-widget elementor-widget-text-editor\" data-id=\"a209102\" data-element_type=\"widget\" data-e-type=\"widget\" data-widget_type=\"text-editor.default\">\n\t\t\t\t<div class=\"elementor-widget-container\">\n\t\t\t\t\t\t\t\t\t<p>Projekt sz\u00e1ma: 2023-1-HU01-KA220-YOU-000161173<br \/>Projekt id\u0151tartama: 03\/12\/2023 &#8211; 02\/12\/2025<\/p>\t\t\t\t\t\t\t\t<\/div>\n\t\t\t\t<\/div>\n\t\t\t\t\t<\/div>\n\t\t\t\t<\/div>\n\t\t<div class=\"elementor-element elementor-element-c9b9ce0 e-flex e-con-boxed e-con e-parent\" data-id=\"c9b9ce0\" data-element_type=\"container\" data-e-type=\"container\">\n\t\t\t\t\t<div class=\"e-con-inner\">\n\t\t<div class=\"elementor-element elementor-element-74a96fc e-con-full e-flex e-con e-child\" data-id=\"74a96fc\" data-element_type=\"container\" data-e-type=\"container\">\n\t\t\t\t<div class=\"elementor-element elementor-element-3128b45 elementor-widget elementor-widget-heading\" data-id=\"3128b45\" data-element_type=\"widget\" data-e-type=\"widget\" data-widget_type=\"heading.default\">\n\t\t\t\t<div class=\"elementor-widget-container\">\n\t\t\t\t\t<h2 class=\"elementor-heading-title elementor-size-default\"><a href=\"https:\/\/erasmediah.eu\/about-the-project\/\">A projekt bemutat\u00e1sa<\/a><\/h2>\t\t\t\t<\/div>\n\t\t\t\t<\/div>\n\t\t\t\t<div class=\"elementor-element elementor-element-7ef9aae elementor-widget elementor-widget-text-editor\" data-id=\"7ef9aae\" data-element_type=\"widget\" data-e-type=\"widget\" data-widget_type=\"text-editor.default\">\n\t\t\t\t<div class=\"elementor-widget-container\">\n\t\t\t\t\t\t\t\t\t<p><\/p><p><\/p><p><\/p><p>A k\u00f6z\u00f6ss\u00e9gi m\u00e9dia \u00e9s az online h\u00e1l\u00f3zati platformok m\u00e1ra teljes m\u00e9rt\u00e9kben beh\u00e1l\u00f3zt\u00e1k mindannyiunk \u00e9let\u00e9t \u2013 k\u00fcl\u00f6n\u00f6sen a tin\u00e9dzserek\u00e9t \u00e9s fiatalok\u00e9t \u2013, sz\u00e1mos vesz\u00e9lyt hordozva pszich\u00e9s j\u00f3ll\u00e9t\u00fckre, eg\u00e9szs\u00e9ges t\u00e1rsas \u00e9s k\u00f6z\u00f6ss\u00e9gi \u00e9let\u00fck alakul\u00e1s\u00e1ra, valamint a mag\u00e1nszf\u00e9r\u00e1jukra n\u00e9zve. A G\u00f6r\u00f6gorsz\u00e1gban, Olaszorsz\u00e1gban, Spanyolorsz\u00e1gban, N\u00e9metorsz\u00e1gban, Belgiumban, Franciaorsz\u00e1gban \u00e9s m\u00e1s eur\u00f3pai orsz\u00e1gokban k\u00e9sz\u00fclt friss interj\u00fak sz\u00e1mos probl\u00e9m\u00e1t t\u00e1rtak fel: alv\u00e1shi\u00e1nyt, ap\u00e1ti\u00e1t, az alkalmaz\u00e1sok n\u00e9lk\u00fcli \u201elev\u00e1l\u00e1s\u201d \u00e9rz\u00e9s\u00e9t, depresszi\u00f3s t\u00fcneteket, valamint komoly biztons\u00e1gi kock\u00e1zatokat, mint p\u00e9ld\u00e1ul az internetes zaklat\u00e1st, online groomingot, gy\u0171l\u00f6letbesz\u00e9det vagy megsz\u00e9gyen\u00edt\u00e9st&#8230;<strong> <a href=\"https:\/\/erasmediah.eu\/about-the-project\/\">OLVASS TOV\u00c1BB &gt;&gt;<\/a><\/strong><\/p><p><\/p><p><\/p><p><\/p>\t\t\t\t\t\t\t\t<\/div>\n\t\t\t\t<\/div>\n\t\t\t\t<\/div>\n\t\t<div class=\"elementor-element elementor-element-89d2137 e-con-full e-flex e-con e-child\" data-id=\"89d2137\" data-element_type=\"container\" data-e-type=\"container\" data-settings=\"{&quot;background_background&quot;:&quot;classic&quot;}\">\n\t\t\t\t<\/div>\n\t\t\t\t\t<\/div>\n\t\t\t\t<\/div>\n\t\t<div class=\"elementor-element elementor-element-dc0925f e-flex e-con-boxed e-con e-parent\" data-id=\"dc0925f\" data-element_type=\"container\" data-e-type=\"container\">\n\t\t\t\t\t<div class=\"e-con-inner\">\n\t\t\t\t<div class=\"elementor-element elementor-element-ab32b6d elementor-widget elementor-widget-spacer\" data-id=\"ab32b6d\" data-element_type=\"widget\" data-e-type=\"widget\" data-widget_type=\"spacer.default\">\n\t\t\t\t<div class=\"elementor-widget-container\">\n\t\t\t\t\t\t\t<div class=\"elementor-spacer\">\n\t\t\t<div class=\"elementor-spacer-inner\"><\/div>\n\t\t<\/div>\n\t\t\t\t\t\t<\/div>\n\t\t\t\t<\/div>\n\t\t\t\t\t<\/div>\n\t\t\t\t<\/div>\n\t\t\t\t<\/div>\n\t\t","protected":false},"excerpt":{"rendered":"<p>Projekt sz\u00e1ma: 2023-1-HU01-KA220-YOU-000161173Projekt id\u0151tartama: 03\/12\/2023 &#8211; 02\/12\/2025 A projekt bemutat\u00e1sa A k\u00f6z\u00f6ss\u00e9gi m\u00e9dia \u00e9s az online h\u00e1l\u00f3zati platformok m\u00e1ra teljes m\u00e9rt\u00e9kben beh\u00e1l\u00f3zt\u00e1k mindannyiunk \u00e9let\u00e9t \u2013 k\u00fcl\u00f6n\u00f6sen a tin\u00e9dzserek\u00e9t \u00e9s fiatalok\u00e9t \u2013, sz\u00e1mos vesz\u00e9lyt hordozva pszich\u00e9s j\u00f3ll\u00e9t\u00fckre, eg\u00e9szs\u00e9ges t\u00e1rsas \u00e9s k\u00f6z\u00f6ss\u00e9gi \u00e9let\u00fck alakul\u00e1s\u00e1ra, valamint a mag\u00e1nszf\u00e9r\u00e1jukra n\u00e9zve. A G\u00f6r\u00f6gorsz\u00e1gban, Olaszorsz\u00e1gban, Spanyolorsz\u00e1gban, N\u00e9metorsz\u00e1gban, Belgiumban, Franciaorsz\u00e1gban \u00e9s m\u00e1s&hellip;&nbsp;<a href=\"https:\/\/erasmediah.eu\/hu\/\" rel=\"bookmark\">Read More &raquo;<span class=\"screen-reader-text\">Home<\/span><\/a><\/p>\n","protected":false},"author":1,"featured_media":0,"parent":0,"menu_order":0,"comment_status":"closed","ping_status":"closed","template":"page-templates\/template-pagebuilder-full-width.php","meta":{"neve_meta_sidebar":"","neve_meta_container":"","neve_meta_enable_content_width":"off","neve_meta_content_width":100,"neve_meta_title_alignment":"","neve_meta_author_avatar":"","neve_post_elements_order":"","neve_meta_disable_header":"","neve_meta_disable_footer":"","neve_meta_disable_title":"","footnotes":""},"class_list":["post-10","page","type-page","status-publish","hentry"],"_links":{"self":[{"href":"https:\/\/erasmediah.eu\/hu\/wp-json\/wp\/v2\/pages\/10","targetHints":{"allow":["GET"]}}],"collection":[{"href":"https:\/\/erasmediah.eu\/hu\/wp-json\/wp\/v2\/pages"}],"about":[{"href":"https:\/\/erasmediah.eu\/hu\/wp-json\/wp\/v2\/types\/page"}],"author":[{"embeddable":true,"href":"https:\/\/erasmediah.eu\/hu\/wp-json\/wp\/v2\/users\/1"}],"replies":[{"embeddable":true,"href":"https:\/\/erasmediah.eu\/hu\/wp-json\/wp\/v2\/comments?post=10"}],"version-history":[{"count":347,"href":"https:\/\/erasmediah.eu\/hu\/wp-json\/wp\/v2\/pages\/10\/revisions"}],"predecessor-version":[{"id":1360,"href":"https:\/\/erasmediah.eu\/hu\/wp-json\/wp\/v2\/pages\/10\/revisions\/1360"}],"wp:attachment":[{"href":"https:\/\/erasmediah.eu\/hu\/wp-json\/wp\/v2\/media?parent=10"}],"curies":[{"name":"wp","href":"https:\/\/api.w.org\/{rel}","templated":true}]}}