{"id":12,"date":"2024-02-26T08:43:21","date_gmt":"2024-02-26T08:43:21","guid":{"rendered":"https:\/\/erasmediah.eu\/?page_id=12"},"modified":"2026-01-14T18:15:22","modified_gmt":"2026-01-14T18:15:22","slug":"about-the-project","status":"publish","type":"page","link":"https:\/\/erasmediah.eu\/hu\/about-the-project\/","title":{"rendered":"A projekt bemutat\u00e1sa"},"content":{"rendered":"\t\t<div data-elementor-type=\"wp-page\" data-elementor-id=\"12\" class=\"elementor elementor-12\">\n\t\t\t\t<div class=\"elementor-element elementor-element-9d77aae e-flex e-con-boxed e-con e-parent\" data-id=\"9d77aae\" data-element_type=\"container\" data-e-type=\"container\">\n\t\t\t\t\t<div class=\"e-con-inner\">\n\t\t\t\t<div class=\"elementor-element elementor-element-c56432f elementor-widget elementor-widget-spacer\" data-id=\"c56432f\" data-element_type=\"widget\" data-e-type=\"widget\" data-widget_type=\"spacer.default\">\n\t\t\t\t<div class=\"elementor-widget-container\">\n\t\t\t\t\t\t\t<div class=\"elementor-spacer\">\n\t\t\t<div class=\"elementor-spacer-inner\"><\/div>\n\t\t<\/div>\n\t\t\t\t\t\t<\/div>\n\t\t\t\t<\/div>\n\t\t\t\t<div class=\"elementor-element elementor-element-8ceffb5 elementor-widget elementor-widget-image\" data-id=\"8ceffb5\" data-element_type=\"widget\" data-e-type=\"widget\" data-widget_type=\"image.default\">\n\t\t\t\t<div class=\"elementor-widget-container\">\n\t\t\t\t\t\t\t\t\t\t\t\t\t\t\t<img fetchpriority=\"high\" decoding=\"async\" width=\"500\" height=\"134\" src=\"https:\/\/erasmediah.eu\/wp-content\/uploads\/2024\/02\/Erasmediah_logo_rectangle.webp\" class=\"attachment-large size-large wp-image-37\" alt=\"\" srcset=\"https:\/\/erasmediah.eu\/wp-content\/uploads\/2024\/02\/Erasmediah_logo_rectangle.webp 500w, https:\/\/erasmediah.eu\/wp-content\/uploads\/2024\/02\/Erasmediah_logo_rectangle-300x80.webp 300w, https:\/\/erasmediah.eu\/wp-content\/uploads\/2024\/02\/Erasmediah_logo_rectangle-24x6.webp 24w, https:\/\/erasmediah.eu\/wp-content\/uploads\/2024\/02\/Erasmediah_logo_rectangle-36x10.webp 36w, https:\/\/erasmediah.eu\/wp-content\/uploads\/2024\/02\/Erasmediah_logo_rectangle-48x13.webp 48w\" sizes=\"(max-width: 500px) 100vw, 500px\" \/>\t\t\t\t\t\t\t\t\t\t\t\t\t\t\t<\/div>\n\t\t\t\t<\/div>\n\t\t\t\t<div class=\"elementor-element elementor-element-9cc57fd elementor-widget elementor-widget-text-editor\" data-id=\"9cc57fd\" data-element_type=\"widget\" data-e-type=\"widget\" data-widget_type=\"text-editor.default\">\n\t\t\t\t<div class=\"elementor-widget-container\">\n\t\t\t\t\t\t\t\t\t<p><\/p><p><\/p><p><\/p><p>A k\u00f6z\u00f6ss\u00e9gi m\u00e9dia \u00e9s az online h\u00e1l\u00f3zati platformok m\u00e1ra teljes m\u00e9rt\u00e9kben beh\u00e1l\u00f3zt\u00e1k mindannyiunk \u00e9let\u00e9t \u2013 k\u00fcl\u00f6n\u00f6sen a tin\u00e9dzserek\u00e9t \u00e9s fiatalok\u00e9t \u2013, sz\u00e1mos vesz\u00e9lyt hordozva pszich\u00e9s j\u00f3ll\u00e9t\u00fckre, eg\u00e9szs\u00e9ges t\u00e1rsas \u00e9s k\u00f6z\u00f6ss\u00e9gi \u00e9let\u00fck alakul\u00e1s\u00e1ra, valamint a mag\u00e1nszf\u00e9r\u00e1jukra n\u00e9zve. A G\u00f6r\u00f6gorsz\u00e1gban, Olaszorsz\u00e1gban, Spanyolorsz\u00e1gban, N\u00e9metorsz\u00e1gban, Belgiumban, Franciaorsz\u00e1gban \u00e9s m\u00e1s eur\u00f3pai orsz\u00e1gokban k\u00e9sz\u00fclt friss interj\u00fak sz\u00e1mos probl\u00e9m\u00e1t t\u00e1rtak fel: alv\u00e1shi\u00e1nyt, ap\u00e1ti\u00e1t, az alkalmaz\u00e1sok n\u00e9lk\u00fcli \u201elev\u00e1l\u00e1s\u201d \u00e9rz\u00e9s\u00e9t, depresszi\u00f3s t\u00fcneteket, valamint komoly biztons\u00e1gi kock\u00e1zatokat, mint p\u00e9ld\u00e1ul az internetes zaklat\u00e1st, online groomingot, gy\u0171l\u00f6letbesz\u00e9det vagy megsz\u00e9gyen\u00edt\u00e9st.<\/p><p>Az Erasmediah projekt kiindul\u00f3pontja a partnerszervezetek \u00e1ltal gy\u0171jt\u00f6tt inform\u00e1ci\u00f3 volt, valamint azok a szakmai megbesz\u00e9l\u00e9sek, amelyek sor\u00e1n ifj\u00fas\u00e1gi szakemberek k\u00f6zvetlen tapasztalataikat osztott\u00e1k meg a fiatalok k\u00f6z\u00f6ss\u00e9gim\u00e9dia-haszn\u00e1lat\u00e1val kapcsolatos probl\u00e9m\u00e1kr\u00f3l. A hat partnerorsz\u00e1g riaszt\u00f3 adatai alapj\u00e1n \u2013 amelyek a t\u00falzott k\u00f6z\u00f6ss\u00e9gim\u00e9dia-haszn\u00e1lat, a videoj\u00e1t\u00e9k-f\u00fcgg\u0151s\u00e9g, a vesz\u00e9lyes online kih\u00edv\u00e1sok, a cyberbullying \u00e9s m\u00e1s kock\u00e1zatok ment\u00e1lis eg\u00e9szs\u00e9gre gyakorolt hat\u00e1sair\u00f3l sz\u00f3ltak \u2013 a konzorcium sz\u00fcks\u00e9gesnek l\u00e1tta a projekt elind\u00edt\u00e1s\u00e1t.<\/p><p>A partners\u00e9g azt is felismerte, hogy az ifj\u00fas\u00e1gi szakemberek sz\u00e1m\u00e1ra rendk\u00edv\u00fcl neh\u00e9z ezekkel a t\u00e9m\u00e1kkal hat\u00e9konyan foglalkozni \u2013 ak\u00e1r inform\u00e1lis besz\u00e9lget\u00e9sek sor\u00e1n is. Ez\u00e9rt a projekt c\u00e9lja, hogy t\u00e1mogassa \u00e9s tov\u00e1bbk\u00e9pezze az ifj\u00fas\u00e1gseg\u00edt\u0151ket \u00e9s oktat\u00f3kat, \u00e9s ezzel hozz\u00e1j\u00e1ruljon ahhoz, hogy a fiatal gener\u00e1ci\u00f3k tudatosabban, kritikusabban \u00e9s biztons\u00e1gosabban mozogjanak az online t\u00e9rben. <\/p><p><\/p><p><\/p><p><\/p>\t\t\t\t\t\t\t\t<\/div>\n\t\t\t\t<\/div>\n\t\t\t\t<div class=\"elementor-element elementor-element-f9c0486 elementor-widget elementor-widget-spacer\" data-id=\"f9c0486\" data-element_type=\"widget\" data-e-type=\"widget\" data-widget_type=\"spacer.default\">\n\t\t\t\t<div class=\"elementor-widget-container\">\n\t\t\t\t\t\t\t<div class=\"elementor-spacer\">\n\t\t\t<div class=\"elementor-spacer-inner\"><\/div>\n\t\t<\/div>\n\t\t\t\t\t\t<\/div>\n\t\t\t\t<\/div>\n\t\t\t\t\t<\/div>\n\t\t\t\t<\/div>\n\t\t\t\t<\/div>\n\t\t","protected":false},"excerpt":{"rendered":"<p>Social Media and Online Networking Platforms have now completely invaded and permeated the life of every individual, and especially of teenagers and young people, with all the dangers this entails for their psychological well-being, for the development of a normal and healthy social and community life, and for their privacy. Recent interviews with young people&hellip;&nbsp;<a href=\"https:\/\/erasmediah.eu\/hu\/about-the-project\/\" rel=\"bookmark\">Read More &raquo;<span class=\"screen-reader-text\">A projekt bemutat\u00e1sa<\/span><\/a><\/p>\n","protected":false},"author":1,"featured_media":0,"parent":0,"menu_order":0,"comment_status":"closed","ping_status":"closed","template":"","meta":{"neve_meta_sidebar":"","neve_meta_container":"","neve_meta_enable_content_width":"off","neve_meta_content_width":100,"neve_meta_title_alignment":"","neve_meta_author_avatar":"","neve_post_elements_order":"","neve_meta_disable_header":"","neve_meta_disable_footer":"","neve_meta_disable_title":"","footnotes":""},"class_list":["post-12","page","type-page","status-publish","hentry"],"_links":{"self":[{"href":"https:\/\/erasmediah.eu\/hu\/wp-json\/wp\/v2\/pages\/12","targetHints":{"allow":["GET"]}}],"collection":[{"href":"https:\/\/erasmediah.eu\/hu\/wp-json\/wp\/v2\/pages"}],"about":[{"href":"https:\/\/erasmediah.eu\/hu\/wp-json\/wp\/v2\/types\/page"}],"author":[{"embeddable":true,"href":"https:\/\/erasmediah.eu\/hu\/wp-json\/wp\/v2\/users\/1"}],"replies":[{"embeddable":true,"href":"https:\/\/erasmediah.eu\/hu\/wp-json\/wp\/v2\/comments?post=12"}],"version-history":[{"count":78,"href":"https:\/\/erasmediah.eu\/hu\/wp-json\/wp\/v2\/pages\/12\/revisions"}],"predecessor-version":[{"id":1342,"href":"https:\/\/erasmediah.eu\/hu\/wp-json\/wp\/v2\/pages\/12\/revisions\/1342"}],"wp:attachment":[{"href":"https:\/\/erasmediah.eu\/hu\/wp-json\/wp\/v2\/media?parent=12"}],"curies":[{"name":"wp","href":"https:\/\/api.w.org\/{rel}","templated":true}]}}