{"id":18,"date":"2024-02-26T08:44:39","date_gmt":"2024-02-26T08:44:39","guid":{"rendered":"https:\/\/erasmediah.eu\/?page_id=18"},"modified":"2026-01-16T11:50:56","modified_gmt":"2026-01-16T11:50:56","slug":"project-results","status":"publish","type":"page","link":"https:\/\/erasmediah.eu\/hu\/project-results\/","title":{"rendered":"A projekt eredm\u00e9nyei"},"content":{"rendered":"\t\t<div data-elementor-type=\"wp-page\" data-elementor-id=\"18\" class=\"elementor elementor-18\">\n\t\t\t\t<div class=\"elementor-element elementor-element-4399a50 e-flex e-con-boxed e-con e-parent\" data-id=\"4399a50\" data-element_type=\"container\" data-e-type=\"container\">\n\t\t\t\t\t<div class=\"e-con-inner\">\n\t\t<div class=\"elementor-element elementor-element-5172380 e-grid e-con-full e-con e-child\" data-id=\"5172380\" data-element_type=\"container\" data-e-type=\"container\">\n\t\t<div class=\"elementor-element elementor-element-51c74af e-con-full e-flex e-con e-child\" data-id=\"51c74af\" data-element_type=\"container\" data-e-type=\"container\">\n\t\t\t\t<div class=\"elementor-element elementor-element-bb82fee elementor-view-default elementor-position-block-start elementor-mobile-position-block-start elementor-widget elementor-widget-icon-box\" data-id=\"bb82fee\" data-element_type=\"widget\" data-e-type=\"widget\" data-widget_type=\"icon-box.default\">\n\t\t\t\t<div class=\"elementor-widget-container\">\n\t\t\t\t\t\t\t<div class=\"elementor-icon-box-wrapper\">\n\n\t\t\t\t\t\t<div class=\"elementor-icon-box-icon\">\n\t\t\t\t<span  class=\"elementor-icon\">\n\t\t\t\t<svg aria-hidden=\"true\" class=\"e-font-icon-svg e-fas-file-alt\" viewBox=\"0 0 384 512\" xmlns=\"http:\/\/www.w3.org\/2000\/svg\"><path d=\"M224 136V0H24C10.7 0 0 10.7 0 24v464c0 13.3 10.7 24 24 24h336c13.3 0 24-10.7 24-24V160H248c-13.2 0-24-10.8-24-24zm64 236c0 6.6-5.4 12-12 12H108c-6.6 0-12-5.4-12-12v-8c0-6.6 5.4-12 12-12h168c6.6 0 12 5.4 12 12v8zm0-64c0 6.6-5.4 12-12 12H108c-6.6 0-12-5.4-12-12v-8c0-6.6 5.4-12 12-12h168c6.6 0 12 5.4 12 12v8zm0-72v8c0 6.6-5.4 12-12 12H108c-6.6 0-12-5.4-12-12v-8c0-6.6 5.4-12 12-12h168c6.6 0 12 5.4 12 12zm96-114.1v6.1H256V0h6.1c6.4 0 12.5 2.5 17 7l97.9 98c4.5 4.5 7 10.6 7 16.9z\"><\/path><\/svg>\t\t\t\t<\/span>\n\t\t\t<\/div>\n\t\t\t\n\t\t\t\t\t\t<div class=\"elementor-icon-box-content\">\n\n\t\t\t\t\t\t\t\t\t<h5 class=\"elementor-icon-box-title\">\n\t\t\t\t\t\t<span  >\n\t\t\t\t\t\t\tKutat\u00e1s: Young People's<br \/>Social Media Hyperconnectivity\t\t\t\t\t\t<\/span>\n\t\t\t\t\t<\/h5>\n\t\t\t\t\n\t\t\t\t\n\t\t\t<\/div>\n\t\t\t\n\t\t<\/div>\n\t\t\t\t\t\t<\/div>\n\t\t\t\t<\/div>\n\t\t\t\t<div class=\"elementor-element elementor-element-0d3fa53 elementor-widget elementor-widget-text-editor\" data-id=\"0d3fa53\" data-element_type=\"widget\" data-e-type=\"widget\" data-widget_type=\"text-editor.default\">\n\t\t\t\t<div class=\"elementor-widget-container\">\n\t\t\t\t\t\t\t\t\t<p>A projekt els\u0151 eredm\u00e9nye egy \u00e1tfog\u00f3, h\u00e1romszint\u0171 kutat\u00e1s \u00e9s elemz\u00e9s a fiatalok (11\u201318 \u00e9vesek) k\u00f6z\u00f6ss\u00e9gim\u00e9dia-hiperkonnektivit\u00e1s\u00e1r\u00f3l, annak kock\u00e1zatair\u00f3l \u00e9s lehets\u00e9ges megel\u0151z\u00e9si m\u00f3djair\u00f3l. A kutat\u00e1s az al\u00e1bbiakat foglalja mag\u00e1ban:<br \/>Szekunder kutat\u00e1s az eur\u00f3pai helyzetr\u0151l, k\u00fcl\u00f6n\u00f6s tekintettel a t\u00falzott k\u00f6z\u00f6ss\u00e9gim\u00e9dia-haszn\u00e1latra \u00e9s az online platformok okozta kock\u00e1zatokra; \u00e9s azokra az int\u00e9zked\u00e9sekre, amelyeket az eur\u00f3pai korm\u00e1nyok alkalmaznak a probl\u00e9m\u00e1k kezel\u00e9se \u00e9rdek\u00e9ben.<br \/>6 nemzeti jelent\u00e9s a partnerorsz\u00e1gok helyzet\u00e9r\u0151l, kih\u00edv\u00e1sair\u00f3l \u00e9s a lehets\u00e9ges megold\u00e1sokr\u00f3l.<br \/>6 orsz\u00e1gos k\u00e9rd\u0151\u00edv megtervez\u00e9se, tesztel\u00e9se \u00e9s elemz\u00e9se relev\u00e1ns szakmai c\u00e9lcsoportokon.<\/p>\t\t\t\t\t\t\t\t<\/div>\n\t\t\t\t<\/div>\n\t\t\t\t<div class=\"elementor-element elementor-element-fb78c95 elementor-widget elementor-widget-heading\" data-id=\"fb78c95\" data-element_type=\"widget\" data-e-type=\"widget\" data-widget_type=\"heading.default\">\n\t\t\t\t<div class=\"elementor-widget-container\">\n\t\t\t\t\t<h5 class=\"elementor-heading-title elementor-size-default\">Orsz\u00e1gjelent\u00e9s<\/h5>\t\t\t\t<\/div>\n\t\t\t\t<\/div>\n\t\t\t\t<div class=\"elementor-element elementor-element-175cb29 elementor-widget elementor-widget-text-editor\" data-id=\"175cb29\" data-element_type=\"widget\" data-e-type=\"widget\" data-widget_type=\"text-editor.default\">\n\t\t\t\t<div class=\"elementor-widget-container\">\n\t\t\t\t\t\t\t\t\t<ul>\n \t<li><a href=\"https:\/\/erasmediah.eu\/wp-content\/uploads\/2025\/09\/ERASMEDIAH_Questionnaires-Conclusions_GR.pdf\" target=\"_blank\" rel=\"noopener\">G\u00f6r\u00f6gorsz\u00e1g<\/a><\/li>\n \t<li><a href=\"https:\/\/erasmediah.eu\/wp-content\/uploads\/2025\/09\/ERASMEDIAH_Questionnaires-Conclusions_HU.pdf\" target=\"_blank\" rel=\"noopener\">Magyarorsz\u00e1g<\/a><\/li>\n \t<li><a href=\"https:\/\/erasmediah.eu\/wp-content\/uploads\/2025\/09\/ERASMEDIAH_Questionnaires-Conclusions_IT.pdf\" target=\"_blank\" rel=\"noopener\">Olaszorsz\u00e1g<\/a><\/li>\n \t<li><a href=\"https:\/\/erasmediah.eu\/wp-content\/uploads\/2025\/09\/ERASMEDIAH_Questionnaires-Conclusions_PL.pdf\" target=\"_blank\" rel=\"noopener\">Lengyelorsz\u00e1g<\/a><\/li>\n \t<li><a href=\"https:\/\/erasmediah.eu\/wp-content\/uploads\/2025\/09\/ERASMEDIAH_Questionnaires-Conclusions_SP.pdf\" target=\"_blank\" rel=\"noopener\">Spanyolorsz\u00e1g<\/a><\/li>\n \t<li><a href=\"https:\/\/erasmediah.eu\/wp-content\/uploads\/2025\/09\/ERASMEDIAH_Questionnaires-Conclusions_TR.pdf\" target=\"_blank\" rel=\"noopener\">T\u00f6r\u00f6korsz\u00e1g<\/a><\/li>\n<\/ul>\t\t\t\t\t\t\t\t<\/div>\n\t\t\t\t<\/div>\n\t\t\t\t<div class=\"elementor-element elementor-element-8c0a47a elementor-widget elementor-widget-heading\" data-id=\"8c0a47a\" data-element_type=\"widget\" data-e-type=\"widget\" data-widget_type=\"heading.default\">\n\t\t\t\t<div class=\"elementor-widget-container\">\n\t\t\t\t\t<h5 class=\"elementor-heading-title elementor-size-default\">\u00d6sszes\u00edtett jelent\u00e9s<\/h5>\t\t\t\t<\/div>\n\t\t\t\t<\/div>\n\t\t\t\t<div class=\"elementor-element elementor-element-89eea38 elementor-align-center elementor-widget elementor-widget-button\" data-id=\"89eea38\" data-element_type=\"widget\" data-e-type=\"widget\" data-widget_type=\"button.default\">\n\t\t\t\t<div class=\"elementor-widget-container\">\n\t\t\t\t\t\t\t\t\t<div class=\"elementor-button-wrapper\">\n\t\t\t\t\t<a class=\"elementor-button elementor-button-link elementor-size-sm\" href=\"https:\/\/erasmediah.eu\/wp-content\/uploads\/2025\/09\/ERASMEDIAH_Consolidated-Report.pdf\" target=\"_blank\" rel=\"nofollow\">\n\t\t\t\t\t\t<span class=\"elementor-button-content-wrapper\">\n\t\t\t\t\t\t<span class=\"elementor-button-icon\">\n\t\t\t\t<svg aria-hidden=\"true\" class=\"e-font-icon-svg e-fas-cloud-download-alt\" viewBox=\"0 0 640 512\" xmlns=\"http:\/\/www.w3.org\/2000\/svg\"><path d=\"M537.6 226.6c4.1-10.7 6.4-22.4 6.4-34.6 0-53-43-96-96-96-19.7 0-38.1 6-53.3 16.2C367 64.2 315.3 32 256 32c-88.4 0-160 71.6-160 160 0 2.7.1 5.4.2 8.1C40.2 219.8 0 273.2 0 336c0 79.5 64.5 144 144 144h368c70.7 0 128-57.3 128-128 0-61.9-44-113.6-102.4-125.4zm-132.9 88.7L299.3 420.7c-6.2 6.2-16.4 6.2-22.6 0L171.3 315.3c-10.1-10.1-2.9-27.3 11.3-27.3H248V176c0-8.8 7.2-16 16-16h48c8.8 0 16 7.2 16 16v112h65.4c14.2 0 21.4 17.2 11.3 27.3z\"><\/path><\/svg>\t\t\t<\/span>\n\t\t\t\t\t\t\t\t\t<span class=\"elementor-button-text\">Let\u00f6lt\u00e9s<\/span>\n\t\t\t\t\t<\/span>\n\t\t\t\t\t<\/a>\n\t\t\t\t<\/div>\n\t\t\t\t\t\t\t\t<\/div>\n\t\t\t\t<\/div>\n\t\t\t\t<\/div>\n\t\t<div class=\"elementor-element elementor-element-39c1d93 e-con-full e-flex e-con e-child\" data-id=\"39c1d93\" data-element_type=\"container\" data-e-type=\"container\">\n\t\t\t\t<div class=\"elementor-element elementor-element-4ece1cc elementor-view-default elementor-position-block-start elementor-mobile-position-block-start elementor-widget elementor-widget-icon-box\" data-id=\"4ece1cc\" data-element_type=\"widget\" data-e-type=\"widget\" data-widget_type=\"icon-box.default\">\n\t\t\t\t<div class=\"elementor-widget-container\">\n\t\t\t\t\t\t\t<div class=\"elementor-icon-box-wrapper\">\n\n\t\t\t\t\t\t<div class=\"elementor-icon-box-icon\">\n\t\t\t\t<span  class=\"elementor-icon\">\n\t\t\t\t<svg aria-hidden=\"true\" class=\"e-font-icon-svg e-fas-graduation-cap\" viewBox=\"0 0 640 512\" xmlns=\"http:\/\/www.w3.org\/2000\/svg\"><path d=\"M622.34 153.2L343.4 67.5c-15.2-4.67-31.6-4.67-46.79 0L17.66 153.2c-23.54 7.23-23.54 38.36 0 45.59l48.63 14.94c-10.67 13.19-17.23 29.28-17.88 46.9C38.78 266.15 32 276.11 32 288c0 10.78 5.68 19.85 13.86 25.65L20.33 428.53C18.11 438.52 25.71 448 35.94 448h56.11c10.24 0 17.84-9.48 15.62-19.47L82.14 313.65C90.32 307.85 96 298.78 96 288c0-11.57-6.47-21.25-15.66-26.87.76-15.02 8.44-28.3 20.69-36.72L296.6 284.5c9.06 2.78 26.44 6.25 46.79 0l278.95-85.7c23.55-7.24 23.55-38.36 0-45.6zM352.79 315.09c-28.53 8.76-52.84 3.92-65.59 0l-145.02-44.55L128 384c0 35.35 85.96 64 192 64s192-28.65 192-64l-14.18-113.47-145.03 44.56z\"><\/path><\/svg>\t\t\t\t<\/span>\n\t\t\t<\/div>\n\t\t\t\n\t\t\t\t\t\t<div class=\"elementor-icon-box-content\">\n\n\t\t\t\t\t\t\t\t\t<h5 class=\"elementor-icon-box-title\">\n\t\t\t\t\t\t<span  >\n\t\t\t\t\t\t\tTr\u00e9ning: \"Education Reinforcement against Young People's Social Media Hyperconnectivity\u201d\t\t\t\t\t\t<\/span>\n\t\t\t\t\t<\/h5>\n\t\t\t\t\n\t\t\t\t\n\t\t\t<\/div>\n\t\t\t\n\t\t<\/div>\n\t\t\t\t\t\t<\/div>\n\t\t\t\t<\/div>\n\t\t\t\t<div class=\"elementor-element elementor-element-f52ae7e elementor-widget elementor-widget-text-editor\" data-id=\"f52ae7e\" data-element_type=\"widget\" data-e-type=\"widget\" data-widget_type=\"text-editor.default\">\n\t\t\t\t<div class=\"elementor-widget-container\">\n\t\t\t\t\t\t\t\t\t<p>A projekt innovat\u00edv k\u00e9pz\u00e9si \u00e9s coaching eszk\u00f6zt fejleszt ifj\u00fas\u00e1gseg\u00edt\u0151k, facilit\u00e1torok \u00e9s pedag\u00f3gusok sz\u00e1m\u00e1ra, akik 11\u201318 \u00e9ves fiatalokkal dolgoznak. A program c\u00e9lja, hogy seg\u00edtse a szakembereket a k\u00f6z\u00f6ss\u00e9gim\u00e9dia-t\u00fahaszn\u00e1lat vesz\u00e9lyeir\u0151l val\u00f3 ismeretek \u00e1tad\u00e1s\u00e1ban \u00e9s a kock\u00e1zatok megel\u0151z\u00e9s\u00e9ben. A k\u00e9pz\u00e9s 7 digit\u00e1lis modulb\u00f3l \u00e1ll majd, amelyek mindegyike \u00e1tfog\u00f3an \u00e9s k\u00f6vetkezetesen dolgozza fel a t\u00falzott online jelenl\u00e9t \u00e9s hiper-konnektivit\u00e1s egy-egy t\u00e9m\u00e1j\u00e1t, gyakorlati megold\u00e1sokat is k\u00edn\u00e1lva. <br \/>A modulok t\u00e9m\u00e1i t\u00f6bbek k\u00f6z\u00f6tt:<br \/>A k\u00f6z\u00f6ss\u00e9gim\u00e9dia-t\u00falhaszn\u00e1lat negat\u00edv hat\u00e1sai \u00e9s az Internetf\u00fcgg\u0151s\u00e9g (IAD);<br \/>Online gaming, k\u00f6z\u00f6ss\u00e9gi j\u00e1t\u00e9kok, szerencsej\u00e1t\u00e9k-f\u00fcgg\u0151s\u00e9g;<br \/>Online grooming;<br \/>TikTok-t\u00falexpoz\u00edci\u00f3 \u00e9s vesz\u00e9lyei;<br \/>Vesz\u00e9lyes online kih\u00edv\u00e1sok \u00e9s hoaxok;<br \/>Cyberbullying, body shaming, gy\u0171l\u00f6letbesz\u00e9d;<br \/>\u00c1lh\u00edrek, phishing, internethaszn\u00e1lati biztons\u00e1g.<br \/>A k\u00e9pz\u00e9s lehets\u00e9ges m\u00f3dszerei \u00e9s megold\u00e1sai: m\u00e9diatudatoss\u00e1g fejleszt\u00e9se, mindfulness \u00e9s \u00f6nszab\u00e1lyoz\u00e1s tan\u00edt\u00e1sa, szerencsej\u00e1t\u00e9k-prevenci\u00f3, val\u00f3s\u00e1gellen\u0151rz\u00e9s, social media detox, eg\u00e9szs\u00e9ges alternat\u00edv tev\u00e9kenys\u00e9gek n\u00e9pszer\u0171s\u00edt\u00e9se, k\u00f6z\u00f6ss\u00e9g\u00e9p\u00edt\u00e9s stb.<\/p>\t\t\t\t\t\t\t\t<\/div>\n\t\t\t\t<\/div>\n\t\t\t\t<div class=\"elementor-element elementor-element-9449e07 elementor-align-center elementor-widget elementor-widget-button\" data-id=\"9449e07\" data-element_type=\"widget\" data-e-type=\"widget\" data-widget_type=\"button.default\">\n\t\t\t\t<div class=\"elementor-widget-container\">\n\t\t\t\t\t\t\t\t\t<div class=\"elementor-button-wrapper\">\n\t\t\t\t\t<a class=\"elementor-button elementor-button-link elementor-size-sm\" href=\"\/training-course\">\n\t\t\t\t\t\t<span class=\"elementor-button-content-wrapper\">\n\t\t\t\t\t\t<span class=\"elementor-button-icon\">\n\t\t\t\t<svg aria-hidden=\"true\" class=\"e-font-icon-svg e-far-arrow-alt-circle-right\" viewBox=\"0 0 512 512\" xmlns=\"http:\/\/www.w3.org\/2000\/svg\"><path d=\"M504 256C504 119 393 8 256 8S8 119 8 256s111 248 248 248 248-111 248-248zm-448 0c0-110.5 89.5-200 200-200s200 89.5 200 200-89.5 200-200 200S56 366.5 56 256zm72 20v-40c0-6.6 5.4-12 12-12h116v-67c0-10.7 12.9-16 20.5-8.5l99 99c4.7 4.7 4.7 12.3 0 17l-99 99c-7.6 7.6-20.5 2.2-20.5-8.5v-67H140c-6.6 0-12-5.4-12-12z\"><\/path><\/svg>\t\t\t<\/span>\n\t\t\t\t\t\t\t\t\t<span class=\"elementor-button-text\">Megnyit\u00e1s<\/span>\n\t\t\t\t\t<\/span>\n\t\t\t\t\t<\/a>\n\t\t\t\t<\/div>\n\t\t\t\t\t\t\t\t<\/div>\n\t\t\t\t<\/div>\n\t\t\t\t<\/div>\n\t\t\t\t<\/div>\n\t\t\t\t\t<\/div>\n\t\t\t\t<\/div>\n\t\t\t\t<\/div>\n\t\t","protected":false},"excerpt":{"rendered":"<p>Kutat\u00e1s: Young People&#8217;sSocial Media Hyperconnectivity A projekt els\u0151 eredm\u00e9nye egy \u00e1tfog\u00f3, h\u00e1romszint\u0171 kutat\u00e1s \u00e9s elemz\u00e9s a fiatalok (11\u201318 \u00e9vesek) k\u00f6z\u00f6ss\u00e9gim\u00e9dia-hiperkonnektivit\u00e1s\u00e1r\u00f3l, annak kock\u00e1zatair\u00f3l \u00e9s lehets\u00e9ges megel\u0151z\u00e9si m\u00f3djair\u00f3l. A kutat\u00e1s az al\u00e1bbiakat foglalja mag\u00e1ban:Szekunder kutat\u00e1s az eur\u00f3pai helyzetr\u0151l, k\u00fcl\u00f6n\u00f6s tekintettel a t\u00falzott k\u00f6z\u00f6ss\u00e9gim\u00e9dia-haszn\u00e1latra \u00e9s az online platformok okozta kock\u00e1zatokra; \u00e9s azokra az int\u00e9zked\u00e9sekre, amelyeket az eur\u00f3pai korm\u00e1nyok&hellip;&nbsp;<a href=\"https:\/\/erasmediah.eu\/hu\/project-results\/\" rel=\"bookmark\">Read More &raquo;<span class=\"screen-reader-text\">A projekt eredm\u00e9nyei<\/span><\/a><\/p>\n","protected":false},"author":1,"featured_media":0,"parent":0,"menu_order":0,"comment_status":"closed","ping_status":"closed","template":"","meta":{"neve_meta_sidebar":"","neve_meta_container":"","neve_meta_enable_content_width":"off","neve_meta_content_width":100,"neve_meta_title_alignment":"","neve_meta_author_avatar":"","neve_post_elements_order":"","neve_meta_disable_header":"","neve_meta_disable_footer":"","neve_meta_disable_title":"","footnotes":""},"class_list":["post-18","page","type-page","status-publish","hentry"],"_links":{"self":[{"href":"https:\/\/erasmediah.eu\/hu\/wp-json\/wp\/v2\/pages\/18","targetHints":{"allow":["GET"]}}],"collection":[{"href":"https:\/\/erasmediah.eu\/hu\/wp-json\/wp\/v2\/pages"}],"about":[{"href":"https:\/\/erasmediah.eu\/hu\/wp-json\/wp\/v2\/types\/page"}],"author":[{"embeddable":true,"href":"https:\/\/erasmediah.eu\/hu\/wp-json\/wp\/v2\/users\/1"}],"replies":[{"embeddable":true,"href":"https:\/\/erasmediah.eu\/hu\/wp-json\/wp\/v2\/comments?post=18"}],"version-history":[{"count":125,"href":"https:\/\/erasmediah.eu\/hu\/wp-json\/wp\/v2\/pages\/18\/revisions"}],"predecessor-version":[{"id":1448,"href":"https:\/\/erasmediah.eu\/hu\/wp-json\/wp\/v2\/pages\/18\/revisions\/1448"}],"wp:attachment":[{"href":"https:\/\/erasmediah.eu\/hu\/wp-json\/wp\/v2\/media?parent=18"}],"curies":[{"name":"wp","href":"https:\/\/api.w.org\/{rel}","templated":true}]}}