{"id":706,"date":"2024-02-28T09:43:08","date_gmt":"2024-02-28T09:43:08","guid":{"rendered":"https:\/\/erasmediah.eu\/?page_id=706"},"modified":"2026-01-14T18:16:45","modified_gmt":"2026-01-14T18:16:45","slug":"objectives","status":"publish","type":"page","link":"https:\/\/erasmediah.eu\/hu\/objectives\/","title":{"rendered":"C\u00e9lkit\u0171z\u00e9sek"},"content":{"rendered":"\t\t<div data-elementor-type=\"wp-page\" data-elementor-id=\"706\" class=\"elementor elementor-706\">\n\t\t\t\t<div class=\"elementor-element elementor-element-696df12 e-flex e-con-boxed e-con e-parent\" data-id=\"696df12\" data-element_type=\"container\" data-e-type=\"container\">\n\t\t\t\t\t<div class=\"e-con-inner\">\n\t\t<div class=\"elementor-element elementor-element-add9c97 e-con-full e-flex e-con e-child\" data-id=\"add9c97\" data-element_type=\"container\" data-e-type=\"container\">\n\t\t\t\t<div class=\"elementor-element elementor-element-83c57c1 elementor-widget elementor-widget-image\" data-id=\"83c57c1\" data-element_type=\"widget\" data-e-type=\"widget\" data-widget_type=\"image.default\">\n\t\t\t\t<div class=\"elementor-widget-container\">\n\t\t\t\t\t\t\t\t\t\t\t\t\t\t\t<img fetchpriority=\"high\" decoding=\"async\" width=\"500\" height=\"500\" src=\"https:\/\/erasmediah.eu\/wp-content\/uploads\/2024\/02\/Erasmediah_logo_head.webp\" class=\"attachment-large size-large wp-image-34\" alt=\"\" srcset=\"https:\/\/erasmediah.eu\/wp-content\/uploads\/2024\/02\/Erasmediah_logo_head.webp 500w, https:\/\/erasmediah.eu\/wp-content\/uploads\/2024\/02\/Erasmediah_logo_head-300x300.webp 300w, https:\/\/erasmediah.eu\/wp-content\/uploads\/2024\/02\/Erasmediah_logo_head-150x150.webp 150w, https:\/\/erasmediah.eu\/wp-content\/uploads\/2024\/02\/Erasmediah_logo_head-24x24.webp 24w, https:\/\/erasmediah.eu\/wp-content\/uploads\/2024\/02\/Erasmediah_logo_head-36x36.webp 36w, https:\/\/erasmediah.eu\/wp-content\/uploads\/2024\/02\/Erasmediah_logo_head-48x48.webp 48w\" sizes=\"(max-width: 500px) 100vw, 500px\" \/>\t\t\t\t\t\t\t\t\t\t\t\t\t\t\t<\/div>\n\t\t\t\t<\/div>\n\t\t\t\t<\/div>\n\t\t<div class=\"elementor-element elementor-element-ea21485 e-con-full e-flex e-con e-child\" data-id=\"ea21485\" data-element_type=\"container\" data-e-type=\"container\">\n\t\t\t\t<div class=\"elementor-element elementor-element-b8ded3a elementor-widget elementor-widget-text-editor\" data-id=\"b8ded3a\" data-element_type=\"widget\" data-e-type=\"widget\" data-widget_type=\"text-editor.default\">\n\t\t\t\t<div class=\"elementor-widget-container\">\n\t\t\t\t\t\t\t\t\t<p><\/p><p><\/p><p><\/p><p>Az Erasmediah projekt c\u00e9lja, hogy v\u00e1laszokat adjon a fiatalok k\u00f6r\u00e9ben t\u00f6megesen elterjedt k\u00f6z\u00f6ss\u00e9gim\u00e9dia-haszn\u00e1latb\u00f3l fakad\u00f3 kih\u00edv\u00e1sokra. A projekt f\u0151 f\u00f3kusza az ifj\u00fas\u00e1gi szakemberek meger\u0151s\u00edt\u00e9se speci\u00e1lis k\u00e9pz\u00e9ssel, elm\u00e9leti h\u00e1tt\u00e9ranyagokkal \u00e9s gyakorlati eszk\u00f6z\u00f6kkel. Ezek a forr\u00e1sok seg\u00edtik \u0151ket abban, hogy hat\u00e9konyabban reag\u00e1ljanak a hiper-konnektivit\u00e1s jelens\u00e9g\u00e9re, \u00e9s pozit\u00edv hat\u00e1st gyakoroljanak a fiatalok online jelenl\u00e9t\u00e9re.<\/p><p><\/p><p><\/p><p><\/p>\t\t\t\t\t\t\t\t<\/div>\n\t\t\t\t<\/div>\n\t\t\t\t<\/div>\n\t\t\t\t\t<\/div>\n\t\t\t\t<\/div>\n\t\t<div class=\"elementor-element elementor-element-72a60d5 e-flex e-con-boxed e-con e-parent\" data-id=\"72a60d5\" data-element_type=\"container\" data-e-type=\"container\">\n\t\t\t\t\t<div class=\"e-con-inner\">\n\t\t<div class=\"elementor-element elementor-element-5500117 e-con-full e-flex e-con e-child\" data-id=\"5500117\" data-element_type=\"container\" data-e-type=\"container\">\n\t\t\t\t<div class=\"elementor-element elementor-element-499856d elementor-widget elementor-widget-image\" data-id=\"499856d\" data-element_type=\"widget\" data-e-type=\"widget\" data-widget_type=\"image.default\">\n\t\t\t\t<div class=\"elementor-widget-container\">\n\t\t\t\t\t\t\t\t\t\t\t\t\t\t\t<img fetchpriority=\"high\" decoding=\"async\" width=\"500\" height=\"500\" src=\"https:\/\/erasmediah.eu\/wp-content\/uploads\/2024\/02\/Erasmediah_logo_head.webp\" class=\"attachment-large size-large wp-image-34\" alt=\"\" srcset=\"https:\/\/erasmediah.eu\/wp-content\/uploads\/2024\/02\/Erasmediah_logo_head.webp 500w, https:\/\/erasmediah.eu\/wp-content\/uploads\/2024\/02\/Erasmediah_logo_head-300x300.webp 300w, https:\/\/erasmediah.eu\/wp-content\/uploads\/2024\/02\/Erasmediah_logo_head-150x150.webp 150w, https:\/\/erasmediah.eu\/wp-content\/uploads\/2024\/02\/Erasmediah_logo_head-24x24.webp 24w, https:\/\/erasmediah.eu\/wp-content\/uploads\/2024\/02\/Erasmediah_logo_head-36x36.webp 36w, https:\/\/erasmediah.eu\/wp-content\/uploads\/2024\/02\/Erasmediah_logo_head-48x48.webp 48w\" sizes=\"(max-width: 500px) 100vw, 500px\" \/>\t\t\t\t\t\t\t\t\t\t\t\t\t\t\t<\/div>\n\t\t\t\t<\/div>\n\t\t\t\t<\/div>\n\t\t<div class=\"elementor-element elementor-element-711f2ed e-con-full e-flex e-con e-child\" data-id=\"711f2ed\" data-element_type=\"container\" data-e-type=\"container\">\n\t\t\t\t<div class=\"elementor-element elementor-element-00db522 elementor-widget elementor-widget-text-editor\" data-id=\"00db522\" data-element_type=\"widget\" data-e-type=\"widget\" data-widget_type=\"text-editor.default\">\n\t\t\t\t<div class=\"elementor-widget-container\">\n\t\t\t\t\t\t\t\t\t<p><\/p><p><\/p><p><\/p><p>A projekt egyik alapvet\u0151 c\u00e9lja az ifj\u00fas\u00e1gseg\u00edt\u0151k k\u00e9szs\u00e9geinek \u00e9s kompetenci\u00e1inak fejleszt\u00e9se annak \u00e9rdek\u00e9ben, hogy k\u00e9pesek legyenek felismerni \u00e9s kezelni a fiatalok t\u00falzott k\u00f6z\u00f6ss\u00e9gim\u00e9dia-haszn\u00e1lat\u00e1hoz kapcsol\u00f3d\u00f3 probl\u00e9m\u00e1s helyzeteket. Emellett fontos szerepet kap a megel\u0151z\u00e9s is: a szakemberek t\u00e1mogat\u00e1st kapnak ahhoz, hogy cs\u00f6kkents\u00e9k a fiatalok digit\u00e1lis t\u00falterhelts\u00e9g\u00e9b\u0151l ad\u00f3d\u00f3 kock\u00e1zatokat.<\/p><p><\/p><p><\/p><p><\/p>\t\t\t\t\t\t\t\t<\/div>\n\t\t\t\t<\/div>\n\t\t\t\t<\/div>\n\t\t\t\t\t<\/div>\n\t\t\t\t<\/div>\n\t\t<div class=\"elementor-element elementor-element-76b2ae9 e-flex e-con-boxed e-con e-parent\" data-id=\"76b2ae9\" data-element_type=\"container\" data-e-type=\"container\">\n\t\t\t\t\t<div class=\"e-con-inner\">\n\t\t<div class=\"elementor-element elementor-element-567c83f e-con-full e-flex e-con e-child\" data-id=\"567c83f\" data-element_type=\"container\" data-e-type=\"container\">\n\t\t\t\t<div class=\"elementor-element elementor-element-c330cbc elementor-widget elementor-widget-image\" data-id=\"c330cbc\" data-element_type=\"widget\" data-e-type=\"widget\" data-widget_type=\"image.default\">\n\t\t\t\t<div class=\"elementor-widget-container\">\n\t\t\t\t\t\t\t\t\t\t\t\t\t\t\t<img fetchpriority=\"high\" decoding=\"async\" width=\"500\" height=\"500\" src=\"https:\/\/erasmediah.eu\/wp-content\/uploads\/2024\/02\/Erasmediah_logo_head.webp\" class=\"attachment-large size-large wp-image-34\" alt=\"\" srcset=\"https:\/\/erasmediah.eu\/wp-content\/uploads\/2024\/02\/Erasmediah_logo_head.webp 500w, https:\/\/erasmediah.eu\/wp-content\/uploads\/2024\/02\/Erasmediah_logo_head-300x300.webp 300w, https:\/\/erasmediah.eu\/wp-content\/uploads\/2024\/02\/Erasmediah_logo_head-150x150.webp 150w, https:\/\/erasmediah.eu\/wp-content\/uploads\/2024\/02\/Erasmediah_logo_head-24x24.webp 24w, https:\/\/erasmediah.eu\/wp-content\/uploads\/2024\/02\/Erasmediah_logo_head-36x36.webp 36w, https:\/\/erasmediah.eu\/wp-content\/uploads\/2024\/02\/Erasmediah_logo_head-48x48.webp 48w\" sizes=\"(max-width: 500px) 100vw, 500px\" \/>\t\t\t\t\t\t\t\t\t\t\t\t\t\t\t<\/div>\n\t\t\t\t<\/div>\n\t\t\t\t<\/div>\n\t\t<div class=\"elementor-element elementor-element-5a2e699 e-con-full e-flex e-con e-child\" data-id=\"5a2e699\" data-element_type=\"container\" data-e-type=\"container\">\n\t\t\t\t<div class=\"elementor-element elementor-element-989167a elementor-widget elementor-widget-text-editor\" data-id=\"989167a\" data-element_type=\"widget\" data-e-type=\"widget\" data-widget_type=\"text-editor.default\">\n\t\t\t\t<div class=\"elementor-widget-container\">\n\t\t\t\t\t\t\t\t\t<p><\/p><p><\/p><p><\/p><p>A projekt c\u00e9ljai k\u00f6z\u00f6tt szerepel a fiatalok tudatoss\u00e1g\u00e1nak n\u00f6vel\u00e9se is a k\u00f6z\u00f6ss\u00e9gim\u00e9dia-haszn\u00e1lat vesz\u00e9lyeivel kapcsolatban. Az eszk\u00f6z\u00f6k \u00e9s tud\u00e1sanyagok seg\u00edts\u00e9g\u00e9vel a projekt olyan fiatal gener\u00e1ci\u00f3 kialak\u00edt\u00e1s\u00e1hoz k\u00edv\u00e1n hozz\u00e1j\u00e1rulni, amely felel\u0151s d\u00f6nt\u00e9seket hoz, \u00e9s magabiztosan, tudatosan navig\u00e1l a digit\u00e1lis k\u00f6rnyezetben.<\/p><p><\/p><p><\/p><p><\/p>\t\t\t\t\t\t\t\t<\/div>\n\t\t\t\t<\/div>\n\t\t\t\t<\/div>\n\t\t\t\t\t<\/div>\n\t\t\t\t<\/div>\n\t\t<div class=\"elementor-element elementor-element-9382785 e-flex e-con-boxed e-con e-parent\" data-id=\"9382785\" data-element_type=\"container\" data-e-type=\"container\">\n\t\t\t\t\t<div class=\"e-con-inner\">\n\t\t<div class=\"elementor-element elementor-element-f2e0f8a e-con-full e-flex e-con e-child\" data-id=\"f2e0f8a\" data-element_type=\"container\" data-e-type=\"container\">\n\t\t\t\t<div class=\"elementor-element elementor-element-63160a0 elementor-widget elementor-widget-image\" data-id=\"63160a0\" data-element_type=\"widget\" data-e-type=\"widget\" data-widget_type=\"image.default\">\n\t\t\t\t<div class=\"elementor-widget-container\">\n\t\t\t\t\t\t\t\t\t\t\t\t\t\t\t<img fetchpriority=\"high\" decoding=\"async\" width=\"500\" height=\"500\" src=\"https:\/\/erasmediah.eu\/wp-content\/uploads\/2024\/02\/Erasmediah_logo_head.webp\" class=\"attachment-large size-large wp-image-34\" alt=\"\" srcset=\"https:\/\/erasmediah.eu\/wp-content\/uploads\/2024\/02\/Erasmediah_logo_head.webp 500w, https:\/\/erasmediah.eu\/wp-content\/uploads\/2024\/02\/Erasmediah_logo_head-300x300.webp 300w, https:\/\/erasmediah.eu\/wp-content\/uploads\/2024\/02\/Erasmediah_logo_head-150x150.webp 150w, https:\/\/erasmediah.eu\/wp-content\/uploads\/2024\/02\/Erasmediah_logo_head-24x24.webp 24w, https:\/\/erasmediah.eu\/wp-content\/uploads\/2024\/02\/Erasmediah_logo_head-36x36.webp 36w, https:\/\/erasmediah.eu\/wp-content\/uploads\/2024\/02\/Erasmediah_logo_head-48x48.webp 48w\" sizes=\"(max-width: 500px) 100vw, 500px\" \/>\t\t\t\t\t\t\t\t\t\t\t\t\t\t\t<\/div>\n\t\t\t\t<\/div>\n\t\t\t\t<\/div>\n\t\t<div class=\"elementor-element elementor-element-f0953ac e-con-full e-flex e-con e-child\" data-id=\"f0953ac\" data-element_type=\"container\" data-e-type=\"container\">\n\t\t\t\t<div class=\"elementor-element elementor-element-7ad37ce elementor-widget elementor-widget-text-editor\" data-id=\"7ad37ce\" data-element_type=\"widget\" data-e-type=\"widget\" data-widget_type=\"text-editor.default\">\n\t\t\t\t<div class=\"elementor-widget-container\">\n\t\t\t\t\t\t\t\t\t<p><\/p><p><\/p><p><\/p><p>A projekt teh\u00e1t \u00e1tfog\u00f3 er\u0151fesz\u00edt\u00e9s, amely nemcsak az ifj\u00fas\u00e1gi szakemberek kapacit\u00e1sait er\u0151s\u00edti, de magukat a fiatalokat is felhatalmazza. C\u00e9lja, hogy ellen\u00e1ll\u00f3bb, t\u00e1j\u00e9kozottabb \u00e9s tudatosabb fiatal k\u00f6z\u00f6ss\u00e9get hozzon l\u00e9tre a folyamatosan v\u00e1ltoz\u00f3 online t\u00e9r kih\u00edv\u00e1saival szemben.<\/p><p><\/p><p><\/p><p><\/p>\t\t\t\t\t\t\t\t<\/div>\n\t\t\t\t<\/div>\n\t\t\t\t<\/div>\n\t\t\t\t\t<\/div>\n\t\t\t\t<\/div>\n\t\t<div class=\"elementor-element elementor-element-36a6054 e-flex e-con-boxed e-con e-parent\" data-id=\"36a6054\" data-element_type=\"container\" data-e-type=\"container\">\n\t\t\t\t\t<div class=\"e-con-inner\">\n\t\t\t\t<div class=\"elementor-element elementor-element-6fee932 elementor-widget elementor-widget-spacer\" data-id=\"6fee932\" data-element_type=\"widget\" data-e-type=\"widget\" data-widget_type=\"spacer.default\">\n\t\t\t\t<div class=\"elementor-widget-container\">\n\t\t\t\t\t\t\t<div class=\"elementor-spacer\">\n\t\t\t<div class=\"elementor-spacer-inner\"><\/div>\n\t\t<\/div>\n\t\t\t\t\t\t<\/div>\n\t\t\t\t<\/div>\n\t\t\t\t\t<\/div>\n\t\t\t\t<\/div>\n\t\t\t\t<\/div>\n\t\t","protected":false},"excerpt":{"rendered":"<p>The Erasmediah project aims to address the challenges arising from the widespread use of social media among young people. The focus is the empowerment of youth workers through specialised training and the provision of theoretical insights and practical tools. These resources are intended to strengthen the educational skills of youth workers, enabling them to navigate&hellip;&nbsp;<a href=\"https:\/\/erasmediah.eu\/hu\/objectives\/\" rel=\"bookmark\">Read More &raquo;<span class=\"screen-reader-text\">C\u00e9lkit\u0171z\u00e9sek<\/span><\/a><\/p>\n","protected":false},"author":1,"featured_media":0,"parent":0,"menu_order":0,"comment_status":"closed","ping_status":"closed","template":"","meta":{"neve_meta_sidebar":"","neve_meta_container":"","neve_meta_enable_content_width":"off","neve_meta_content_width":100,"neve_meta_title_alignment":"","neve_meta_author_avatar":"","neve_post_elements_order":"","neve_meta_disable_header":"","neve_meta_disable_footer":"","neve_meta_disable_title":"","footnotes":""},"class_list":["post-706","page","type-page","status-publish","hentry"],"_links":{"self":[{"href":"https:\/\/erasmediah.eu\/hu\/wp-json\/wp\/v2\/pages\/706","targetHints":{"allow":["GET"]}}],"collection":[{"href":"https:\/\/erasmediah.eu\/hu\/wp-json\/wp\/v2\/pages"}],"about":[{"href":"https:\/\/erasmediah.eu\/hu\/wp-json\/wp\/v2\/types\/page"}],"author":[{"embeddable":true,"href":"https:\/\/erasmediah.eu\/hu\/wp-json\/wp\/v2\/users\/1"}],"replies":[{"embeddable":true,"href":"https:\/\/erasmediah.eu\/hu\/wp-json\/wp\/v2\/comments?post=706"}],"version-history":[{"count":99,"href":"https:\/\/erasmediah.eu\/hu\/wp-json\/wp\/v2\/pages\/706\/revisions"}],"predecessor-version":[{"id":1346,"href":"https:\/\/erasmediah.eu\/hu\/wp-json\/wp\/v2\/pages\/706\/revisions\/1346"}],"wp:attachment":[{"href":"https:\/\/erasmediah.eu\/hu\/wp-json\/wp\/v2\/media?parent=706"}],"curies":[{"name":"wp","href":"https:\/\/api.w.org\/{rel}","templated":true}]}}