{"id":12,"date":"2024-02-26T08:43:21","date_gmt":"2024-02-26T08:43:21","guid":{"rendered":"https:\/\/erasmediah.eu\/?page_id=12"},"modified":"2026-01-14T18:15:22","modified_gmt":"2026-01-14T18:15:22","slug":"about-the-project","status":"publish","type":"page","link":"https:\/\/erasmediah.eu\/pl\/about-the-project\/","title":{"rendered":"O projekcie"},"content":{"rendered":"\t\t<div data-elementor-type=\"wp-page\" data-elementor-id=\"12\" class=\"elementor elementor-12\">\n\t\t\t\t<div class=\"elementor-element elementor-element-9d77aae e-flex e-con-boxed e-con e-parent\" data-id=\"9d77aae\" data-element_type=\"container\" data-e-type=\"container\">\n\t\t\t\t\t<div class=\"e-con-inner\">\n\t\t\t\t<div class=\"elementor-element elementor-element-c56432f elementor-widget elementor-widget-spacer\" data-id=\"c56432f\" data-element_type=\"widget\" data-e-type=\"widget\" data-widget_type=\"spacer.default\">\n\t\t\t\t<div class=\"elementor-widget-container\">\n\t\t\t\t\t\t\t<div class=\"elementor-spacer\">\n\t\t\t<div class=\"elementor-spacer-inner\"><\/div>\n\t\t<\/div>\n\t\t\t\t\t\t<\/div>\n\t\t\t\t<\/div>\n\t\t\t\t<div class=\"elementor-element elementor-element-8ceffb5 elementor-widget elementor-widget-image\" data-id=\"8ceffb5\" data-element_type=\"widget\" data-e-type=\"widget\" data-widget_type=\"image.default\">\n\t\t\t\t<div class=\"elementor-widget-container\">\n\t\t\t\t\t\t\t\t\t\t\t\t\t\t\t<img fetchpriority=\"high\" decoding=\"async\" width=\"500\" height=\"134\" src=\"https:\/\/erasmediah.eu\/wp-content\/uploads\/2024\/02\/Erasmediah_logo_rectangle.webp\" class=\"attachment-large size-large wp-image-37\" alt=\"\" srcset=\"https:\/\/erasmediah.eu\/wp-content\/uploads\/2024\/02\/Erasmediah_logo_rectangle.webp 500w, https:\/\/erasmediah.eu\/wp-content\/uploads\/2024\/02\/Erasmediah_logo_rectangle-300x80.webp 300w, https:\/\/erasmediah.eu\/wp-content\/uploads\/2024\/02\/Erasmediah_logo_rectangle-24x6.webp 24w, https:\/\/erasmediah.eu\/wp-content\/uploads\/2024\/02\/Erasmediah_logo_rectangle-36x10.webp 36w, https:\/\/erasmediah.eu\/wp-content\/uploads\/2024\/02\/Erasmediah_logo_rectangle-48x13.webp 48w\" sizes=\"(max-width: 500px) 100vw, 500px\" \/>\t\t\t\t\t\t\t\t\t\t\t\t\t\t\t<\/div>\n\t\t\t\t<\/div>\n\t\t\t\t<div class=\"elementor-element elementor-element-9cc57fd elementor-widget elementor-widget-text-editor\" data-id=\"9cc57fd\" data-element_type=\"widget\" data-e-type=\"widget\" data-widget_type=\"text-editor.default\">\n\t\t\t\t<div class=\"elementor-widget-container\">\n\t\t\t\t\t\t\t\t\t<p><\/p><p>Media spo\u0142eczno\u015bciowe i platformy internetowe ca\u0142kowicie opanowa\u0142y i przenikn\u0119\u0142y \u017cycie ka\u017cdej osoby, a zw\u0142aszcza nastolatk\u00f3w i m\u0142odych ludzi, nios\u0105c ze sob\u0105 zagro\u017cenia dla ich dobrego samopoczucia psychicznego, rozwoju normalnego i zdrowego \u017cycia spo\u0142ecznego i wsp\u00f3lnotowego oraz prywatno\u015bci. Ostatnie wywiady z m\u0142odymi lud\u017ami przeprowadzone w Grecji, W\u0142oszech, Hiszpanii, Niemczech, Belgii, Francji i innych krajach europejskich ujawni\u0142y wiele niepokoj\u0105cych zjawisk i problem\u00f3w: brak snu, apati\u0119 i poczucie od\u0142\u0105czenia od rzeczywisto\u015bci, gdy nie korzystaj\u0105 z aplikacji, oznaki depresji, nie wspominaj\u0105c ju\u017c o kwestiach bezpiecze\u0144stwa, takich jak n\u0119kanie w Internecie przez r\u00f3wie\u015bnik\u00f3w, grooming w sieci, mowa nienawi\u015bci lub poni\u017canie w mediach spo\u0142eczno\u015bciowych.<\/p><p>Punktem wyj\u015bcia projektu Erasmediah by\u0142o zebranie informacji przez organizacje partnerskie, ale przede wszystkim dyskusja mi\u0119dzy nimi, kt\u00f3ra nast\u0105pi\u0142a po bezpo\u015bredniej obserwacji przez ich specjalist\u00f3w i osoby pracuj\u0105ce z m\u0142odzie\u017c\u0105 problem\u00f3w, z jakimi borykaj\u0105 si\u0119 nastolatki korzystaj\u0105ce z medi\u00f3w spo\u0142eczno\u015bciowych. W zwi\u0105zku z niepokoj\u0105cymi wiadomo\u015bciami i informacjami zebranymi w 6 krajach partnerskich na temat skutk\u00f3w hiper\u0142\u0105czno\u015bci medi\u00f3w spo\u0142eczno\u015bciowych dla zdrowia psychicznego, d\u0142ugotrwa\u0142ego korzystania z gier wideo, udzia\u0142u w niebezpiecznych konkursach internetowych, cyberprzemocy oraz wynikaj\u0105cych z tego zagro\u017ce\u0144 i problem\u00f3w, konsorcjum wpad\u0142o na pomys\u0142 realizacji tego projektu.<\/p><p>Obserwuj\u0105c r\u00f3wnie\u017c, jak trudno jest osobom pracuj\u0105cym z m\u0142odzie\u017c\u0105 porusza\u0107 te tematy \u2013 nawet nieformalnie \u2013 ze swoimi grupami docelowymi, konsorcjum uzna\u0142o, \u017ce wa\u017cne jest podj\u0119cie dzia\u0142a\u0144 w kierunku szkolenia i podnoszenia kwalifikacji os\u00f3b pracuj\u0105cych z m\u0142odzie\u017c\u0105 i wychowawc\u00f3w, aby wzmocni\u0107 pozycj\u0119 przysz\u0142ych pokole\u0144 i pom\u00f3c im porusza\u0107 si\u0119 w \u015brodowisku sieci internetowych dzi\u0119ki lepszym narz\u0119dziom, wi\u0119kszej \u015bwiadomo\u015bci i krytycznemu podej\u015bciu.<\/p><p><\/p><p><\/p><p><\/p><p><\/p><p><\/p>\t\t\t\t\t\t\t\t<\/div>\n\t\t\t\t<\/div>\n\t\t\t\t<div class=\"elementor-element elementor-element-f9c0486 elementor-widget elementor-widget-spacer\" data-id=\"f9c0486\" data-element_type=\"widget\" data-e-type=\"widget\" data-widget_type=\"spacer.default\">\n\t\t\t\t<div class=\"elementor-widget-container\">\n\t\t\t\t\t\t\t<div class=\"elementor-spacer\">\n\t\t\t<div class=\"elementor-spacer-inner\"><\/div>\n\t\t<\/div>\n\t\t\t\t\t\t<\/div>\n\t\t\t\t<\/div>\n\t\t\t\t\t<\/div>\n\t\t\t\t<\/div>\n\t\t\t\t<\/div>\n\t\t","protected":false},"excerpt":{"rendered":"<p>Social Media and Online Networking Platforms have now completely invaded and permeated the life of every individual, and especially of teenagers and young people, with all the dangers this entails for their psychological well-being, for the development of a normal and healthy social and community life, and for their privacy. Recent interviews with young people&hellip;&nbsp;<a href=\"https:\/\/erasmediah.eu\/pl\/about-the-project\/\" rel=\"bookmark\">Dowiedz si\u0119 wi\u0119cej &raquo;<span class=\"screen-reader-text\">O projekcie<\/span><\/a><\/p>\n","protected":false},"author":1,"featured_media":0,"parent":0,"menu_order":0,"comment_status":"closed","ping_status":"closed","template":"","meta":{"neve_meta_sidebar":"","neve_meta_container":"","neve_meta_enable_content_width":"off","neve_meta_content_width":100,"neve_meta_title_alignment":"","neve_meta_author_avatar":"","neve_post_elements_order":"","neve_meta_disable_header":"","neve_meta_disable_footer":"","neve_meta_disable_title":"","footnotes":""},"class_list":["post-12","page","type-page","status-publish","hentry"],"_links":{"self":[{"href":"https:\/\/erasmediah.eu\/pl\/wp-json\/wp\/v2\/pages\/12","targetHints":{"allow":["GET"]}}],"collection":[{"href":"https:\/\/erasmediah.eu\/pl\/wp-json\/wp\/v2\/pages"}],"about":[{"href":"https:\/\/erasmediah.eu\/pl\/wp-json\/wp\/v2\/types\/page"}],"author":[{"embeddable":true,"href":"https:\/\/erasmediah.eu\/pl\/wp-json\/wp\/v2\/users\/1"}],"replies":[{"embeddable":true,"href":"https:\/\/erasmediah.eu\/pl\/wp-json\/wp\/v2\/comments?post=12"}],"version-history":[{"count":78,"href":"https:\/\/erasmediah.eu\/pl\/wp-json\/wp\/v2\/pages\/12\/revisions"}],"predecessor-version":[{"id":1342,"href":"https:\/\/erasmediah.eu\/pl\/wp-json\/wp\/v2\/pages\/12\/revisions\/1342"}],"wp:attachment":[{"href":"https:\/\/erasmediah.eu\/pl\/wp-json\/wp\/v2\/media?parent=12"}],"curies":[{"name":"wp","href":"https:\/\/api.w.org\/{rel}","templated":true}]}}