{"id":18,"date":"2024-02-26T08:44:39","date_gmt":"2024-02-26T08:44:39","guid":{"rendered":"https:\/\/erasmediah.eu\/?page_id=18"},"modified":"2026-01-16T11:50:56","modified_gmt":"2026-01-16T11:50:56","slug":"project-results","status":"publish","type":"page","link":"https:\/\/erasmediah.eu\/pl\/project-results\/","title":{"rendered":"Wyniki projektu"},"content":{"rendered":"\t\t<div data-elementor-type=\"wp-page\" data-elementor-id=\"18\" class=\"elementor elementor-18\">\n\t\t\t\t<div class=\"elementor-element elementor-element-4399a50 e-flex e-con-boxed e-con e-parent\" data-id=\"4399a50\" data-element_type=\"container\" data-e-type=\"container\">\n\t\t\t\t\t<div class=\"e-con-inner\">\n\t\t<div class=\"elementor-element elementor-element-5172380 e-grid e-con-full e-con e-child\" data-id=\"5172380\" data-element_type=\"container\" data-e-type=\"container\">\n\t\t<div class=\"elementor-element elementor-element-51c74af e-con-full e-flex e-con e-child\" data-id=\"51c74af\" data-element_type=\"container\" data-e-type=\"container\">\n\t\t\t\t<div class=\"elementor-element elementor-element-bb82fee elementor-view-default elementor-position-block-start elementor-mobile-position-block-start elementor-widget elementor-widget-icon-box\" data-id=\"bb82fee\" data-element_type=\"widget\" data-e-type=\"widget\" data-widget_type=\"icon-box.default\">\n\t\t\t\t<div class=\"elementor-widget-container\">\n\t\t\t\t\t\t\t<div class=\"elementor-icon-box-wrapper\">\n\n\t\t\t\t\t\t<div class=\"elementor-icon-box-icon\">\n\t\t\t\t<span  class=\"elementor-icon\">\n\t\t\t\t<svg aria-hidden=\"true\" class=\"e-font-icon-svg e-fas-file-alt\" viewBox=\"0 0 384 512\" xmlns=\"http:\/\/www.w3.org\/2000\/svg\"><path d=\"M224 136V0H24C10.7 0 0 10.7 0 24v464c0 13.3 10.7 24 24 24h336c13.3 0 24-10.7 24-24V160H248c-13.2 0-24-10.8-24-24zm64 236c0 6.6-5.4 12-12 12H108c-6.6 0-12-5.4-12-12v-8c0-6.6 5.4-12 12-12h168c6.6 0 12 5.4 12 12v8zm0-64c0 6.6-5.4 12-12 12H108c-6.6 0-12-5.4-12-12v-8c0-6.6 5.4-12 12-12h168c6.6 0 12 5.4 12 12v8zm0-72v8c0 6.6-5.4 12-12 12H108c-6.6 0-12-5.4-12-12v-8c0-6.6 5.4-12 12-12h168c6.6 0 12 5.4 12 12zm96-114.1v6.1H256V0h6.1c6.4 0 12.5 2.5 17 7l97.9 98c4.5 4.5 7 10.6 7 16.9z\"><\/path><\/svg>\t\t\t\t<\/span>\n\t\t\t<\/div>\n\t\t\t\n\t\t\t\t\t\t<div class=\"elementor-icon-box-content\">\n\n\t\t\t\t\t\t\t\t\t<h5 class=\"elementor-icon-box-title\">\n\t\t\t\t\t\t<span  >\n\t\t\t\t\t\t\tBadania nad hiper\u0142\u0105czno\u015bci\u0105 m\u0142odych ludzi<br \/>w mediach spo\u0142eczno\u015bciowyc\t\t\t\t\t\t<\/span>\n\t\t\t\t\t<\/h5>\n\t\t\t\t\n\t\t\t\t\n\t\t\t<\/div>\n\t\t\t\n\t\t<\/div>\n\t\t\t\t\t\t<\/div>\n\t\t\t\t<\/div>\n\t\t\t\t<div class=\"elementor-element elementor-element-0d3fa53 elementor-widget elementor-widget-text-editor\" data-id=\"0d3fa53\" data-element_type=\"widget\" data-e-type=\"widget\" data-widget_type=\"text-editor.default\">\n\t\t\t\t<div class=\"elementor-widget-container\">\n\t\t\t\t\t\t\t\t\t<p>Pierwszym rezultatem projektu Erasmediah b\u0119dzie kompleksowe, trzypoziomowe badanie dotycz\u0105ce hiper\u0142\u0105czno\u015bci m\u0142odzie\u017cy w mediach spo\u0142eczno\u015bciowych, zwi\u0105zanych z tym zagro\u017ce\u0144 oraz mo\u017cliwych sposob\u00f3w ich ograniczenia. W ramach realizacji tego projektu badawczego partnerzy przeprowadz\u0105:<br \/>\u2013 badania \u017ar\u00f3d\u0142owe dotycz\u0105ce og\u00f3lnej sytuacji w Europie w zakresie nadmiernej ekspozycji m\u0142odzie\u017cy w wieku 11\u201318 lat na media spo\u0142eczno\u015bciowe i platformy sieciowe. Obejm\u0105 one opisy i analizy \u015brodk\u00f3w podejmowanych przez rz\u0105dy europejskie w celu rozwi\u0105zania problem\u00f3w zwi\u0105zanych z hiper\u0142\u0105czno\u015bci\u0105 m\u0142odzie\u017cy w mediach spo\u0142eczno\u015bciowych.<br \/>\u2013 6 raport\u00f3w krajowych dotycz\u0105cych konkretnej sytuacji, problem\u00f3w i wyzwa\u0144, przed kt\u00f3rymi stoj\u0105 poszczeg\u00f3lne kraje partnerskie, oraz rzeczywistych i\/lub mo\u017cliwych sposob\u00f3w rozwi\u0105zania tych problem\u00f3w.<br \/>\u2013 6 r\u00f3\u017cnych kwestionariuszy krajowych opracowanych, zastosowanych w odniesieniu do odpowiedniej grupy zainteresowanych stron i przeanalizowanych przez partner\u00f3w.<\/p>\t\t\t\t\t\t\t\t<\/div>\n\t\t\t\t<\/div>\n\t\t\t\t<div class=\"elementor-element elementor-element-fb78c95 elementor-widget elementor-widget-heading\" data-id=\"fb78c95\" data-element_type=\"widget\" data-e-type=\"widget\" data-widget_type=\"heading.default\">\n\t\t\t\t<div class=\"elementor-widget-container\">\n\t\t\t\t\t<h5 class=\"elementor-heading-title elementor-size-default\">Raporty krajowe<\/h5>\t\t\t\t<\/div>\n\t\t\t\t<\/div>\n\t\t\t\t<div class=\"elementor-element elementor-element-175cb29 elementor-widget elementor-widget-text-editor\" data-id=\"175cb29\" data-element_type=\"widget\" data-e-type=\"widget\" data-widget_type=\"text-editor.default\">\n\t\t\t\t<div class=\"elementor-widget-container\">\n\t\t\t\t\t\t\t\t\t<ul>\n \t<li><a href=\"https:\/\/erasmediah.eu\/wp-content\/uploads\/2025\/09\/ERASMEDIAH_Questionnaires-Conclusions_GR.pdf\" target=\"_blank\" rel=\"noopener\">Grecja<\/a><\/li>\n \t<li><a href=\"https:\/\/erasmediah.eu\/wp-content\/uploads\/2025\/09\/ERASMEDIAH_Questionnaires-Conclusions_HU.pdf\" target=\"_blank\" rel=\"noopener\">W\u0119gry<\/a><\/li>\n \t<li><a href=\"https:\/\/erasmediah.eu\/wp-content\/uploads\/2025\/09\/ERASMEDIAH_Questionnaires-Conclusions_IT.pdf\" target=\"_blank\" rel=\"noopener\">W\u0142ochy<\/a><\/li>\n \t<li><a href=\"https:\/\/erasmediah.eu\/wp-content\/uploads\/2025\/09\/ERASMEDIAH_Questionnaires-Conclusions_PL.pdf\" target=\"_blank\" rel=\"noopener\">Polska<\/a><\/li>\n \t<li><a href=\"https:\/\/erasmediah.eu\/wp-content\/uploads\/2025\/09\/ERASMEDIAH_Questionnaires-Conclusions_SP.pdf\" target=\"_blank\" rel=\"noopener\">Hiszpania<\/a><\/li>\n \t<li><a href=\"https:\/\/erasmediah.eu\/wp-content\/uploads\/2025\/09\/ERASMEDIAH_Questionnaires-Conclusions_TR.pdf\" target=\"_blank\" rel=\"noopener\">Turcja<\/a><\/li>\n<\/ul>\t\t\t\t\t\t\t\t<\/div>\n\t\t\t\t<\/div>\n\t\t\t\t<div class=\"elementor-element elementor-element-8c0a47a elementor-widget elementor-widget-heading\" data-id=\"8c0a47a\" data-element_type=\"widget\" data-e-type=\"widget\" data-widget_type=\"heading.default\">\n\t\t\t\t<div class=\"elementor-widget-container\">\n\t\t\t\t\t<h5 class=\"elementor-heading-title elementor-size-default\">Rport \u0142\u0105czny<\/h5>\t\t\t\t<\/div>\n\t\t\t\t<\/div>\n\t\t\t\t<div class=\"elementor-element elementor-element-89eea38 elementor-align-center elementor-widget elementor-widget-button\" data-id=\"89eea38\" data-element_type=\"widget\" data-e-type=\"widget\" data-widget_type=\"button.default\">\n\t\t\t\t<div class=\"elementor-widget-container\">\n\t\t\t\t\t\t\t\t\t<div class=\"elementor-button-wrapper\">\n\t\t\t\t\t<a class=\"elementor-button elementor-button-link elementor-size-sm\" href=\"https:\/\/erasmediah.eu\/wp-content\/uploads\/2025\/09\/ERASMEDIAH_Consolidated-Report.pdf\" target=\"_blank\" rel=\"nofollow\">\n\t\t\t\t\t\t<span class=\"elementor-button-content-wrapper\">\n\t\t\t\t\t\t<span class=\"elementor-button-icon\">\n\t\t\t\t<svg aria-hidden=\"true\" class=\"e-font-icon-svg e-fas-cloud-download-alt\" viewBox=\"0 0 640 512\" xmlns=\"http:\/\/www.w3.org\/2000\/svg\"><path d=\"M537.6 226.6c4.1-10.7 6.4-22.4 6.4-34.6 0-53-43-96-96-96-19.7 0-38.1 6-53.3 16.2C367 64.2 315.3 32 256 32c-88.4 0-160 71.6-160 160 0 2.7.1 5.4.2 8.1C40.2 219.8 0 273.2 0 336c0 79.5 64.5 144 144 144h368c70.7 0 128-57.3 128-128 0-61.9-44-113.6-102.4-125.4zm-132.9 88.7L299.3 420.7c-6.2 6.2-16.4 6.2-22.6 0L171.3 315.3c-10.1-10.1-2.9-27.3 11.3-27.3H248V176c0-8.8 7.2-16 16-16h48c8.8 0 16 7.2 16 16v112h65.4c14.2 0 21.4 17.2 11.3 27.3z\"><\/path><\/svg>\t\t\t<\/span>\n\t\t\t\t\t\t\t\t\t<span class=\"elementor-button-text\">Pobierz<\/span>\n\t\t\t\t\t<\/span>\n\t\t\t\t\t<\/a>\n\t\t\t\t<\/div>\n\t\t\t\t\t\t\t\t<\/div>\n\t\t\t\t<\/div>\n\t\t\t\t<\/div>\n\t\t<div class=\"elementor-element elementor-element-39c1d93 e-con-full e-flex e-con e-child\" data-id=\"39c1d93\" data-element_type=\"container\" data-e-type=\"container\">\n\t\t\t\t<div class=\"elementor-element elementor-element-4ece1cc elementor-view-default elementor-position-block-start elementor-mobile-position-block-start elementor-widget elementor-widget-icon-box\" data-id=\"4ece1cc\" data-element_type=\"widget\" data-e-type=\"widget\" data-widget_type=\"icon-box.default\">\n\t\t\t\t<div class=\"elementor-widget-container\">\n\t\t\t\t\t\t\t<div class=\"elementor-icon-box-wrapper\">\n\n\t\t\t\t\t\t<div class=\"elementor-icon-box-icon\">\n\t\t\t\t<span  class=\"elementor-icon\">\n\t\t\t\t<svg aria-hidden=\"true\" class=\"e-font-icon-svg e-fas-graduation-cap\" viewBox=\"0 0 640 512\" xmlns=\"http:\/\/www.w3.org\/2000\/svg\"><path d=\"M622.34 153.2L343.4 67.5c-15.2-4.67-31.6-4.67-46.79 0L17.66 153.2c-23.54 7.23-23.54 38.36 0 45.59l48.63 14.94c-10.67 13.19-17.23 29.28-17.88 46.9C38.78 266.15 32 276.11 32 288c0 10.78 5.68 19.85 13.86 25.65L20.33 428.53C18.11 438.52 25.71 448 35.94 448h56.11c10.24 0 17.84-9.48 15.62-19.47L82.14 313.65C90.32 307.85 96 298.78 96 288c0-11.57-6.47-21.25-15.66-26.87.76-15.02 8.44-28.3 20.69-36.72L296.6 284.5c9.06 2.78 26.44 6.25 46.79 0l278.95-85.7c23.55-7.24 23.55-38.36 0-45.6zM352.79 315.09c-28.53 8.76-52.84 3.92-65.59 0l-145.02-44.55L128 384c0 35.35 85.96 64 192 64s192-28.65 192-64l-14.18-113.47-145.03 44.56z\"><\/path><\/svg>\t\t\t\t<\/span>\n\t\t\t<\/div>\n\t\t\t\n\t\t\t\t\t\t<div class=\"elementor-icon-box-content\">\n\n\t\t\t\t\t\t\t\t\t<h5 class=\"elementor-icon-box-title\">\n\t\t\t\t\t\t<span  >\n\t\t\t\t\t\t\tKurs szkoleniowy \u201eWzmocnienie edukacji w zakresie nadmiernej aktywno\u015bci m\u0142odzie\u017cy w mediach spo\u0142eczno\u015bciowych\u201d\t\t\t\t\t\t<\/span>\n\t\t\t\t\t<\/h5>\n\t\t\t\t\n\t\t\t\t\n\t\t\t<\/div>\n\t\t\t\n\t\t<\/div>\n\t\t\t\t\t\t<\/div>\n\t\t\t\t<\/div>\n\t\t\t\t<div class=\"elementor-element elementor-element-f52ae7e elementor-widget elementor-widget-text-editor\" data-id=\"f52ae7e\" data-element_type=\"widget\" data-e-type=\"widget\" data-widget_type=\"text-editor.default\">\n\t\t\t\t<div class=\"elementor-widget-container\">\n\t\t\t\t\t\t\t\t\t<p>Partnerzy projektu stworz\u0105 skuteczne narz\u0119dzie szkoleniowe i coachingowe dla os\u00f3b pracuj\u0105cych z m\u0142odzie\u017c\u0105 w wieku 11\u201318 lat, aby mog\u0142y one wzmocni\u0107 proces edukacyjny i poszerzy\u0107 wiedz\u0119 m\u0142odych beneficjent\u00f3w na temat zagro\u017ce\u0144 zwi\u0105zanych z nadmiern\u0105 ekspozycj\u0105 na media spo\u0142eczno\u015bciowe oraz pr\u00f3bowa\u0107 zapobiega\u0107 tym zagro\u017ceniom. Kurs b\u0119dzie sk\u0142ada\u0142 si\u0119 z oko\u0142o 7 modu\u0142\u00f3w cyfrowych, z kt\u00f3rych ka\u017cdy b\u0119dzie w spos\u00f3b kompleksowy i sp\u00f3jny porusza\u0142 jedn\u0105 z kwestii lub zagro\u017ce\u0144 wynikaj\u0105cych z nadmiernej ekspozycji lub hiper\u0142\u0105czno\u015bci m\u0142odych ludzi na media spo\u0142eczno\u015bciowe i platformy internetowe, a tak\u017ce dostarcza\u0142 rozwi\u0105zania i narz\u0119dzia do wzmocnienia edukacji w tych kwestiach, aby pom\u00f3c m\u0142odym ludziom radzi\u0107 sobie z nimi.<br \/>Wszystkie 7 modu\u0142\u00f3w b\u0119dzie po\u015bwi\u0119cone znaczeniu przepis\u00f3w i instrument\u00f3w dotycz\u0105cych ustawie\u0144 prywatno\u015bci. Orientacyjnie, tematy lub zagadnienia poruszane w siedmiu modu\u0142ach b\u0119d\u0105 nast\u0119puj\u0105ce:<br \/>\u2013 Negatywne skutki nadmiernej ekspozycji w mediach spo\u0142eczno\u015bciowych i uzale\u017cnienia od Internetu (IAD) w\u015br\u00f3d m\u0142odzie\u017cy;<br \/>\u2013 Gry online, gry spo\u0142eczno\u015bciowe, hazard i uzale\u017cnienie;<br \/>\u2013 Grooming w Internecie;<br \/>\u2013 Nadmierna ekspozycja na TikTok i zwi\u0105zane z tym zagro\u017cenia;<br \/>\u2013 Niebezpieczne wyzwania internetowe, fa\u0142szywe wyzwania;<br \/>\u2013 Cyberprzemoc, zawstydzanie wygl\u0105du fizycznego w Internecie, mowa nienawi\u015bci;<br \/>\u2013 fa\u0142szywe wiadomo\u015bci, phishing, bezpiecze\u0144stwo w Internecie.<br \/>Niekt\u00f3re z mo\u017cliwych strategii lub rozwi\u0105za\u0144, kt\u00f3re zostan\u0105 zaproponowane podczas szkolenia, wraz z narz\u0119dziami, kt\u00f3re mo\u017cna wdro\u017cy\u0107 bezpo\u015brednio z m\u0142odzie\u017c\u0105 podczas warsztat\u00f3w lub zaj\u0119\u0107 edukacyjnych, to edukacja w zakresie umiej\u0119tno\u015bci korzystania z medi\u00f3w; nauczanie uwa\u017cno\u015bci i samoregulacji; edukacja w zakresie hazardu; sprawdzanie rzeczywisto\u015bci; detoksykacja medi\u00f3w spo\u0142eczno\u015bciowych; promowanie zdrowszych, alternatywnych nawyk\u00f3w i zaj\u0119\u0107; budowanie spo\u0142eczno\u015bci; itp.<\/p>\t\t\t\t\t\t\t\t<\/div>\n\t\t\t\t<\/div>\n\t\t\t\t<div class=\"elementor-element elementor-element-9449e07 elementor-align-center elementor-widget elementor-widget-button\" data-id=\"9449e07\" data-element_type=\"widget\" data-e-type=\"widget\" data-widget_type=\"button.default\">\n\t\t\t\t<div class=\"elementor-widget-container\">\n\t\t\t\t\t\t\t\t\t<div class=\"elementor-button-wrapper\">\n\t\t\t\t\t<a class=\"elementor-button elementor-button-link elementor-size-sm\" href=\"\/training-course\">\n\t\t\t\t\t\t<span class=\"elementor-button-content-wrapper\">\n\t\t\t\t\t\t<span class=\"elementor-button-icon\">\n\t\t\t\t<svg aria-hidden=\"true\" class=\"e-font-icon-svg e-far-arrow-alt-circle-right\" viewBox=\"0 0 512 512\" xmlns=\"http:\/\/www.w3.org\/2000\/svg\"><path d=\"M504 256C504 119 393 8 256 8S8 119 8 256s111 248 248 248 248-111 248-248zm-448 0c0-110.5 89.5-200 200-200s200 89.5 200 200-89.5 200-200 200S56 366.5 56 256zm72 20v-40c0-6.6 5.4-12 12-12h116v-67c0-10.7 12.9-16 20.5-8.5l99 99c4.7 4.7 4.7 12.3 0 17l-99 99c-7.6 7.6-20.5 2.2-20.5-8.5v-67H140c-6.6 0-12-5.4-12-12z\"><\/path><\/svg>\t\t\t<\/span>\n\t\t\t\t\t\t\t\t\t<span class=\"elementor-button-text\">Otw\u00f3rz<\/span>\n\t\t\t\t\t<\/span>\n\t\t\t\t\t<\/a>\n\t\t\t\t<\/div>\n\t\t\t\t\t\t\t\t<\/div>\n\t\t\t\t<\/div>\n\t\t\t\t<\/div>\n\t\t\t\t<\/div>\n\t\t\t\t\t<\/div>\n\t\t\t\t<\/div>\n\t\t\t\t<\/div>\n\t\t","protected":false},"excerpt":{"rendered":"<p>Badania nad hiper\u0142\u0105czno\u015bci\u0105 m\u0142odych ludziw mediach spo\u0142eczno\u015bciowyc Pierwszym rezultatem projektu Erasmediah b\u0119dzie kompleksowe, trzypoziomowe badanie dotycz\u0105ce hiper\u0142\u0105czno\u015bci m\u0142odzie\u017cy w mediach spo\u0142eczno\u015bciowych, zwi\u0105zanych z tym zagro\u017ce\u0144 oraz mo\u017cliwych sposob\u00f3w ich ograniczenia. W ramach realizacji tego projektu badawczego partnerzy przeprowadz\u0105:\u2013 badania \u017ar\u00f3d\u0142owe dotycz\u0105ce og\u00f3lnej sytuacji w Europie w zakresie nadmiernej ekspozycji m\u0142odzie\u017cy w wieku 11\u201318 lat na&hellip;&nbsp;<a href=\"https:\/\/erasmediah.eu\/pl\/project-results\/\" rel=\"bookmark\">Dowiedz si\u0119 wi\u0119cej &raquo;<span class=\"screen-reader-text\">Wyniki projektu<\/span><\/a><\/p>\n","protected":false},"author":1,"featured_media":0,"parent":0,"menu_order":0,"comment_status":"closed","ping_status":"closed","template":"","meta":{"neve_meta_sidebar":"","neve_meta_container":"","neve_meta_enable_content_width":"off","neve_meta_content_width":100,"neve_meta_title_alignment":"","neve_meta_author_avatar":"","neve_post_elements_order":"","neve_meta_disable_header":"","neve_meta_disable_footer":"","neve_meta_disable_title":"","footnotes":""},"class_list":["post-18","page","type-page","status-publish","hentry"],"_links":{"self":[{"href":"https:\/\/erasmediah.eu\/pl\/wp-json\/wp\/v2\/pages\/18","targetHints":{"allow":["GET"]}}],"collection":[{"href":"https:\/\/erasmediah.eu\/pl\/wp-json\/wp\/v2\/pages"}],"about":[{"href":"https:\/\/erasmediah.eu\/pl\/wp-json\/wp\/v2\/types\/page"}],"author":[{"embeddable":true,"href":"https:\/\/erasmediah.eu\/pl\/wp-json\/wp\/v2\/users\/1"}],"replies":[{"embeddable":true,"href":"https:\/\/erasmediah.eu\/pl\/wp-json\/wp\/v2\/comments?post=18"}],"version-history":[{"count":125,"href":"https:\/\/erasmediah.eu\/pl\/wp-json\/wp\/v2\/pages\/18\/revisions"}],"predecessor-version":[{"id":1448,"href":"https:\/\/erasmediah.eu\/pl\/wp-json\/wp\/v2\/pages\/18\/revisions\/1448"}],"wp:attachment":[{"href":"https:\/\/erasmediah.eu\/pl\/wp-json\/wp\/v2\/media?parent=18"}],"curies":[{"name":"wp","href":"https:\/\/api.w.org\/{rel}","templated":true}]}}