{"id":706,"date":"2024-02-28T09:43:08","date_gmt":"2024-02-28T09:43:08","guid":{"rendered":"https:\/\/erasmediah.eu\/?page_id=706"},"modified":"2026-01-14T18:16:45","modified_gmt":"2026-01-14T18:16:45","slug":"objectives","status":"publish","type":"page","link":"https:\/\/erasmediah.eu\/pl\/objectives\/","title":{"rendered":"Cele"},"content":{"rendered":"\t\t<div data-elementor-type=\"wp-page\" data-elementor-id=\"706\" class=\"elementor elementor-706\">\n\t\t\t\t<div class=\"elementor-element elementor-element-696df12 e-flex e-con-boxed e-con e-parent\" data-id=\"696df12\" data-element_type=\"container\" data-e-type=\"container\">\n\t\t\t\t\t<div class=\"e-con-inner\">\n\t\t<div class=\"elementor-element elementor-element-add9c97 e-con-full e-flex e-con e-child\" data-id=\"add9c97\" data-element_type=\"container\" data-e-type=\"container\">\n\t\t\t\t<div class=\"elementor-element elementor-element-83c57c1 elementor-widget elementor-widget-image\" data-id=\"83c57c1\" data-element_type=\"widget\" data-e-type=\"widget\" data-widget_type=\"image.default\">\n\t\t\t\t<div class=\"elementor-widget-container\">\n\t\t\t\t\t\t\t\t\t\t\t\t\t\t\t<img fetchpriority=\"high\" decoding=\"async\" width=\"500\" height=\"500\" src=\"https:\/\/erasmediah.eu\/wp-content\/uploads\/2024\/02\/Erasmediah_logo_head.webp\" class=\"attachment-large size-large wp-image-34\" alt=\"\" srcset=\"https:\/\/erasmediah.eu\/wp-content\/uploads\/2024\/02\/Erasmediah_logo_head.webp 500w, https:\/\/erasmediah.eu\/wp-content\/uploads\/2024\/02\/Erasmediah_logo_head-300x300.webp 300w, https:\/\/erasmediah.eu\/wp-content\/uploads\/2024\/02\/Erasmediah_logo_head-150x150.webp 150w, https:\/\/erasmediah.eu\/wp-content\/uploads\/2024\/02\/Erasmediah_logo_head-24x24.webp 24w, https:\/\/erasmediah.eu\/wp-content\/uploads\/2024\/02\/Erasmediah_logo_head-36x36.webp 36w, https:\/\/erasmediah.eu\/wp-content\/uploads\/2024\/02\/Erasmediah_logo_head-48x48.webp 48w\" sizes=\"(max-width: 500px) 100vw, 500px\" \/>\t\t\t\t\t\t\t\t\t\t\t\t\t\t\t<\/div>\n\t\t\t\t<\/div>\n\t\t\t\t<\/div>\n\t\t<div class=\"elementor-element elementor-element-ea21485 e-con-full e-flex e-con e-child\" data-id=\"ea21485\" data-element_type=\"container\" data-e-type=\"container\">\n\t\t\t\t<div class=\"elementor-element elementor-element-b8ded3a elementor-widget elementor-widget-text-editor\" data-id=\"b8ded3a\" data-element_type=\"widget\" data-e-type=\"widget\" data-widget_type=\"text-editor.default\">\n\t\t\t\t<div class=\"elementor-widget-container\">\n\t\t\t\t\t\t\t\t\t<p><\/p><p>Projekt Erasmediah ma na celu sprostanie wyzwaniom wynikaj\u0105cym z powszechnego korzystania z medi\u00f3w spo\u0142eczno\u015bciowych przez m\u0142odych ludzi. Skupia si\u0119 on na wzmocnieniu pozycji os\u00f3b pracuj\u0105cych z m\u0142odzie\u017c\u0105 poprzez specjalistyczne szkolenia oraz dostarczanie wiedzy teoretycznej i praktycznych narz\u0119dzi. Zasoby te maj\u0105 na celu wzmocnienie umiej\u0119tno\u015bci edukacyjnych os\u00f3b pracuj\u0105cych z m\u0142odzie\u017c\u0105, umo\u017cliwiaj\u0105c im poruszanie si\u0119 po \u015bwiecie hiper\u0142\u0105czno\u015bci operuj\u0105cym na platformach medi\u00f3w spo\u0142eczno\u015bciowych i wywieranie na niego pozytywnego wp\u0142ywu.<\/p><p><\/p><p><\/p><p><\/p><p><\/p><p><\/p>\t\t\t\t\t\t\t\t<\/div>\n\t\t\t\t<\/div>\n\t\t\t\t<\/div>\n\t\t\t\t\t<\/div>\n\t\t\t\t<\/div>\n\t\t<div class=\"elementor-element elementor-element-72a60d5 e-flex e-con-boxed e-con e-parent\" data-id=\"72a60d5\" data-element_type=\"container\" data-e-type=\"container\">\n\t\t\t\t\t<div class=\"e-con-inner\">\n\t\t<div class=\"elementor-element elementor-element-5500117 e-con-full e-flex e-con e-child\" data-id=\"5500117\" data-element_type=\"container\" data-e-type=\"container\">\n\t\t\t\t<div class=\"elementor-element elementor-element-499856d elementor-widget elementor-widget-image\" data-id=\"499856d\" data-element_type=\"widget\" data-e-type=\"widget\" data-widget_type=\"image.default\">\n\t\t\t\t<div class=\"elementor-widget-container\">\n\t\t\t\t\t\t\t\t\t\t\t\t\t\t\t<img fetchpriority=\"high\" decoding=\"async\" width=\"500\" height=\"500\" src=\"https:\/\/erasmediah.eu\/wp-content\/uploads\/2024\/02\/Erasmediah_logo_head.webp\" class=\"attachment-large size-large wp-image-34\" alt=\"\" srcset=\"https:\/\/erasmediah.eu\/wp-content\/uploads\/2024\/02\/Erasmediah_logo_head.webp 500w, https:\/\/erasmediah.eu\/wp-content\/uploads\/2024\/02\/Erasmediah_logo_head-300x300.webp 300w, https:\/\/erasmediah.eu\/wp-content\/uploads\/2024\/02\/Erasmediah_logo_head-150x150.webp 150w, https:\/\/erasmediah.eu\/wp-content\/uploads\/2024\/02\/Erasmediah_logo_head-24x24.webp 24w, https:\/\/erasmediah.eu\/wp-content\/uploads\/2024\/02\/Erasmediah_logo_head-36x36.webp 36w, https:\/\/erasmediah.eu\/wp-content\/uploads\/2024\/02\/Erasmediah_logo_head-48x48.webp 48w\" sizes=\"(max-width: 500px) 100vw, 500px\" \/>\t\t\t\t\t\t\t\t\t\t\t\t\t\t\t<\/div>\n\t\t\t\t<\/div>\n\t\t\t\t<\/div>\n\t\t<div class=\"elementor-element elementor-element-711f2ed e-con-full e-flex e-con e-child\" data-id=\"711f2ed\" data-element_type=\"container\" data-e-type=\"container\">\n\t\t\t\t<div class=\"elementor-element elementor-element-00db522 elementor-widget elementor-widget-text-editor\" data-id=\"00db522\" data-element_type=\"widget\" data-e-type=\"widget\" data-widget_type=\"text-editor.default\">\n\t\t\t\t<div class=\"elementor-widget-container\">\n\t\t\t\t\t\t\t\t\t<p><\/p><p>Jednym z g\u0142\u00f3wnych cel\u00f3w projektu jest podniesienie umiej\u0119tno\u015bci i kompetencji os\u00f3b pracuj\u0105cych z m\u0142odzie\u017c\u0105 w zakresie radzenia sobie z problemami zwi\u0105zanymi z m\u0142odymi lud\u017ami otoczonymi mediami spo\u0142eczno\u015bciowymi. Celem jest umo\u017cliwienie tym specjalistom umiej\u0119tnego radzenia sobie z wyzwaniami i proaktywnego zapobiegania potencjalnym zagro\u017ceniom wynikaj\u0105cym z nadmiernej ekspozycji m\u0142odych ludzi na \u015bwiat cyfrowy.<\/p><p><\/p><p><\/p><p><\/p><p><\/p><p><\/p>\t\t\t\t\t\t\t\t<\/div>\n\t\t\t\t<\/div>\n\t\t\t\t<\/div>\n\t\t\t\t\t<\/div>\n\t\t\t\t<\/div>\n\t\t<div class=\"elementor-element elementor-element-76b2ae9 e-flex e-con-boxed e-con e-parent\" data-id=\"76b2ae9\" data-element_type=\"container\" data-e-type=\"container\">\n\t\t\t\t\t<div class=\"e-con-inner\">\n\t\t<div class=\"elementor-element elementor-element-567c83f e-con-full e-flex e-con e-child\" data-id=\"567c83f\" data-element_type=\"container\" data-e-type=\"container\">\n\t\t\t\t<div class=\"elementor-element elementor-element-c330cbc elementor-widget elementor-widget-image\" data-id=\"c330cbc\" data-element_type=\"widget\" data-e-type=\"widget\" data-widget_type=\"image.default\">\n\t\t\t\t<div class=\"elementor-widget-container\">\n\t\t\t\t\t\t\t\t\t\t\t\t\t\t\t<img fetchpriority=\"high\" decoding=\"async\" width=\"500\" height=\"500\" src=\"https:\/\/erasmediah.eu\/wp-content\/uploads\/2024\/02\/Erasmediah_logo_head.webp\" class=\"attachment-large size-large wp-image-34\" alt=\"\" srcset=\"https:\/\/erasmediah.eu\/wp-content\/uploads\/2024\/02\/Erasmediah_logo_head.webp 500w, https:\/\/erasmediah.eu\/wp-content\/uploads\/2024\/02\/Erasmediah_logo_head-300x300.webp 300w, https:\/\/erasmediah.eu\/wp-content\/uploads\/2024\/02\/Erasmediah_logo_head-150x150.webp 150w, https:\/\/erasmediah.eu\/wp-content\/uploads\/2024\/02\/Erasmediah_logo_head-24x24.webp 24w, https:\/\/erasmediah.eu\/wp-content\/uploads\/2024\/02\/Erasmediah_logo_head-36x36.webp 36w, https:\/\/erasmediah.eu\/wp-content\/uploads\/2024\/02\/Erasmediah_logo_head-48x48.webp 48w\" sizes=\"(max-width: 500px) 100vw, 500px\" \/>\t\t\t\t\t\t\t\t\t\t\t\t\t\t\t<\/div>\n\t\t\t\t<\/div>\n\t\t\t\t<\/div>\n\t\t<div class=\"elementor-element elementor-element-5a2e699 e-con-full e-flex e-con e-child\" data-id=\"5a2e699\" data-element_type=\"container\" data-e-type=\"container\">\n\t\t\t\t<div class=\"elementor-element elementor-element-989167a elementor-widget elementor-widget-text-editor\" data-id=\"989167a\" data-element_type=\"widget\" data-e-type=\"widget\" data-widget_type=\"text-editor.default\">\n\t\t\t\t<div class=\"elementor-widget-container\">\n\t\t\t\t\t\t\t\t\t<p><\/p><p>Ponadto, projekt ma na ceu pom\u00f3c m\u0142odym ludziom wyczuli\u0107 swoj\u0105 \u015bwiadomo\u015b\u0107 na zagro\u017cenia i problemy zwi\u0105zane z hiper\u0142\u0105czno\u015bci\u0105 medi\u00f3w spo\u0142eczno\u015bciowych. Dzi\u0119ki dostarczeniu im cennych narz\u0119dzi i wiedzy projekt ma na celu wychowanie pokolenia m\u0142odych ludzi zdolnych do podejmowania \u015bwiadomych decyzji i odpowiedzialnego poruszania si\u0119 po z\u0142o\u017conym \u015bwiecie cyfrowym.<\/p><p><\/p><p><\/p><p><\/p><p><\/p><p><\/p>\t\t\t\t\t\t\t\t<\/div>\n\t\t\t\t<\/div>\n\t\t\t\t<\/div>\n\t\t\t\t\t<\/div>\n\t\t\t\t<\/div>\n\t\t<div class=\"elementor-element elementor-element-9382785 e-flex e-con-boxed e-con e-parent\" data-id=\"9382785\" data-element_type=\"container\" data-e-type=\"container\">\n\t\t\t\t\t<div class=\"e-con-inner\">\n\t\t<div class=\"elementor-element elementor-element-f2e0f8a e-con-full e-flex e-con e-child\" data-id=\"f2e0f8a\" data-element_type=\"container\" data-e-type=\"container\">\n\t\t\t\t<div class=\"elementor-element elementor-element-63160a0 elementor-widget elementor-widget-image\" data-id=\"63160a0\" data-element_type=\"widget\" data-e-type=\"widget\" data-widget_type=\"image.default\">\n\t\t\t\t<div class=\"elementor-widget-container\">\n\t\t\t\t\t\t\t\t\t\t\t\t\t\t\t<img fetchpriority=\"high\" decoding=\"async\" width=\"500\" height=\"500\" src=\"https:\/\/erasmediah.eu\/wp-content\/uploads\/2024\/02\/Erasmediah_logo_head.webp\" class=\"attachment-large size-large wp-image-34\" alt=\"\" srcset=\"https:\/\/erasmediah.eu\/wp-content\/uploads\/2024\/02\/Erasmediah_logo_head.webp 500w, https:\/\/erasmediah.eu\/wp-content\/uploads\/2024\/02\/Erasmediah_logo_head-300x300.webp 300w, https:\/\/erasmediah.eu\/wp-content\/uploads\/2024\/02\/Erasmediah_logo_head-150x150.webp 150w, https:\/\/erasmediah.eu\/wp-content\/uploads\/2024\/02\/Erasmediah_logo_head-24x24.webp 24w, https:\/\/erasmediah.eu\/wp-content\/uploads\/2024\/02\/Erasmediah_logo_head-36x36.webp 36w, https:\/\/erasmediah.eu\/wp-content\/uploads\/2024\/02\/Erasmediah_logo_head-48x48.webp 48w\" sizes=\"(max-width: 500px) 100vw, 500px\" \/>\t\t\t\t\t\t\t\t\t\t\t\t\t\t\t<\/div>\n\t\t\t\t<\/div>\n\t\t\t\t<\/div>\n\t\t<div class=\"elementor-element elementor-element-f0953ac e-con-full e-flex e-con e-child\" data-id=\"f0953ac\" data-element_type=\"container\" data-e-type=\"container\">\n\t\t\t\t<div class=\"elementor-element elementor-element-7ad37ce elementor-widget elementor-widget-text-editor\" data-id=\"7ad37ce\" data-element_type=\"widget\" data-e-type=\"widget\" data-widget_type=\"text-editor.default\">\n\t\t\t\t<div class=\"elementor-widget-container\">\n\t\t\t\t\t\t\t\t\t<p><\/p><p>Projekt ten stanowi kompleksowe przedsi\u0119wzi\u0119cie maj\u0105ce na celu nie tylko wzmocnienie potencja\u0142u os\u00f3b pracuj\u0105cych z m\u0142odzie\u017c\u0105, ale tak\u017ce wzmocnienie pozycji samych m\u0142odych ludzi. Uwzgl\u0119dnia on z\u0142o\u017cone wzajemne powi\u0105zania mi\u0119dzy edukacj\u0105, technologi\u0105 i wyzwaniami spo\u0142ecznymi, d\u0105\u017c\u0105c do stworzenia bardziej odpornej i \u015bwiadomej m\u0142odzie\u017cy w obliczu nieustannie zmieniaj\u0105cego si\u0119 krajobrazu medi\u00f3w spo\u0142eczno\u015bciowych.<\/p><p><\/p><p><\/p><p><\/p><p><\/p><p><\/p>\t\t\t\t\t\t\t\t<\/div>\n\t\t\t\t<\/div>\n\t\t\t\t<\/div>\n\t\t\t\t\t<\/div>\n\t\t\t\t<\/div>\n\t\t<div class=\"elementor-element elementor-element-36a6054 e-flex e-con-boxed e-con e-parent\" data-id=\"36a6054\" data-element_type=\"container\" data-e-type=\"container\">\n\t\t\t\t\t<div class=\"e-con-inner\">\n\t\t\t\t<div class=\"elementor-element elementor-element-6fee932 elementor-widget elementor-widget-spacer\" data-id=\"6fee932\" data-element_type=\"widget\" data-e-type=\"widget\" data-widget_type=\"spacer.default\">\n\t\t\t\t<div class=\"elementor-widget-container\">\n\t\t\t\t\t\t\t<div class=\"elementor-spacer\">\n\t\t\t<div class=\"elementor-spacer-inner\"><\/div>\n\t\t<\/div>\n\t\t\t\t\t\t<\/div>\n\t\t\t\t<\/div>\n\t\t\t\t\t<\/div>\n\t\t\t\t<\/div>\n\t\t\t\t<\/div>\n\t\t","protected":false},"excerpt":{"rendered":"<p>The Erasmediah project aims to address the challenges arising from the widespread use of social media among young people. The focus is the empowerment of youth workers through specialised training and the provision of theoretical insights and practical tools. These resources are intended to strengthen the educational skills of youth workers, enabling them to navigate&hellip;&nbsp;<a href=\"https:\/\/erasmediah.eu\/pl\/objectives\/\" rel=\"bookmark\">Dowiedz si\u0119 wi\u0119cej &raquo;<span class=\"screen-reader-text\">Cele<\/span><\/a><\/p>\n","protected":false},"author":1,"featured_media":0,"parent":0,"menu_order":0,"comment_status":"closed","ping_status":"closed","template":"","meta":{"neve_meta_sidebar":"","neve_meta_container":"","neve_meta_enable_content_width":"off","neve_meta_content_width":100,"neve_meta_title_alignment":"","neve_meta_author_avatar":"","neve_post_elements_order":"","neve_meta_disable_header":"","neve_meta_disable_footer":"","neve_meta_disable_title":"","footnotes":""},"class_list":["post-706","page","type-page","status-publish","hentry"],"_links":{"self":[{"href":"https:\/\/erasmediah.eu\/pl\/wp-json\/wp\/v2\/pages\/706","targetHints":{"allow":["GET"]}}],"collection":[{"href":"https:\/\/erasmediah.eu\/pl\/wp-json\/wp\/v2\/pages"}],"about":[{"href":"https:\/\/erasmediah.eu\/pl\/wp-json\/wp\/v2\/types\/page"}],"author":[{"embeddable":true,"href":"https:\/\/erasmediah.eu\/pl\/wp-json\/wp\/v2\/users\/1"}],"replies":[{"embeddable":true,"href":"https:\/\/erasmediah.eu\/pl\/wp-json\/wp\/v2\/comments?post=706"}],"version-history":[{"count":99,"href":"https:\/\/erasmediah.eu\/pl\/wp-json\/wp\/v2\/pages\/706\/revisions"}],"predecessor-version":[{"id":1346,"href":"https:\/\/erasmediah.eu\/pl\/wp-json\/wp\/v2\/pages\/706\/revisions\/1346"}],"wp:attachment":[{"href":"https:\/\/erasmediah.eu\/pl\/wp-json\/wp\/v2\/media?parent=706"}],"curies":[{"name":"wp","href":"https:\/\/api.w.org\/{rel}","templated":true}]}}