{"id":10,"date":"2024-02-26T08:42:58","date_gmt":"2024-02-26T08:42:58","guid":{"rendered":"https:\/\/erasmediah.eu\/?page_id=10"},"modified":"2026-01-15T09:45:55","modified_gmt":"2026-01-15T09:45:55","slug":"home","status":"publish","type":"page","link":"https:\/\/erasmediah.eu\/tr\/","title":{"rendered":"Home"},"content":{"rendered":"\t\t<div data-elementor-type=\"wp-page\" data-elementor-id=\"10\" class=\"elementor elementor-10\">\n\t\t\t\t<div class=\"elementor-element elementor-element-cb28b23 e-flex e-con-boxed e-con e-parent\" data-id=\"cb28b23\" data-element_type=\"container\" data-e-type=\"container\" data-settings=\"{&quot;background_background&quot;:&quot;classic&quot;}\">\n\t\t\t\t\t<div class=\"e-con-inner\">\n\t\t\t\t<div class=\"elementor-element elementor-element-abe4900 elementor-widget elementor-widget-image\" data-id=\"abe4900\" data-element_type=\"widget\" data-e-type=\"widget\" data-widget_type=\"image.default\">\n\t\t\t\t<div class=\"elementor-widget-container\">\n\t\t\t\t\t\t\t\t\t\t\t\t\t\t\t<img fetchpriority=\"high\" decoding=\"async\" width=\"300\" height=\"300\" src=\"https:\/\/erasmediah.eu\/wp-content\/uploads\/2024\/02\/Erasmediah_logo_black-300x300.webp\" class=\"attachment-medium size-medium wp-image-33\" alt=\"\" srcset=\"https:\/\/erasmediah.eu\/wp-content\/uploads\/2024\/02\/Erasmediah_logo_black-300x300.webp 300w, https:\/\/erasmediah.eu\/wp-content\/uploads\/2024\/02\/Erasmediah_logo_black-150x150.webp 150w, https:\/\/erasmediah.eu\/wp-content\/uploads\/2024\/02\/Erasmediah_logo_black-24x24.webp 24w, https:\/\/erasmediah.eu\/wp-content\/uploads\/2024\/02\/Erasmediah_logo_black-36x36.webp 36w, https:\/\/erasmediah.eu\/wp-content\/uploads\/2024\/02\/Erasmediah_logo_black-48x48.webp 48w, https:\/\/erasmediah.eu\/wp-content\/uploads\/2024\/02\/Erasmediah_logo_black.webp 500w\" sizes=\"(max-width: 300px) 100vw, 300px\" \/>\t\t\t\t\t\t\t\t\t\t\t\t\t\t\t<\/div>\n\t\t\t\t<\/div>\n\t\t\t\t<div class=\"elementor-element elementor-element-a209102 elementor-widget elementor-widget-text-editor\" data-id=\"a209102\" data-element_type=\"widget\" data-e-type=\"widget\" data-widget_type=\"text-editor.default\">\n\t\t\t\t<div class=\"elementor-widget-container\">\n\t\t\t\t\t\t\t\t\t<p>Proje numaras\u0131: 2023-1-HU01-KA220-YOU-000161173<br \/>Proje s\u00fcresi: 03\/12\/2023 &#8211; 02\/12\/2025<\/p>\t\t\t\t\t\t\t\t<\/div>\n\t\t\t\t<\/div>\n\t\t\t\t\t<\/div>\n\t\t\t\t<\/div>\n\t\t<div class=\"elementor-element elementor-element-c9b9ce0 e-flex e-con-boxed e-con e-parent\" data-id=\"c9b9ce0\" data-element_type=\"container\" data-e-type=\"container\">\n\t\t\t\t\t<div class=\"e-con-inner\">\n\t\t<div class=\"elementor-element elementor-element-74a96fc e-con-full e-flex e-con e-child\" data-id=\"74a96fc\" data-element_type=\"container\" data-e-type=\"container\">\n\t\t\t\t<div class=\"elementor-element elementor-element-3128b45 elementor-widget elementor-widget-heading\" data-id=\"3128b45\" data-element_type=\"widget\" data-e-type=\"widget\" data-widget_type=\"heading.default\">\n\t\t\t\t<div class=\"elementor-widget-container\">\n\t\t\t\t\t<h2 class=\"elementor-heading-title elementor-size-default\"><a href=\"https:\/\/erasmediah.eu\/about-the-project\/\">Proje hakk\u0131nda<\/a><\/h2>\t\t\t\t<\/div>\n\t\t\t\t<\/div>\n\t\t\t\t<div class=\"elementor-element elementor-element-7ef9aae elementor-widget elementor-widget-text-editor\" data-id=\"7ef9aae\" data-element_type=\"widget\" data-e-type=\"widget\" data-widget_type=\"text-editor.default\">\n\t\t\t\t<div class=\"elementor-widget-container\">\n\t\t\t\t\t\t\t\t\t<p><\/p><p><\/p><p><\/p><p><\/p><p><\/p><p><\/p><p>Sosyal medya ve \u00e7evrimi\u00e7i a\u011f platformlar\u0131, g\u00fcn\u00fcm\u00fczde her bireyin ya\u015fam\u0131n\u0131 derinden etkileyen ve \u00f6zellikle gen\u00e7ler, gen\u00e7 yeti\u015fkinler i\u00e7in psikolojik iyilik hali, sosyal ve toplumsal geli\u015fim ile gizlilik gibi konular\u0131 i\u00e7eren bir dizi tehlike ile ili\u015fkilendirilen bir duruma gelmi\u015ftir. Son ara\u015ft\u0131rmalar, Yunanistan, \u0130talya, \u0130spanya, Almanya, Bel\u00e7ika, Fransa ve di\u011fer Avrupa \u00fclkelerinde gen\u00e7lerin kar\u015f\u0131la\u015ft\u0131\u011f\u0131 \u00e7e\u015fitli zorluklar\u0131 ve sorunlar\u0131 a\u00e7\u0131\u011fa \u00e7\u0131karm\u0131\u015ft\u0131r. Bu sorunlar aras\u0131nda uyku eksikli\u011fi, uyu\u015fukluk hissi ve uygulamalar\u0131 kullanmad\u0131klar\u0131nda ya\u015fad\u0131klar\u0131 kopukluk duygusu, depresyon belirtileri, arkada\u015flar aras\u0131nda internet zorbal\u0131\u011f\u0131, \u00e7evrimi\u00e7i taciz, nefret s\u00f6ylemi ve sosyal medyada utand\u0131rma gibi g\u00fcvenlik sorunlar\u0131 yer almaktad\u0131r&#8230; <strong><a href=\"https:\/\/erasmediah.eu\/about-the-project\/\">DEVAMINI OKU &gt;&gt;<\/a><\/strong><\/p>\t\t\t\t\t\t\t\t<\/div>\n\t\t\t\t<\/div>\n\t\t\t\t<\/div>\n\t\t<div class=\"elementor-element elementor-element-89d2137 e-con-full e-flex e-con e-child\" data-id=\"89d2137\" data-element_type=\"container\" data-e-type=\"container\" data-settings=\"{&quot;background_background&quot;:&quot;classic&quot;}\">\n\t\t\t\t<\/div>\n\t\t\t\t\t<\/div>\n\t\t\t\t<\/div>\n\t\t<div class=\"elementor-element elementor-element-dc0925f e-flex e-con-boxed e-con e-parent\" data-id=\"dc0925f\" data-element_type=\"container\" data-e-type=\"container\">\n\t\t\t\t\t<div class=\"e-con-inner\">\n\t\t\t\t<div class=\"elementor-element elementor-element-ab32b6d elementor-widget elementor-widget-spacer\" data-id=\"ab32b6d\" data-element_type=\"widget\" data-e-type=\"widget\" data-widget_type=\"spacer.default\">\n\t\t\t\t<div class=\"elementor-widget-container\">\n\t\t\t\t\t\t\t<div class=\"elementor-spacer\">\n\t\t\t<div class=\"elementor-spacer-inner\"><\/div>\n\t\t<\/div>\n\t\t\t\t\t\t<\/div>\n\t\t\t\t<\/div>\n\t\t\t\t\t<\/div>\n\t\t\t\t<\/div>\n\t\t\t\t<\/div>\n\t\t","protected":false},"excerpt":{"rendered":"<p>Proje numaras\u0131: 2023-1-HU01-KA220-YOU-000161173Proje s\u00fcresi: 03\/12\/2023 &#8211; 02\/12\/2025 Proje hakk\u0131nda Sosyal medya ve \u00e7evrimi\u00e7i a\u011f platformlar\u0131, g\u00fcn\u00fcm\u00fczde her bireyin ya\u015fam\u0131n\u0131 derinden etkileyen ve \u00f6zellikle gen\u00e7ler, gen\u00e7 yeti\u015fkinler i\u00e7in psikolojik iyilik hali, sosyal ve toplumsal geli\u015fim ile gizlilik gibi konular\u0131 i\u00e7eren bir dizi tehlike ile ili\u015fkilendirilen bir duruma gelmi\u015ftir. Son ara\u015ft\u0131rmalar, Yunanistan, \u0130talya, \u0130spanya, Almanya, Bel\u00e7ika, Fransa&hellip;&nbsp;<a href=\"https:\/\/erasmediah.eu\/tr\/\" rel=\"bookmark\">Daha fazlas\u0131n\u0131 oku &raquo;<span class=\"screen-reader-text\">Home<\/span><\/a><\/p>\n","protected":false},"author":1,"featured_media":0,"parent":0,"menu_order":0,"comment_status":"closed","ping_status":"closed","template":"page-templates\/template-pagebuilder-full-width.php","meta":{"neve_meta_sidebar":"","neve_meta_container":"","neve_meta_enable_content_width":"off","neve_meta_content_width":100,"neve_meta_title_alignment":"","neve_meta_author_avatar":"","neve_post_elements_order":"","neve_meta_disable_header":"","neve_meta_disable_footer":"","neve_meta_disable_title":"","footnotes":""},"class_list":["post-10","page","type-page","status-publish","hentry"],"_links":{"self":[{"href":"https:\/\/erasmediah.eu\/tr\/wp-json\/wp\/v2\/pages\/10","targetHints":{"allow":["GET"]}}],"collection":[{"href":"https:\/\/erasmediah.eu\/tr\/wp-json\/wp\/v2\/pages"}],"about":[{"href":"https:\/\/erasmediah.eu\/tr\/wp-json\/wp\/v2\/types\/page"}],"author":[{"embeddable":true,"href":"https:\/\/erasmediah.eu\/tr\/wp-json\/wp\/v2\/users\/1"}],"replies":[{"embeddable":true,"href":"https:\/\/erasmediah.eu\/tr\/wp-json\/wp\/v2\/comments?post=10"}],"version-history":[{"count":347,"href":"https:\/\/erasmediah.eu\/tr\/wp-json\/wp\/v2\/pages\/10\/revisions"}],"predecessor-version":[{"id":1360,"href":"https:\/\/erasmediah.eu\/tr\/wp-json\/wp\/v2\/pages\/10\/revisions\/1360"}],"wp:attachment":[{"href":"https:\/\/erasmediah.eu\/tr\/wp-json\/wp\/v2\/media?parent=10"}],"curies":[{"name":"wp","href":"https:\/\/api.w.org\/{rel}","templated":true}]}}