{"id":12,"date":"2024-02-26T08:43:21","date_gmt":"2024-02-26T08:43:21","guid":{"rendered":"https:\/\/erasmediah.eu\/?page_id=12"},"modified":"2026-01-14T18:15:22","modified_gmt":"2026-01-14T18:15:22","slug":"about-the-project","status":"publish","type":"page","link":"https:\/\/erasmediah.eu\/tr\/about-the-project\/","title":{"rendered":"Proje hakk\u0131nda"},"content":{"rendered":"\t\t<div data-elementor-type=\"wp-page\" data-elementor-id=\"12\" class=\"elementor elementor-12\">\n\t\t\t\t<div class=\"elementor-element elementor-element-9d77aae e-flex e-con-boxed e-con e-parent\" data-id=\"9d77aae\" data-element_type=\"container\" data-e-type=\"container\">\n\t\t\t\t\t<div class=\"e-con-inner\">\n\t\t\t\t<div class=\"elementor-element elementor-element-c56432f elementor-widget elementor-widget-spacer\" data-id=\"c56432f\" data-element_type=\"widget\" data-e-type=\"widget\" data-widget_type=\"spacer.default\">\n\t\t\t\t<div class=\"elementor-widget-container\">\n\t\t\t\t\t\t\t<div class=\"elementor-spacer\">\n\t\t\t<div class=\"elementor-spacer-inner\"><\/div>\n\t\t<\/div>\n\t\t\t\t\t\t<\/div>\n\t\t\t\t<\/div>\n\t\t\t\t<div class=\"elementor-element elementor-element-8ceffb5 elementor-widget elementor-widget-image\" data-id=\"8ceffb5\" data-element_type=\"widget\" data-e-type=\"widget\" data-widget_type=\"image.default\">\n\t\t\t\t<div class=\"elementor-widget-container\">\n\t\t\t\t\t\t\t\t\t\t\t\t\t\t\t<img fetchpriority=\"high\" decoding=\"async\" width=\"500\" height=\"134\" src=\"https:\/\/erasmediah.eu\/wp-content\/uploads\/2024\/02\/Erasmediah_logo_rectangle.webp\" class=\"attachment-large size-large wp-image-37\" alt=\"\" srcset=\"https:\/\/erasmediah.eu\/wp-content\/uploads\/2024\/02\/Erasmediah_logo_rectangle.webp 500w, https:\/\/erasmediah.eu\/wp-content\/uploads\/2024\/02\/Erasmediah_logo_rectangle-300x80.webp 300w, https:\/\/erasmediah.eu\/wp-content\/uploads\/2024\/02\/Erasmediah_logo_rectangle-24x6.webp 24w, https:\/\/erasmediah.eu\/wp-content\/uploads\/2024\/02\/Erasmediah_logo_rectangle-36x10.webp 36w, https:\/\/erasmediah.eu\/wp-content\/uploads\/2024\/02\/Erasmediah_logo_rectangle-48x13.webp 48w\" sizes=\"(max-width: 500px) 100vw, 500px\" \/>\t\t\t\t\t\t\t\t\t\t\t\t\t\t\t<\/div>\n\t\t\t\t<\/div>\n\t\t\t\t<div class=\"elementor-element elementor-element-9cc57fd elementor-widget elementor-widget-text-editor\" data-id=\"9cc57fd\" data-element_type=\"widget\" data-e-type=\"widget\" data-widget_type=\"text-editor.default\">\n\t\t\t\t<div class=\"elementor-widget-container\">\n\t\t\t\t\t\t\t\t\t<p><\/p><p><\/p><p><\/p><p><\/p><p><\/p><p><\/p><p>Sosyal medya ve \u00e7evrimi\u00e7i a\u011f platformlar\u0131, g\u00fcn\u00fcm\u00fczde her bireyin ya\u015fam\u0131n\u0131 derinden etkileyen ve \u00f6zellikle gen\u00e7ler, gen\u00e7 yeti\u015fkinler i\u00e7in psikolojik iyilik hali, sosyal ve toplumsal geli\u015fim ile gizlilik gibi konular\u0131 i\u00e7eren bir dizi tehlike ile ili\u015fkilendirilen bir duruma gelmi\u015ftir. Son ara\u015ft\u0131rmalar, Yunanistan, \u0130talya, \u0130spanya, Almanya, Bel\u00e7ika, Fransa ve di\u011fer Avrupa \u00fclkelerinde gen\u00e7lerin kar\u015f\u0131la\u015ft\u0131\u011f\u0131 \u00e7e\u015fitli zorluklar\u0131 ve sorunlar\u0131 a\u00e7\u0131\u011fa \u00e7\u0131karm\u0131\u015ft\u0131r. Bu sorunlar aras\u0131nda uyku eksikli\u011fi, uyu\u015fukluk hissi ve uygulamalar\u0131 kullanmad\u0131klar\u0131nda ya\u015fad\u0131klar\u0131 kopukluk duygusu, depresyon belirtileri, arkada\u015flar aras\u0131nda internet zorbal\u0131\u011f\u0131, \u00e7evrimi\u00e7i taciz, nefret s\u00f6ylemi ve sosyal medyada utand\u0131rma gibi g\u00fcvenlik sorunlar\u0131 yer almaktad\u0131r.<\/p><p>Sosyal medya ve \u00e7evrimi\u00e7i a\u011f platformlar\u0131, g\u00fcn\u00fcm\u00fczde her bireyin ya\u015fam\u0131n\u0131 derinden etkileyen ve \u00f6zellikle gen\u00e7ler, gen\u00e7 yeti\u015fkinler i\u00e7in psikolojik iyilik hali, sosyal ve toplumsal geli\u015fim ile gizlilik gibi konular\u0131 i\u00e7eren bir dizi tehlike ile ili\u015fkilendirilen bir duruma gelmi\u015ftir. Son ara\u015ft\u0131rmalar, Yunanistan, \u0130talya, \u0130spanya, Almanya, Bel\u00e7ika, Fransa ve di\u011fer Avrupa \u00fclkelerinde gen\u00e7lerin kar\u015f\u0131la\u015ft\u0131\u011f\u0131 \u00e7e\u015fitli zorluklar\u0131 ve sorunlar\u0131 a\u00e7\u0131\u011fa \u00e7\u0131karm\u0131\u015ft\u0131r. Bu sorunlar aras\u0131nda uyku eksikli\u011fi, uyu\u015fukluk hissi ve uygulamalar\u0131 kullanmad\u0131klar\u0131nda ya\u015fad\u0131klar\u0131 kopukluk duygusu, depresyon belirtileri, arkada\u015flar aras\u0131nda internet zorbal\u0131\u011f\u0131, \u00e7evrimi\u00e7i taciz, nefret s\u00f6ylemi ve sosyal medyada utand\u0131rma gibi g\u00fcvenlik sorunlar\u0131 yer almaktad\u0131r.<\/p><p>ERASMEDIAH projesinin temeli, ortak kurulu\u015flar taraf\u0131ndan toplanan bilgilerin yan\u0131 s\u0131ra gen\u00e7lerin sosyal medya kullan\u0131m\u0131 s\u0131ras\u0131nda kar\u015f\u0131la\u015ft\u0131\u011f\u0131 sorunlar \u00fczerine do\u011frudan g\u00f6zlemleyen profesyoneller ve gen\u00e7lik \u00e7al\u0131\u015fanlar\u0131 aras\u0131ndaki tart\u0131\u015fmalard\u0131r. 6 ortak \u00fclkede toplanan endi\u015fe verici haberler ve bilgiler, sosyal medya ba\u011f\u0131ml\u0131l\u0131\u011f\u0131, uzun s\u00fcreli video oyunu kullan\u0131m\u0131, tehlikeli \u00e7evrimi\u00e7i yar\u0131\u015fmalara kat\u0131l\u0131m, siber zorbal\u0131k gibi konularla ilgili olarak konsorsiyumun bu proje i\u00e7in fikir geli\u015ftirmesine yol a\u00e7m\u0131\u015ft\u0131r.<\/p><p>Ayr\u0131ca, gen\u00e7lik \u00e7al\u0131\u015fanlar\u0131n\u0131n bu konular\u0131 hedef kitleleriyle ele alman\u0131n ne kadar zor oldu\u011funu g\u00f6zlemledikten sonra, Konsorsiyum gen\u00e7lik \u00e7al\u0131\u015fanlar\u0131n\u0131n ve e\u011fitimcilerin e\u011fitim ve becerilerini art\u0131rarak gelecek nesillerin \u00e7evrimi\u00e7i a\u011f ortam\u0131nda daha iyi ara\u00e7lara, artan fark\u0131ndal\u0131\u011fa ve ele\u015ftirel tutuma sahip olmalar\u0131na destek olmay\u0131 odak noktas\u0131na alm\u0131\u015ft\u0131r.<\/p>\t\t\t\t\t\t\t\t<\/div>\n\t\t\t\t<\/div>\n\t\t\t\t<div class=\"elementor-element elementor-element-f9c0486 elementor-widget elementor-widget-spacer\" data-id=\"f9c0486\" data-element_type=\"widget\" data-e-type=\"widget\" data-widget_type=\"spacer.default\">\n\t\t\t\t<div class=\"elementor-widget-container\">\n\t\t\t\t\t\t\t<div class=\"elementor-spacer\">\n\t\t\t<div class=\"elementor-spacer-inner\"><\/div>\n\t\t<\/div>\n\t\t\t\t\t\t<\/div>\n\t\t\t\t<\/div>\n\t\t\t\t\t<\/div>\n\t\t\t\t<\/div>\n\t\t\t\t<\/div>\n\t\t","protected":false},"excerpt":{"rendered":"<p>Social Media and Online Networking Platforms have now completely invaded and permeated the life of every individual, and especially of teenagers and young people, with all the dangers this entails for their psychological well-being, for the development of a normal and healthy social and community life, and for their privacy. Recent interviews with young people&hellip;&nbsp;<a href=\"https:\/\/erasmediah.eu\/tr\/about-the-project\/\" rel=\"bookmark\">Daha fazlas\u0131n\u0131 oku &raquo;<span class=\"screen-reader-text\">Proje hakk\u0131nda<\/span><\/a><\/p>\n","protected":false},"author":1,"featured_media":0,"parent":0,"menu_order":0,"comment_status":"closed","ping_status":"closed","template":"","meta":{"neve_meta_sidebar":"","neve_meta_container":"","neve_meta_enable_content_width":"off","neve_meta_content_width":100,"neve_meta_title_alignment":"","neve_meta_author_avatar":"","neve_post_elements_order":"","neve_meta_disable_header":"","neve_meta_disable_footer":"","neve_meta_disable_title":"","footnotes":""},"class_list":["post-12","page","type-page","status-publish","hentry"],"_links":{"self":[{"href":"https:\/\/erasmediah.eu\/tr\/wp-json\/wp\/v2\/pages\/12","targetHints":{"allow":["GET"]}}],"collection":[{"href":"https:\/\/erasmediah.eu\/tr\/wp-json\/wp\/v2\/pages"}],"about":[{"href":"https:\/\/erasmediah.eu\/tr\/wp-json\/wp\/v2\/types\/page"}],"author":[{"embeddable":true,"href":"https:\/\/erasmediah.eu\/tr\/wp-json\/wp\/v2\/users\/1"}],"replies":[{"embeddable":true,"href":"https:\/\/erasmediah.eu\/tr\/wp-json\/wp\/v2\/comments?post=12"}],"version-history":[{"count":78,"href":"https:\/\/erasmediah.eu\/tr\/wp-json\/wp\/v2\/pages\/12\/revisions"}],"predecessor-version":[{"id":1342,"href":"https:\/\/erasmediah.eu\/tr\/wp-json\/wp\/v2\/pages\/12\/revisions\/1342"}],"wp:attachment":[{"href":"https:\/\/erasmediah.eu\/tr\/wp-json\/wp\/v2\/media?parent=12"}],"curies":[{"name":"wp","href":"https:\/\/api.w.org\/{rel}","templated":true}]}}