{"id":18,"date":"2024-02-26T08:44:39","date_gmt":"2024-02-26T08:44:39","guid":{"rendered":"https:\/\/erasmediah.eu\/?page_id=18"},"modified":"2026-01-16T11:50:56","modified_gmt":"2026-01-16T11:50:56","slug":"project-results","status":"publish","type":"page","link":"https:\/\/erasmediah.eu\/tr\/project-results\/","title":{"rendered":"Proje Sonu\u00e7lar\u0131"},"content":{"rendered":"\t\t<div data-elementor-type=\"wp-page\" data-elementor-id=\"18\" class=\"elementor elementor-18\">\n\t\t\t\t<div class=\"elementor-element elementor-element-4399a50 e-flex e-con-boxed e-con e-parent\" data-id=\"4399a50\" data-element_type=\"container\" data-e-type=\"container\">\n\t\t\t\t\t<div class=\"e-con-inner\">\n\t\t<div class=\"elementor-element elementor-element-5172380 e-grid e-con-full e-con e-child\" data-id=\"5172380\" data-element_type=\"container\" data-e-type=\"container\">\n\t\t<div class=\"elementor-element elementor-element-51c74af e-con-full e-flex e-con e-child\" data-id=\"51c74af\" data-element_type=\"container\" data-e-type=\"container\">\n\t\t\t\t<div class=\"elementor-element elementor-element-bb82fee elementor-view-default elementor-position-block-start elementor-mobile-position-block-start elementor-widget elementor-widget-icon-box\" data-id=\"bb82fee\" data-element_type=\"widget\" data-e-type=\"widget\" data-widget_type=\"icon-box.default\">\n\t\t\t\t<div class=\"elementor-widget-container\">\n\t\t\t\t\t\t\t<div class=\"elementor-icon-box-wrapper\">\n\n\t\t\t\t\t\t<div class=\"elementor-icon-box-icon\">\n\t\t\t\t<span  class=\"elementor-icon\">\n\t\t\t\t<svg aria-hidden=\"true\" class=\"e-font-icon-svg e-fas-file-alt\" viewBox=\"0 0 384 512\" xmlns=\"http:\/\/www.w3.org\/2000\/svg\"><path d=\"M224 136V0H24C10.7 0 0 10.7 0 24v464c0 13.3 10.7 24 24 24h336c13.3 0 24-10.7 24-24V160H248c-13.2 0-24-10.8-24-24zm64 236c0 6.6-5.4 12-12 12H108c-6.6 0-12-5.4-12-12v-8c0-6.6 5.4-12 12-12h168c6.6 0 12 5.4 12 12v8zm0-64c0 6.6-5.4 12-12 12H108c-6.6 0-12-5.4-12-12v-8c0-6.6 5.4-12 12-12h168c6.6 0 12 5.4 12 12v8zm0-72v8c0 6.6-5.4 12-12 12H108c-6.6 0-12-5.4-12-12v-8c0-6.6 5.4-12 12-12h168c6.6 0 12 5.4 12 12zm96-114.1v6.1H256V0h6.1c6.4 0 12.5 2.5 17 7l97.9 98c4.5 4.5 7 10.6 7 16.9z\"><\/path><\/svg>\t\t\t\t<\/span>\n\t\t\t<\/div>\n\t\t\t\n\t\t\t\t\t\t<div class=\"elementor-icon-box-content\">\n\n\t\t\t\t\t\t\t\t\t<h5 class=\"elementor-icon-box-title\">\n\t\t\t\t\t\t<span  >\n\t\t\t\t\t\t\tGen\u00e7lerin Sosyal Medya<br \/>A\u015f\u0131r\u0131 Ba\u011f\u0131ml\u0131l\u0131\u011f\u0131 Ara\u015ft\u0131rmas\u0131\t\t\t\t\t\t<\/span>\n\t\t\t\t\t<\/h5>\n\t\t\t\t\n\t\t\t\t\n\t\t\t<\/div>\n\t\t\t\n\t\t<\/div>\n\t\t\t\t\t\t<\/div>\n\t\t\t\t<\/div>\n\t\t\t\t<div class=\"elementor-element elementor-element-0d3fa53 elementor-widget elementor-widget-text-editor\" data-id=\"0d3fa53\" data-element_type=\"widget\" data-e-type=\"widget\" data-widget_type=\"text-editor.default\">\n\t\t\t\t<div class=\"elementor-widget-container\">\n\t\t\t\t\t\t\t\t\t<p>Erasmediah projesinin ilk \u00e7\u0131kt\u0131s\u0131, gen\u00e7lerin sosyal medya hiperba\u011fl\u0131l\u0131\u011f\u0131na ili\u015fkin riskleri ve bu riskleri azaltmaya y\u00f6nelik olas\u0131 \u00e7\u00f6z\u00fcm yollar\u0131n\u0131 inceleyen \u00fc\u00e7 a\u015famal\u0131 kapsaml\u0131 bir Ara\u015ft\u0131rma ve \u0130nceleme \u00c7al\u0131\u015fmas\u0131 olacakt\u0131r. Bu ara\u015ft\u0131rman\u0131n y\u00fcr\u00fct\u00fclmesi kapsam\u0131nda proje ortaklar\u0131 a\u015fa\u011f\u0131daki faaliyetleri ger\u00e7ekle\u015ftirecektir:<\/p><p>Masa Ba\u015f\u0131 Ara\u015ft\u0131rmas\u0131:<br \/>11\u201318 ya\u015f aras\u0131 gen\u00e7lerin sosyal medya ve \u00e7evrimi\u00e7i a\u011f platformlar\u0131na a\u015f\u0131r\u0131 maruziyetine ili\u015fkin genel ve Avrupa d\u00fczeyindeki durumu analiz edecektir. Bu \u00e7al\u0131\u015fma; Avrupa \u00fclkelerinde gen\u00e7ler aras\u0131nda artan sosyal medya hiperba\u011fl\u0131l\u0131\u011f\u0131na y\u00f6nelik h\u00fck\u00fcmetler taraf\u0131ndan al\u0131nan \u00f6nlemlerin tan\u0131mlanmas\u0131n\u0131 ve de\u011ferlendirilmesini i\u00e7erecektir.<\/p><p>6 Ulusal Rapor:<br \/>Her ortak \u00fclkenin gen\u00e7lerde sosyal medya hiperba\u011fl\u0131l\u0131\u011f\u0131na ili\u015fkin mevcut durumu, kar\u015f\u0131la\u015f\u0131lan sorunlar, ulusal d\u00fczeydeki zorluklar ile bu sorunlar\u0131n \u00e7\u00f6z\u00fcm\u00fcne y\u00f6nelik mevcut ve\/veya olas\u0131 yakla\u015f\u0131mlar\u0131 ortaya koyan alt\u0131 ayr\u0131 ulusal rapor haz\u0131rlanacakt\u0131r.<\/p><p>6 Ulusal Anket:<br \/>Her ortak \u00fclke taraf\u0131ndan ilgili payda\u015f gruplar\u0131na uygulanmak \u00fczere alt\u0131 farkl\u0131 ulusal anket geli\u015ftirilecek, uygulanacak ve sonu\u00e7lar\u0131 ortaklar taraf\u0131ndan analiz edilecektir.<\/p>\t\t\t\t\t\t\t\t<\/div>\n\t\t\t\t<\/div>\n\t\t\t\t<div class=\"elementor-element elementor-element-fb78c95 elementor-widget elementor-widget-heading\" data-id=\"fb78c95\" data-element_type=\"widget\" data-e-type=\"widget\" data-widget_type=\"heading.default\">\n\t\t\t\t<div class=\"elementor-widget-container\">\n\t\t\t\t\t<h5 class=\"elementor-heading-title elementor-size-default\">\u00dclke raporlar\u0131<\/h5>\t\t\t\t<\/div>\n\t\t\t\t<\/div>\n\t\t\t\t<div class=\"elementor-element elementor-element-175cb29 elementor-widget elementor-widget-text-editor\" data-id=\"175cb29\" data-element_type=\"widget\" data-e-type=\"widget\" data-widget_type=\"text-editor.default\">\n\t\t\t\t<div class=\"elementor-widget-container\">\n\t\t\t\t\t\t\t\t\t<ul>\n \t<li><a href=\"https:\/\/erasmediah.eu\/wp-content\/uploads\/2025\/09\/ERASMEDIAH_Questionnaires-Conclusions_GR.pdf\" target=\"_blank\" rel=\"noopener\">Yunanistan<\/a><\/li>\n \t<li><a href=\"https:\/\/erasmediah.eu\/wp-content\/uploads\/2025\/09\/ERASMEDIAH_Questionnaires-Conclusions_HU.pdf\" target=\"_blank\" rel=\"noopener\">Macaristan<\/a><\/li>\n \t<li><a href=\"https:\/\/erasmediah.eu\/wp-content\/uploads\/2025\/09\/ERASMEDIAH_Questionnaires-Conclusions_IT.pdf\" target=\"_blank\" rel=\"noopener\">\u0130talya<\/a><\/li>\n \t<li><a href=\"https:\/\/erasmediah.eu\/wp-content\/uploads\/2025\/09\/ERASMEDIAH_Questionnaires-Conclusions_PL.pdf\" target=\"_blank\" rel=\"noopener\">Polonya<\/a><\/li>\n \t<li><a href=\"https:\/\/erasmediah.eu\/wp-content\/uploads\/2025\/09\/ERASMEDIAH_Questionnaires-Conclusions_SP.pdf\" target=\"_blank\" rel=\"noopener\">\u0130spanya<\/a><\/li>\n \t<li><a href=\"https:\/\/erasmediah.eu\/wp-content\/uploads\/2025\/09\/ERASMEDIAH_Questionnaires-Conclusions_TR.pdf\" target=\"_blank\" rel=\"noopener\">T\u00fcrkiye<\/a><\/li>\n<\/ul>\t\t\t\t\t\t\t\t<\/div>\n\t\t\t\t<\/div>\n\t\t\t\t<div class=\"elementor-element elementor-element-8c0a47a elementor-widget elementor-widget-heading\" data-id=\"8c0a47a\" data-element_type=\"widget\" data-e-type=\"widget\" data-widget_type=\"heading.default\">\n\t\t\t\t<div class=\"elementor-widget-container\">\n\t\t\t\t\t<h5 class=\"elementor-heading-title elementor-size-default\">Birle\u015ftirilmi\u015f rapor<\/h5>\t\t\t\t<\/div>\n\t\t\t\t<\/div>\n\t\t\t\t<div class=\"elementor-element elementor-element-89eea38 elementor-align-center elementor-widget elementor-widget-button\" data-id=\"89eea38\" data-element_type=\"widget\" data-e-type=\"widget\" data-widget_type=\"button.default\">\n\t\t\t\t<div class=\"elementor-widget-container\">\n\t\t\t\t\t\t\t\t\t<div class=\"elementor-button-wrapper\">\n\t\t\t\t\t<a class=\"elementor-button elementor-button-link elementor-size-sm\" href=\"https:\/\/erasmediah.eu\/wp-content\/uploads\/2025\/09\/ERASMEDIAH_Consolidated-Report.pdf\" target=\"_blank\" rel=\"nofollow\">\n\t\t\t\t\t\t<span class=\"elementor-button-content-wrapper\">\n\t\t\t\t\t\t<span class=\"elementor-button-icon\">\n\t\t\t\t<svg aria-hidden=\"true\" class=\"e-font-icon-svg e-fas-cloud-download-alt\" viewBox=\"0 0 640 512\" xmlns=\"http:\/\/www.w3.org\/2000\/svg\"><path d=\"M537.6 226.6c4.1-10.7 6.4-22.4 6.4-34.6 0-53-43-96-96-96-19.7 0-38.1 6-53.3 16.2C367 64.2 315.3 32 256 32c-88.4 0-160 71.6-160 160 0 2.7.1 5.4.2 8.1C40.2 219.8 0 273.2 0 336c0 79.5 64.5 144 144 144h368c70.7 0 128-57.3 128-128 0-61.9-44-113.6-102.4-125.4zm-132.9 88.7L299.3 420.7c-6.2 6.2-16.4 6.2-22.6 0L171.3 315.3c-10.1-10.1-2.9-27.3 11.3-27.3H248V176c0-8.8 7.2-16 16-16h48c8.8 0 16 7.2 16 16v112h65.4c14.2 0 21.4 17.2 11.3 27.3z\"><\/path><\/svg>\t\t\t<\/span>\n\t\t\t\t\t\t\t\t\t<span class=\"elementor-button-text\">\u0130ndir<\/span>\n\t\t\t\t\t<\/span>\n\t\t\t\t\t<\/a>\n\t\t\t\t<\/div>\n\t\t\t\t\t\t\t\t<\/div>\n\t\t\t\t<\/div>\n\t\t\t\t<\/div>\n\t\t<div class=\"elementor-element elementor-element-39c1d93 e-con-full e-flex e-con e-child\" data-id=\"39c1d93\" data-element_type=\"container\" data-e-type=\"container\">\n\t\t\t\t<div class=\"elementor-element elementor-element-4ece1cc elementor-view-default elementor-position-block-start elementor-mobile-position-block-start elementor-widget elementor-widget-icon-box\" data-id=\"4ece1cc\" data-element_type=\"widget\" data-e-type=\"widget\" data-widget_type=\"icon-box.default\">\n\t\t\t\t<div class=\"elementor-widget-container\">\n\t\t\t\t\t\t\t<div class=\"elementor-icon-box-wrapper\">\n\n\t\t\t\t\t\t<div class=\"elementor-icon-box-icon\">\n\t\t\t\t<span  class=\"elementor-icon\">\n\t\t\t\t<svg aria-hidden=\"true\" class=\"e-font-icon-svg e-fas-graduation-cap\" viewBox=\"0 0 640 512\" xmlns=\"http:\/\/www.w3.org\/2000\/svg\"><path d=\"M622.34 153.2L343.4 67.5c-15.2-4.67-31.6-4.67-46.79 0L17.66 153.2c-23.54 7.23-23.54 38.36 0 45.59l48.63 14.94c-10.67 13.19-17.23 29.28-17.88 46.9C38.78 266.15 32 276.11 32 288c0 10.78 5.68 19.85 13.86 25.65L20.33 428.53C18.11 438.52 25.71 448 35.94 448h56.11c10.24 0 17.84-9.48 15.62-19.47L82.14 313.65C90.32 307.85 96 298.78 96 288c0-11.57-6.47-21.25-15.66-26.87.76-15.02 8.44-28.3 20.69-36.72L296.6 284.5c9.06 2.78 26.44 6.25 46.79 0l278.95-85.7c23.55-7.24 23.55-38.36 0-45.6zM352.79 315.09c-28.53 8.76-52.84 3.92-65.59 0l-145.02-44.55L128 384c0 35.35 85.96 64 192 64s192-28.65 192-64l-14.18-113.47-145.03 44.56z\"><\/path><\/svg>\t\t\t\t<\/span>\n\t\t\t<\/div>\n\t\t\t\n\t\t\t\t\t\t<div class=\"elementor-icon-box-content\">\n\n\t\t\t\t\t\t\t\t\t<h5 class=\"elementor-icon-box-title\">\n\t\t\t\t\t\t<span  >\n\t\t\t\t\t\t\t\"Gen\u00e7lerin Sosyal Medya A\u015f\u0131r\u0131 Ba\u011f\u0131ml\u0131l\u0131\u011f\u0131na  Kar\u015f\u0131 E\u011fitimsel G\u00fc\u00e7lendirme\" E\u011fitim Kursu\t\t\t\t\t\t<\/span>\n\t\t\t\t\t<\/h5>\n\t\t\t\t\n\t\t\t\t\n\t\t\t<\/div>\n\t\t\t\n\t\t<\/div>\n\t\t\t\t\t\t<\/div>\n\t\t\t\t<\/div>\n\t\t\t\t<div class=\"elementor-element elementor-element-f52ae7e elementor-widget elementor-widget-text-editor\" data-id=\"f52ae7e\" data-element_type=\"widget\" data-e-type=\"widget\" data-widget_type=\"text-editor.default\">\n\t\t\t\t<div class=\"elementor-widget-container\">\n\t\t\t\t\t\t\t\t\t<p>Proje ortaklar\u0131, 11\u201318 ya\u015f aras\u0131 gen\u00e7lerle \u00e7al\u0131\u015fan gen\u00e7lik \u00e7al\u0131\u015fanlar\u0131\/e\u011fitmenler\/fasilitat\u00f6rler i\u00e7in etkili bir e\u011fitim ve ko\u00e7luk arac\u0131 geli\u015ftirecektir. Bu ara\u00e7, gen\u00e7lik \u00e7al\u0131\u015fanlar\u0131n\u0131n gen\u00e7 yararlan\u0131c\u0131lar\u0131n\u0131n sosyal medyaya a\u015f\u0131r\u0131 maruziyetin tehlikeleri konusunda bilgilerini g\u00fc\u00e7lendirmelerine ve bu riskleri \u00f6nlemeye y\u00f6nelik e\u011fitimsel destek sa\u011flamalar\u0131na yard\u0131mc\u0131 olacakt\u0131r. Haz\u0131rlanacak e\u011fitim program\u0131, yakla\u015f\u0131k 7 Dijital Mod\u00fclden olu\u015facakt\u0131r. Her mod\u00fcl, gen\u00e7lerin sosyal medya ve \u00e7evrimi\u00e7i a\u011f platformlar\u0131na a\u015f\u0131r\u0131 maruziyeti veya hiperba\u011fl\u0131l\u0131\u011f\u0131ndan kaynaklanan belirli bir sorun ya da risk alan\u0131n\u0131 kapsaml\u0131 ve tutarl\u0131 bir \u015fekilde ele alacakt\u0131r. Ayn\u0131 zamanda, bu konularda e\u011fitimsel g\u00fc\u00e7lendirmeyi destekleyecek \u00e7\u00f6z\u00fcm \u00f6nerileri ve uygulama ara\u00e7lar\u0131 sunarak gen\u00e7lerin bu risklerle daha sa\u011fl\u0131kl\u0131 bir \u015fekilde ba\u015fa \u00e7\u0131kmalar\u0131na destek olmay\u0131 ama\u00e7layacakt\u0131r.<\/p><p>7 mod\u00fcl, yatay bir tema olarak gizlilik ayarlar\u0131, mahremiyet d\u00fczenlemeleri ve ilgili ara\u00e7lar\u0131n \u00f6nemine odaklanacakt\u0131r. Mod\u00fcllerde ele al\u0131nacak konu ba\u015fl\u0131klar\u0131 \u00f6rnek olarak \u015fu \u015fekildedir:<br \/>&#8211; Gen\u00e7lerde sosyal medyaya a\u015f\u0131r\u0131 maruziyetin olumsuz etkileri ve \u0130nternet Ba\u011f\u0131ml\u0131l\u0131\u011f\u0131 Bozuklu\u011fu (IAD)<br \/>&#8211; \u00c7evrim i\u00e7i oyunlar, sosyal oyunlar, kumar ve ba\u011f\u0131ml\u0131l\u0131k,<br \/>&#8211; \u00c7evrim i\u00e7i istismar ama\u00e7l\u0131 yakla\u015fma<br \/>&#8211; TikTok\u2019a a\u015f\u0131r\u0131 maruz kalma ve do\u011furdu\u011fu riskler<br \/>&#8211; Tehlikeli \u00e7evrim i\u00e7i ak\u0131mlar, sahte meydan okumalar<br \/>&#8211; Siber zorbal\u0131k, \u00e7evrim i\u00e7i beden utand\u0131rma, nefret s\u00f6ylemi<br \/>&#8211; Sahte haberler, internet g\u00fcvenli\u011fi<br \/>E\u011fitim program\u0131nda gen\u00e7lerle at\u00f6lye veya e\u011fitim \u00e7al\u0131\u015fmalar\u0131 s\u0131ras\u0131nda do\u011frudan uygulanabilecek baz\u0131 olas\u0131 \u00e7\u00f6z\u00fcm \u00f6nerileri ve e\u011fitim stratejileri ise \u015funlar\u0131 i\u00e7erecektir:<br \/>&#8211; Medya Okuryazarl\u0131\u011f\u0131 E\u011fitimi<br \/>&#8211; Bilin\u00e7li fark\u0131ndal\u0131k ve \u00f6z-d\u00fczenleme becerilerinin \u00f6\u011fretilmesi<br \/>&#8211; Kumar fark\u0131ndal\u0131\u011f\u0131<br \/>&#8211; Ger\u00e7eklik kontrol\u00fc<br \/>&#8211; Sosyal Medya Detoksu<br \/>&#8211; Daha sa\u011fl\u0131kl\u0131 ve alternatif al\u0131\u015fkanl\u0131klar\u0131n te\u015fvik edilmesi<br \/>&#8211; Topluluk olu\u015fturma \u00e7al\u0131\u015fmalar\u0131n\u0131n desteklenmesi<br \/><\/p>\t\t\t\t\t\t\t\t<\/div>\n\t\t\t\t<\/div>\n\t\t\t\t<div class=\"elementor-element elementor-element-9449e07 elementor-align-center elementor-widget elementor-widget-button\" data-id=\"9449e07\" data-element_type=\"widget\" data-e-type=\"widget\" data-widget_type=\"button.default\">\n\t\t\t\t<div class=\"elementor-widget-container\">\n\t\t\t\t\t\t\t\t\t<div class=\"elementor-button-wrapper\">\n\t\t\t\t\t<a class=\"elementor-button elementor-button-link elementor-size-sm\" href=\"\/training-course\">\n\t\t\t\t\t\t<span class=\"elementor-button-content-wrapper\">\n\t\t\t\t\t\t<span class=\"elementor-button-icon\">\n\t\t\t\t<svg aria-hidden=\"true\" class=\"e-font-icon-svg e-far-arrow-alt-circle-right\" viewBox=\"0 0 512 512\" xmlns=\"http:\/\/www.w3.org\/2000\/svg\"><path d=\"M504 256C504 119 393 8 256 8S8 119 8 256s111 248 248 248 248-111 248-248zm-448 0c0-110.5 89.5-200 200-200s200 89.5 200 200-89.5 200-200 200S56 366.5 56 256zm72 20v-40c0-6.6 5.4-12 12-12h116v-67c0-10.7 12.9-16 20.5-8.5l99 99c4.7 4.7 4.7 12.3 0 17l-99 99c-7.6 7.6-20.5 2.2-20.5-8.5v-67H140c-6.6 0-12-5.4-12-12z\"><\/path><\/svg>\t\t\t<\/span>\n\t\t\t\t\t\t\t\t\t<span class=\"elementor-button-text\">'A\u00e7<\/span>\n\t\t\t\t\t<\/span>\n\t\t\t\t\t<\/a>\n\t\t\t\t<\/div>\n\t\t\t\t\t\t\t\t<\/div>\n\t\t\t\t<\/div>\n\t\t\t\t<\/div>\n\t\t\t\t<\/div>\n\t\t\t\t\t<\/div>\n\t\t\t\t<\/div>\n\t\t\t\t<\/div>\n\t\t","protected":false},"excerpt":{"rendered":"<p>Gen\u00e7lerin Sosyal MedyaA\u015f\u0131r\u0131 Ba\u011f\u0131ml\u0131l\u0131\u011f\u0131 Ara\u015ft\u0131rmas\u0131 Erasmediah projesinin ilk \u00e7\u0131kt\u0131s\u0131, gen\u00e7lerin sosyal medya hiperba\u011fl\u0131l\u0131\u011f\u0131na ili\u015fkin riskleri ve bu riskleri azaltmaya y\u00f6nelik olas\u0131 \u00e7\u00f6z\u00fcm yollar\u0131n\u0131 inceleyen \u00fc\u00e7 a\u015famal\u0131 kapsaml\u0131 bir Ara\u015ft\u0131rma ve \u0130nceleme \u00c7al\u0131\u015fmas\u0131 olacakt\u0131r. Bu ara\u015ft\u0131rman\u0131n y\u00fcr\u00fct\u00fclmesi kapsam\u0131nda proje ortaklar\u0131 a\u015fa\u011f\u0131daki faaliyetleri ger\u00e7ekle\u015ftirecektir: Masa Ba\u015f\u0131 Ara\u015ft\u0131rmas\u0131:11\u201318 ya\u015f aras\u0131 gen\u00e7lerin sosyal medya ve \u00e7evrimi\u00e7i a\u011f platformlar\u0131na a\u015f\u0131r\u0131&hellip;&nbsp;<a href=\"https:\/\/erasmediah.eu\/tr\/project-results\/\" rel=\"bookmark\">Daha fazlas\u0131n\u0131 oku &raquo;<span class=\"screen-reader-text\">Proje Sonu\u00e7lar\u0131<\/span><\/a><\/p>\n","protected":false},"author":1,"featured_media":0,"parent":0,"menu_order":0,"comment_status":"closed","ping_status":"closed","template":"","meta":{"neve_meta_sidebar":"","neve_meta_container":"","neve_meta_enable_content_width":"off","neve_meta_content_width":100,"neve_meta_title_alignment":"","neve_meta_author_avatar":"","neve_post_elements_order":"","neve_meta_disable_header":"","neve_meta_disable_footer":"","neve_meta_disable_title":"","footnotes":""},"class_list":["post-18","page","type-page","status-publish","hentry"],"_links":{"self":[{"href":"https:\/\/erasmediah.eu\/tr\/wp-json\/wp\/v2\/pages\/18","targetHints":{"allow":["GET"]}}],"collection":[{"href":"https:\/\/erasmediah.eu\/tr\/wp-json\/wp\/v2\/pages"}],"about":[{"href":"https:\/\/erasmediah.eu\/tr\/wp-json\/wp\/v2\/types\/page"}],"author":[{"embeddable":true,"href":"https:\/\/erasmediah.eu\/tr\/wp-json\/wp\/v2\/users\/1"}],"replies":[{"embeddable":true,"href":"https:\/\/erasmediah.eu\/tr\/wp-json\/wp\/v2\/comments?post=18"}],"version-history":[{"count":125,"href":"https:\/\/erasmediah.eu\/tr\/wp-json\/wp\/v2\/pages\/18\/revisions"}],"predecessor-version":[{"id":1448,"href":"https:\/\/erasmediah.eu\/tr\/wp-json\/wp\/v2\/pages\/18\/revisions\/1448"}],"wp:attachment":[{"href":"https:\/\/erasmediah.eu\/tr\/wp-json\/wp\/v2\/media?parent=18"}],"curies":[{"name":"wp","href":"https:\/\/api.w.org\/{rel}","templated":true}]}}