{"id":706,"date":"2024-02-28T09:43:08","date_gmt":"2024-02-28T09:43:08","guid":{"rendered":"https:\/\/erasmediah.eu\/?page_id=706"},"modified":"2026-01-14T18:16:45","modified_gmt":"2026-01-14T18:16:45","slug":"objectives","status":"publish","type":"page","link":"https:\/\/erasmediah.eu\/tr\/objectives\/","title":{"rendered":"Hedefler"},"content":{"rendered":"\t\t<div data-elementor-type=\"wp-page\" data-elementor-id=\"706\" class=\"elementor elementor-706\">\n\t\t\t\t<div class=\"elementor-element elementor-element-696df12 e-flex e-con-boxed e-con e-parent\" data-id=\"696df12\" data-element_type=\"container\" data-e-type=\"container\">\n\t\t\t\t\t<div class=\"e-con-inner\">\n\t\t<div class=\"elementor-element elementor-element-add9c97 e-con-full e-flex e-con e-child\" data-id=\"add9c97\" data-element_type=\"container\" data-e-type=\"container\">\n\t\t\t\t<div class=\"elementor-element elementor-element-83c57c1 elementor-widget elementor-widget-image\" data-id=\"83c57c1\" data-element_type=\"widget\" data-e-type=\"widget\" data-widget_type=\"image.default\">\n\t\t\t\t<div class=\"elementor-widget-container\">\n\t\t\t\t\t\t\t\t\t\t\t\t\t\t\t<img fetchpriority=\"high\" decoding=\"async\" width=\"500\" height=\"500\" src=\"https:\/\/erasmediah.eu\/wp-content\/uploads\/2024\/02\/Erasmediah_logo_head.webp\" class=\"attachment-large size-large wp-image-34\" alt=\"\" srcset=\"https:\/\/erasmediah.eu\/wp-content\/uploads\/2024\/02\/Erasmediah_logo_head.webp 500w, https:\/\/erasmediah.eu\/wp-content\/uploads\/2024\/02\/Erasmediah_logo_head-300x300.webp 300w, https:\/\/erasmediah.eu\/wp-content\/uploads\/2024\/02\/Erasmediah_logo_head-150x150.webp 150w, https:\/\/erasmediah.eu\/wp-content\/uploads\/2024\/02\/Erasmediah_logo_head-24x24.webp 24w, https:\/\/erasmediah.eu\/wp-content\/uploads\/2024\/02\/Erasmediah_logo_head-36x36.webp 36w, https:\/\/erasmediah.eu\/wp-content\/uploads\/2024\/02\/Erasmediah_logo_head-48x48.webp 48w\" sizes=\"(max-width: 500px) 100vw, 500px\" \/>\t\t\t\t\t\t\t\t\t\t\t\t\t\t\t<\/div>\n\t\t\t\t<\/div>\n\t\t\t\t<\/div>\n\t\t<div class=\"elementor-element elementor-element-ea21485 e-con-full e-flex e-con e-child\" data-id=\"ea21485\" data-element_type=\"container\" data-e-type=\"container\">\n\t\t\t\t<div class=\"elementor-element elementor-element-b8ded3a elementor-widget elementor-widget-text-editor\" data-id=\"b8ded3a\" data-element_type=\"widget\" data-e-type=\"widget\" data-widget_type=\"text-editor.default\">\n\t\t\t\t<div class=\"elementor-widget-container\">\n\t\t\t\t\t\t\t\t\t<p><\/p><p><\/p><p><\/p><p><\/p><p><\/p><p><\/p><p>ERASMEDIAH projesi, gen\u00e7ler aras\u0131nda yayg\u0131n olarak kullan\u0131lan sosyal medyan\u0131n do\u011furdu\u011fu sorunlar\u0131 ele almaktad\u0131r. Projenin odak noktas\u0131, gen\u00e7lik \u00e7al\u0131\u015fanlar\u0131n\u0131 \u00f6zel e\u011fitimlerle g\u00fc\u00e7lendirerek teorik bilgiler ve pratik ara\u00e7lar sunmakt\u0131r. Bu kaynaklar, gen\u00e7lik \u00e7al\u0131\u015fanlar\u0131n\u0131n becerilerini art\u0131rarak sosyal medya platformlar\u0131nda s\u0131k\u00e7a kar\u015f\u0131la\u015f\u0131lan sorunlara etkin bir \u015fekilde m\u00fcdahale etmelerini ve olumlu bir etki b\u0131rakmalar\u0131n\u0131 ama\u00e7lamaktad\u0131r.<\/p>\t\t\t\t\t\t\t\t<\/div>\n\t\t\t\t<\/div>\n\t\t\t\t<\/div>\n\t\t\t\t\t<\/div>\n\t\t\t\t<\/div>\n\t\t<div class=\"elementor-element elementor-element-72a60d5 e-flex e-con-boxed e-con e-parent\" data-id=\"72a60d5\" data-element_type=\"container\" data-e-type=\"container\">\n\t\t\t\t\t<div class=\"e-con-inner\">\n\t\t<div class=\"elementor-element elementor-element-5500117 e-con-full e-flex e-con e-child\" data-id=\"5500117\" data-element_type=\"container\" data-e-type=\"container\">\n\t\t\t\t<div class=\"elementor-element elementor-element-499856d elementor-widget elementor-widget-image\" data-id=\"499856d\" data-element_type=\"widget\" data-e-type=\"widget\" data-widget_type=\"image.default\">\n\t\t\t\t<div class=\"elementor-widget-container\">\n\t\t\t\t\t\t\t\t\t\t\t\t\t\t\t<img fetchpriority=\"high\" decoding=\"async\" width=\"500\" height=\"500\" src=\"https:\/\/erasmediah.eu\/wp-content\/uploads\/2024\/02\/Erasmediah_logo_head.webp\" class=\"attachment-large size-large wp-image-34\" alt=\"\" srcset=\"https:\/\/erasmediah.eu\/wp-content\/uploads\/2024\/02\/Erasmediah_logo_head.webp 500w, https:\/\/erasmediah.eu\/wp-content\/uploads\/2024\/02\/Erasmediah_logo_head-300x300.webp 300w, https:\/\/erasmediah.eu\/wp-content\/uploads\/2024\/02\/Erasmediah_logo_head-150x150.webp 150w, https:\/\/erasmediah.eu\/wp-content\/uploads\/2024\/02\/Erasmediah_logo_head-24x24.webp 24w, https:\/\/erasmediah.eu\/wp-content\/uploads\/2024\/02\/Erasmediah_logo_head-36x36.webp 36w, https:\/\/erasmediah.eu\/wp-content\/uploads\/2024\/02\/Erasmediah_logo_head-48x48.webp 48w\" sizes=\"(max-width: 500px) 100vw, 500px\" \/>\t\t\t\t\t\t\t\t\t\t\t\t\t\t\t<\/div>\n\t\t\t\t<\/div>\n\t\t\t\t<\/div>\n\t\t<div class=\"elementor-element elementor-element-711f2ed e-con-full e-flex e-con e-child\" data-id=\"711f2ed\" data-element_type=\"container\" data-e-type=\"container\">\n\t\t\t\t<div class=\"elementor-element elementor-element-00db522 elementor-widget elementor-widget-text-editor\" data-id=\"00db522\" data-element_type=\"widget\" data-e-type=\"widget\" data-widget_type=\"text-editor.default\">\n\t\t\t\t<div class=\"elementor-widget-container\">\n\t\t\t\t\t\t\t\t\t<p><\/p><p><\/p><p><\/p><p><\/p><p><\/p><p><\/p><p>Projenin ana hedeflerinden biri, gen\u00e7lerin sosyal medya ile \u00e7evrili olduklar\u0131 problemli senaryolarla ba\u015fa \u00e7\u0131kma becerilerini geli\u015ftirmektir. Bu ama\u00e7, gen\u00e7lik \u00e7al\u0131\u015fanlar\u0131n\u0131n gen\u00e7lerin dijital d\u00fcnyaya a\u015f\u0131r\u0131 maruz kalmas\u0131ndan kaynaklanan potansiyel riskleri ustal\u0131kla ele almas\u0131n\u0131 ve proaktif bir \u015fekilde \u00f6nlemesini sa\u011flayacakt\u0131r.<\/p>\t\t\t\t\t\t\t\t<\/div>\n\t\t\t\t<\/div>\n\t\t\t\t<\/div>\n\t\t\t\t\t<\/div>\n\t\t\t\t<\/div>\n\t\t<div class=\"elementor-element elementor-element-76b2ae9 e-flex e-con-boxed e-con e-parent\" data-id=\"76b2ae9\" data-element_type=\"container\" data-e-type=\"container\">\n\t\t\t\t\t<div class=\"e-con-inner\">\n\t\t<div class=\"elementor-element elementor-element-567c83f e-con-full e-flex e-con e-child\" data-id=\"567c83f\" data-element_type=\"container\" data-e-type=\"container\">\n\t\t\t\t<div class=\"elementor-element elementor-element-c330cbc elementor-widget elementor-widget-image\" data-id=\"c330cbc\" data-element_type=\"widget\" data-e-type=\"widget\" data-widget_type=\"image.default\">\n\t\t\t\t<div class=\"elementor-widget-container\">\n\t\t\t\t\t\t\t\t\t\t\t\t\t\t\t<img fetchpriority=\"high\" decoding=\"async\" width=\"500\" height=\"500\" src=\"https:\/\/erasmediah.eu\/wp-content\/uploads\/2024\/02\/Erasmediah_logo_head.webp\" class=\"attachment-large size-large wp-image-34\" alt=\"\" srcset=\"https:\/\/erasmediah.eu\/wp-content\/uploads\/2024\/02\/Erasmediah_logo_head.webp 500w, https:\/\/erasmediah.eu\/wp-content\/uploads\/2024\/02\/Erasmediah_logo_head-300x300.webp 300w, https:\/\/erasmediah.eu\/wp-content\/uploads\/2024\/02\/Erasmediah_logo_head-150x150.webp 150w, https:\/\/erasmediah.eu\/wp-content\/uploads\/2024\/02\/Erasmediah_logo_head-24x24.webp 24w, https:\/\/erasmediah.eu\/wp-content\/uploads\/2024\/02\/Erasmediah_logo_head-36x36.webp 36w, https:\/\/erasmediah.eu\/wp-content\/uploads\/2024\/02\/Erasmediah_logo_head-48x48.webp 48w\" sizes=\"(max-width: 500px) 100vw, 500px\" \/>\t\t\t\t\t\t\t\t\t\t\t\t\t\t\t<\/div>\n\t\t\t\t<\/div>\n\t\t\t\t<\/div>\n\t\t<div class=\"elementor-element elementor-element-5a2e699 e-con-full e-flex e-con e-child\" data-id=\"5a2e699\" data-element_type=\"container\" data-e-type=\"container\">\n\t\t\t\t<div class=\"elementor-element elementor-element-989167a elementor-widget elementor-widget-text-editor\" data-id=\"989167a\" data-element_type=\"widget\" data-e-type=\"widget\" data-widget_type=\"text-editor.default\">\n\t\t\t\t<div class=\"elementor-widget-container\">\n\t\t\t\t\t\t\t\t\t<p><\/p><p><\/p><p><\/p><p><\/p><p><\/p><p><\/p><p>Ayr\u0131ca, proje gen\u00e7lerin sosyal medya a\u015f\u0131r\u0131 ba\u011f\u0131ml\u0131l\u0131\u011f\u0131yla ili\u015fkili riskler ve sorunlar konusundaki fark\u0131ndal\u0131\u011f\u0131n\u0131 art\u0131rmay\u0131 hedeflemektedir. Bu kapsamda, pratik ara\u00e7lar ve bilgiler sa\u011flayarak gen\u00e7lerin bilin\u00e7li kararlar alabilen ve dijital d\u00fcnyan\u0131n karma\u015f\u0131kl\u0131\u011f\u0131na sorumlu bir \u015fekilde y\u00f6nlenebilen bir nesil olmalar\u0131n\u0131 ama\u00e7lamaktad\u0131r.<\/p>\t\t\t\t\t\t\t\t<\/div>\n\t\t\t\t<\/div>\n\t\t\t\t<\/div>\n\t\t\t\t\t<\/div>\n\t\t\t\t<\/div>\n\t\t<div class=\"elementor-element elementor-element-9382785 e-flex e-con-boxed e-con e-parent\" data-id=\"9382785\" data-element_type=\"container\" data-e-type=\"container\">\n\t\t\t\t\t<div class=\"e-con-inner\">\n\t\t<div class=\"elementor-element elementor-element-f2e0f8a e-con-full e-flex e-con e-child\" data-id=\"f2e0f8a\" data-element_type=\"container\" data-e-type=\"container\">\n\t\t\t\t<div class=\"elementor-element elementor-element-63160a0 elementor-widget elementor-widget-image\" data-id=\"63160a0\" data-element_type=\"widget\" data-e-type=\"widget\" data-widget_type=\"image.default\">\n\t\t\t\t<div class=\"elementor-widget-container\">\n\t\t\t\t\t\t\t\t\t\t\t\t\t\t\t<img fetchpriority=\"high\" decoding=\"async\" width=\"500\" height=\"500\" src=\"https:\/\/erasmediah.eu\/wp-content\/uploads\/2024\/02\/Erasmediah_logo_head.webp\" class=\"attachment-large size-large wp-image-34\" alt=\"\" srcset=\"https:\/\/erasmediah.eu\/wp-content\/uploads\/2024\/02\/Erasmediah_logo_head.webp 500w, https:\/\/erasmediah.eu\/wp-content\/uploads\/2024\/02\/Erasmediah_logo_head-300x300.webp 300w, https:\/\/erasmediah.eu\/wp-content\/uploads\/2024\/02\/Erasmediah_logo_head-150x150.webp 150w, https:\/\/erasmediah.eu\/wp-content\/uploads\/2024\/02\/Erasmediah_logo_head-24x24.webp 24w, https:\/\/erasmediah.eu\/wp-content\/uploads\/2024\/02\/Erasmediah_logo_head-36x36.webp 36w, https:\/\/erasmediah.eu\/wp-content\/uploads\/2024\/02\/Erasmediah_logo_head-48x48.webp 48w\" sizes=\"(max-width: 500px) 100vw, 500px\" \/>\t\t\t\t\t\t\t\t\t\t\t\t\t\t\t<\/div>\n\t\t\t\t<\/div>\n\t\t\t\t<\/div>\n\t\t<div class=\"elementor-element elementor-element-f0953ac e-con-full e-flex e-con e-child\" data-id=\"f0953ac\" data-element_type=\"container\" data-e-type=\"container\">\n\t\t\t\t<div class=\"elementor-element elementor-element-7ad37ce elementor-widget elementor-widget-text-editor\" data-id=\"7ad37ce\" data-element_type=\"widget\" data-e-type=\"widget\" data-widget_type=\"text-editor.default\">\n\t\t\t\t<div class=\"elementor-widget-container\">\n\t\t\t\t\t\t\t\t\t<p><\/p><p><\/p><p><\/p><p><\/p><p><\/p><p><\/p><p>ERASMEDIAH, sadece gen\u00e7lik \u00e7al\u0131\u015fanlar\u0131n\u0131n kapasitelerini g\u00fc\u00e7lendirmekle kalmay\u0131p gen\u00e7leri de g\u00fc\u00e7lendirmeyi hedeflemektedir. E\u011fitim, teknoloji ve sosyal zorluklar aras\u0131ndaki karma\u015f\u0131k etkile\u015fimi analiz ederek s\u00fcrekli de\u011fi\u015fen sosyal medyaya kar\u015f\u0131 daha dayan\u0131kl\u0131 ve bilin\u00e7li bir gen\u00e7 n\u00fcfus olu\u015fturmay\u0131 ama\u00e7lamaktad\u0131r.<\/p>\t\t\t\t\t\t\t\t<\/div>\n\t\t\t\t<\/div>\n\t\t\t\t<\/div>\n\t\t\t\t\t<\/div>\n\t\t\t\t<\/div>\n\t\t<div class=\"elementor-element elementor-element-36a6054 e-flex e-con-boxed e-con e-parent\" data-id=\"36a6054\" data-element_type=\"container\" data-e-type=\"container\">\n\t\t\t\t\t<div class=\"e-con-inner\">\n\t\t\t\t<div class=\"elementor-element elementor-element-6fee932 elementor-widget elementor-widget-spacer\" data-id=\"6fee932\" data-element_type=\"widget\" data-e-type=\"widget\" data-widget_type=\"spacer.default\">\n\t\t\t\t<div class=\"elementor-widget-container\">\n\t\t\t\t\t\t\t<div class=\"elementor-spacer\">\n\t\t\t<div class=\"elementor-spacer-inner\"><\/div>\n\t\t<\/div>\n\t\t\t\t\t\t<\/div>\n\t\t\t\t<\/div>\n\t\t\t\t\t<\/div>\n\t\t\t\t<\/div>\n\t\t\t\t<\/div>\n\t\t","protected":false},"excerpt":{"rendered":"<p>The Erasmediah project aims to address the challenges arising from the widespread use of social media among young people. The focus is the empowerment of youth workers through specialised training and the provision of theoretical insights and practical tools. These resources are intended to strengthen the educational skills of youth workers, enabling them to navigate&hellip;&nbsp;<a href=\"https:\/\/erasmediah.eu\/tr\/objectives\/\" rel=\"bookmark\">Daha fazlas\u0131n\u0131 oku &raquo;<span class=\"screen-reader-text\">Hedefler<\/span><\/a><\/p>\n","protected":false},"author":1,"featured_media":0,"parent":0,"menu_order":0,"comment_status":"closed","ping_status":"closed","template":"","meta":{"neve_meta_sidebar":"","neve_meta_container":"","neve_meta_enable_content_width":"off","neve_meta_content_width":100,"neve_meta_title_alignment":"","neve_meta_author_avatar":"","neve_post_elements_order":"","neve_meta_disable_header":"","neve_meta_disable_footer":"","neve_meta_disable_title":"","footnotes":""},"class_list":["post-706","page","type-page","status-publish","hentry"],"_links":{"self":[{"href":"https:\/\/erasmediah.eu\/tr\/wp-json\/wp\/v2\/pages\/706","targetHints":{"allow":["GET"]}}],"collection":[{"href":"https:\/\/erasmediah.eu\/tr\/wp-json\/wp\/v2\/pages"}],"about":[{"href":"https:\/\/erasmediah.eu\/tr\/wp-json\/wp\/v2\/types\/page"}],"author":[{"embeddable":true,"href":"https:\/\/erasmediah.eu\/tr\/wp-json\/wp\/v2\/users\/1"}],"replies":[{"embeddable":true,"href":"https:\/\/erasmediah.eu\/tr\/wp-json\/wp\/v2\/comments?post=706"}],"version-history":[{"count":99,"href":"https:\/\/erasmediah.eu\/tr\/wp-json\/wp\/v2\/pages\/706\/revisions"}],"predecessor-version":[{"id":1346,"href":"https:\/\/erasmediah.eu\/tr\/wp-json\/wp\/v2\/pages\/706\/revisions\/1346"}],"wp:attachment":[{"href":"https:\/\/erasmediah.eu\/tr\/wp-json\/wp\/v2\/media?parent=706"}],"curies":[{"name":"wp","href":"https:\/\/api.w.org\/{rel}","templated":true}]}}