{"id":817,"date":"2025-04-04T11:09:30","date_gmt":"2025-04-04T11:09:30","guid":{"rendered":"https:\/\/erasmediah.eu\/?page_id=817"},"modified":"2026-01-16T11:52:59","modified_gmt":"2026-01-16T11:52:59","slug":"training-course","status":"publish","type":"page","link":"https:\/\/erasmediah.eu\/tr\/training-course\/","title":{"rendered":"&#8217;E\u011fitim Kursu"},"content":{"rendered":"\t\t<div data-elementor-type=\"wp-page\" data-elementor-id=\"817\" class=\"elementor elementor-817\">\n\t\t\t\t<div class=\"elementor-element elementor-element-f3a05ff e-grid e-con-boxed e-con e-parent\" data-id=\"f3a05ff\" data-element_type=\"container\" data-e-type=\"container\">\n\t\t\t\t\t<div class=\"e-con-inner\">\n\t\t<div class=\"elementor-element elementor-element-12e0a48 e-con-full e-flex e-con e-child\" data-id=\"12e0a48\" data-element_type=\"container\" data-e-type=\"container\">\n\t\t\t\t<div class=\"elementor-element elementor-element-512833e elementor-view-default elementor-position-block-start elementor-mobile-position-block-start elementor-widget elementor-widget-icon-box\" data-id=\"512833e\" data-element_type=\"widget\" data-e-type=\"widget\" data-widget_type=\"icon-box.default\">\n\t\t\t\t<div class=\"elementor-widget-container\">\n\t\t\t\t\t\t\t<div class=\"elementor-icon-box-wrapper\">\n\n\t\t\t\t\t\t<div class=\"elementor-icon-box-icon\">\n\t\t\t\t<span  class=\"elementor-icon\">\n\t\t\t\t<svg aria-hidden=\"true\" class=\"e-font-icon-svg e-fas-question-circle\" viewBox=\"0 0 512 512\" xmlns=\"http:\/\/www.w3.org\/2000\/svg\"><path d=\"M504 256c0 136.997-111.043 248-248 248S8 392.997 8 256C8 119.083 119.043 8 256 8s248 111.083 248 248zM262.655 90c-54.497 0-89.255 22.957-116.549 63.758-3.536 5.286-2.353 12.415 2.715 16.258l34.699 26.31c5.205 3.947 12.621 3.008 16.665-2.122 17.864-22.658 30.113-35.797 57.303-35.797 20.429 0 45.698 13.148 45.698 32.958 0 14.976-12.363 22.667-32.534 33.976C247.128 238.528 216 254.941 216 296v4c0 6.627 5.373 12 12 12h56c6.627 0 12-5.373 12-12v-1.333c0-28.462 83.186-29.647 83.186-106.667 0-58.002-60.165-102-116.531-102zM256 338c-25.365 0-46 20.635-46 46 0 25.364 20.635 46 46 46s46-20.636 46-46c0-25.365-20.635-46-46-46z\"><\/path><\/svg>\t\t\t\t<\/span>\n\t\t\t<\/div>\n\t\t\t\n\t\t\t\t\t\t<div class=\"elementor-icon-box-content\">\n\n\t\t\t\t\t\t\t\t\t<h3 class=\"elementor-icon-box-title\">\n\t\t\t\t\t\t<span  >\n\t\t\t\t\t\t\t'El K\u0131lavuzu\t\t\t\t\t\t<\/span>\n\t\t\t\t\t<\/h3>\n\t\t\t\t\n\t\t\t\t\t\t\t\t\t<p class=\"elementor-icon-box-description\">\n\t\t\t\t\t\t'A\u015f\u0131r\u0131 Ba\u011f\u0131ml\u0131l\u0131k E\u011fitimi \u00d6\u011fretmen K\u0131lavuzu, gen\u00e7lik \u00e7al\u0131\u015fanlar\u0131, e\u011fitimciler ve fasilitat\u00f6rler i\u00e7in hem teorik hem de pratik bir kaynakt\u0131r. Gen\u00e7ler aras\u0131nda sosyal medyan\u0131n a\u015f\u0131r\u0131 kullan\u0131m\u0131n\u0131n yaratt\u0131\u011f\u0131 zorluklarla ba\u015fa \u00e7\u0131kabilmek i\u00e7in gerekli ara\u00e7lar\u0131 ve bilgileri sunar. K\u0131lavuz, proje kapsam\u0131nda geli\u015ftirilmi\u015f 7 mod\u00fcl ve 37 ders plan\u0131n\u0131 bir araya getirerek 11\u201318 ya\u015f grubuna y\u00f6nelik bir e\u011fitim materyali sunmaktad\u0131r. A\u015f\u0131r\u0131 ba\u011f\u0131ml\u0131l\u0131\u011f\u0131 anlamay\u0131 destekler ve dijital ba\u011f\u0131ml\u0131l\u0131\u011f\u0131 \u00f6nlemeye yard\u0131mc\u0131 olur.\t\t\t\t\t<\/p>\n\t\t\t\t\n\t\t\t<\/div>\n\t\t\t\n\t\t<\/div>\n\t\t\t\t\t\t<\/div>\n\t\t\t\t<\/div>\n\t\t\t\t<div class=\"elementor-element elementor-element-ca398b7 elementor-align-center elementor-widget elementor-widget-button\" data-id=\"ca398b7\" data-element_type=\"widget\" data-e-type=\"widget\" data-widget_type=\"button.default\">\n\t\t\t\t<div class=\"elementor-widget-container\">\n\t\t\t\t\t\t\t\t\t<div class=\"elementor-button-wrapper\">\n\t\t\t\t\t<a class=\"elementor-button elementor-button-link elementor-size-sm\" href=\"https:\/\/erasmediah.eu\/wp-content\/uploads\/2025\/09\/Erasmediah_MANUAL_TR.pdf\" target=\"_blank\">\n\t\t\t\t\t\t<span class=\"elementor-button-content-wrapper\">\n\t\t\t\t\t\t<span class=\"elementor-button-icon\">\n\t\t\t\t<svg aria-hidden=\"true\" class=\"e-font-icon-svg e-far-arrow-alt-circle-right\" viewBox=\"0 0 512 512\" xmlns=\"http:\/\/www.w3.org\/2000\/svg\"><path d=\"M504 256C504 119 393 8 256 8S8 119 8 256s111 248 248 248 248-111 248-248zm-448 0c0-110.5 89.5-200 200-200s200 89.5 200 200-89.5 200-200 200S56 366.5 56 256zm72 20v-40c0-6.6 5.4-12 12-12h116v-67c0-10.7 12.9-16 20.5-8.5l99 99c4.7 4.7 4.7 12.3 0 17l-99 99c-7.6 7.6-20.5 2.2-20.5-8.5v-67H140c-6.6 0-12-5.4-12-12z\"><\/path><\/svg>\t\t\t<\/span>\n\t\t\t\t\t\t\t\t\t<span class=\"elementor-button-text\">'A\u00e7<\/span>\n\t\t\t\t\t<\/span>\n\t\t\t\t\t<\/a>\n\t\t\t\t<\/div>\n\t\t\t\t\t\t\t\t<\/div>\n\t\t\t\t<\/div>\n\t\t\t\t<\/div>\n\t\t<div class=\"elementor-element elementor-element-0d3208e e-con-full e-flex e-con e-child\" data-id=\"0d3208e\" data-element_type=\"container\" data-e-type=\"container\">\n\t\t\t\t<div class=\"elementor-element elementor-element-063c812 elementor-view-default elementor-position-block-start elementor-mobile-position-block-start elementor-widget elementor-widget-icon-box\" data-id=\"063c812\" data-element_type=\"widget\" data-e-type=\"widget\" data-widget_type=\"icon-box.default\">\n\t\t\t\t<div class=\"elementor-widget-container\">\n\t\t\t\t\t\t\t<div class=\"elementor-icon-box-wrapper\">\n\n\t\t\t\t\t\t<div class=\"elementor-icon-box-icon\">\n\t\t\t\t<span  class=\"elementor-icon\">\n\t\t\t\t<svg aria-hidden=\"true\" class=\"e-font-icon-svg e-fas-book-open\" viewBox=\"0 0 576 512\" xmlns=\"http:\/\/www.w3.org\/2000\/svg\"><path d=\"M542.22 32.05c-54.8 3.11-163.72 14.43-230.96 55.59-4.64 2.84-7.27 7.89-7.27 13.17v363.87c0 11.55 12.63 18.85 23.28 13.49 69.18-34.82 169.23-44.32 218.7-46.92 16.89-.89 30.02-14.43 30.02-30.66V62.75c.01-17.71-15.35-31.74-33.77-30.7zM264.73 87.64C197.5 46.48 88.58 35.17 33.78 32.05 15.36 31.01 0 45.04 0 62.75V400.6c0 16.24 13.13 29.78 30.02 30.66 49.49 2.6 149.59 12.11 218.77 46.95 10.62 5.35 23.21-1.94 23.21-13.46V100.63c0-5.29-2.62-10.14-7.27-12.99z\"><\/path><\/svg>\t\t\t\t<\/span>\n\t\t\t<\/div>\n\t\t\t\n\t\t\t\t\t\t<div class=\"elementor-icon-box-content\">\n\n\t\t\t\t\t\t\t\t\t<h3 class=\"elementor-icon-box-title\">\n\t\t\t\t\t\t<span  >\n\t\t\t\t\t\t\tDersler\t\t\t\t\t\t<\/span>\n\t\t\t\t\t<\/h3>\n\t\t\t\t\n\t\t\t\t\t\t\t\t\t<p class=\"elementor-icon-box-description\">\n\t\t\t\t\t\t'Bu ders seti, gen\u00e7lik \u00e7al\u0131\u015fanlar\u0131, e\u011fitimciler ve ebeveynleri, gen\u00e7lerin dijital dayan\u0131kl\u0131l\u0131klar\u0131n\u0131 g\u00fc\u00e7lendirecek pratik ara\u00e7larla donatmay\u0131 ama\u00e7lamaktad\u0131r. Mod\u00fcller, ele\u015ftirel d\u00fc\u015f\u00fcnme, sorumlu karar verme ve sosyo-duygusal \u00f6\u011frenmeyi kapsarken, gen\u00e7lerin daha g\u00fcvenli ve sa\u011fl\u0131kl\u0131 \u00e7evrim i\u00e7i al\u0131\u015fkanl\u0131klar geli\u015ftirmelerini destekler. \u0130\u00e7erik, siber g\u00fcvenlik, \u00e7evrim i\u00e7i g\u00fcvenlik, hiperba\u011fl\u0131l\u0131k y\u00f6netimi ve dijital iyi olu\u015f gibi konular\u0131 kapsamaktad\u0131r. Dersler ayr\u0131ca sosyal medya detoksu stratejilerini tan\u0131tarak, sorumlu \u00e7evrim i\u00e7i davran\u0131\u015flar\u0131n benimsenmesini te\u015fvik eder. Son olarak, i\u015f birli\u011fi ve topluluk deste\u011fi, sosyal medya risklerini \u00f6nleme ve azaltmada temel unsurlar olarak vurgulanmaktad\u0131r.\t\t\t\t\t<\/p>\n\t\t\t\t\n\t\t\t<\/div>\n\t\t\t\n\t\t<\/div>\n\t\t\t\t\t\t<\/div>\n\t\t\t\t<\/div>\n\t\t\t\t<div class=\"elementor-element elementor-element-9038e3f elementor-align-center elementor-widget elementor-widget-button\" data-id=\"9038e3f\" data-element_type=\"widget\" data-e-type=\"widget\" data-widget_type=\"button.default\">\n\t\t\t\t<div class=\"elementor-widget-container\">\n\t\t\t\t\t\t\t\t\t<div class=\"elementor-button-wrapper\">\n\t\t\t\t\t<a class=\"elementor-button elementor-button-link elementor-size-sm\" href=\"\/lessons\">\n\t\t\t\t\t\t<span class=\"elementor-button-content-wrapper\">\n\t\t\t\t\t\t<span class=\"elementor-button-icon\">\n\t\t\t\t<svg aria-hidden=\"true\" class=\"e-font-icon-svg e-far-arrow-alt-circle-right\" viewBox=\"0 0 512 512\" xmlns=\"http:\/\/www.w3.org\/2000\/svg\"><path d=\"M504 256C504 119 393 8 256 8S8 119 8 256s111 248 248 248 248-111 248-248zm-448 0c0-110.5 89.5-200 200-200s200 89.5 200 200-89.5 200-200 200S56 366.5 56 256zm72 20v-40c0-6.6 5.4-12 12-12h116v-67c0-10.7 12.9-16 20.5-8.5l99 99c4.7 4.7 4.7 12.3 0 17l-99 99c-7.6 7.6-20.5 2.2-20.5-8.5v-67H140c-6.6 0-12-5.4-12-12z\"><\/path><\/svg>\t\t\t<\/span>\n\t\t\t\t\t\t\t\t\t<span class=\"elementor-button-text\">'A\u00e7<\/span>\n\t\t\t\t\t<\/span>\n\t\t\t\t\t<\/a>\n\t\t\t\t<\/div>\n\t\t\t\t\t\t\t\t<\/div>\n\t\t\t\t<\/div>\n\t\t\t\t<\/div>\n\t\t\t\t\t<\/div>\n\t\t\t\t<\/div>\n\t\t\t\t<\/div>\n\t\t","protected":false},"excerpt":{"rendered":"<p>&#8217;El K\u0131lavuzu &#8217;A\u015f\u0131r\u0131 Ba\u011f\u0131ml\u0131l\u0131k E\u011fitimi \u00d6\u011fretmen K\u0131lavuzu, gen\u00e7lik \u00e7al\u0131\u015fanlar\u0131, e\u011fitimciler ve fasilitat\u00f6rler i\u00e7in hem teorik hem de pratik bir kaynakt\u0131r. Gen\u00e7ler aras\u0131nda sosyal medyan\u0131n a\u015f\u0131r\u0131 kullan\u0131m\u0131n\u0131n yaratt\u0131\u011f\u0131 zorluklarla ba\u015fa \u00e7\u0131kabilmek i\u00e7in gerekli ara\u00e7lar\u0131 ve bilgileri sunar. K\u0131lavuz, proje kapsam\u0131nda geli\u015ftirilmi\u015f 7 mod\u00fcl ve 37 ders plan\u0131n\u0131 bir araya getirerek 11\u201318 ya\u015f grubuna y\u00f6nelik bir e\u011fitim&hellip;&nbsp;<a href=\"https:\/\/erasmediah.eu\/tr\/training-course\/\" rel=\"bookmark\">Daha fazlas\u0131n\u0131 oku &raquo;<span class=\"screen-reader-text\">&#8217;E\u011fitim Kursu<\/span><\/a><\/p>\n","protected":false},"author":1,"featured_media":0,"parent":0,"menu_order":0,"comment_status":"closed","ping_status":"closed","template":"","meta":{"neve_meta_sidebar":"","neve_meta_container":"","neve_meta_enable_content_width":"off","neve_meta_content_width":100,"neve_meta_title_alignment":"","neve_meta_author_avatar":"","neve_post_elements_order":"","neve_meta_disable_header":"","neve_meta_disable_footer":"","neve_meta_disable_title":"","footnotes":""},"class_list":["post-817","page","type-page","status-publish","hentry"],"_links":{"self":[{"href":"https:\/\/erasmediah.eu\/tr\/wp-json\/wp\/v2\/pages\/817","targetHints":{"allow":["GET"]}}],"collection":[{"href":"https:\/\/erasmediah.eu\/tr\/wp-json\/wp\/v2\/pages"}],"about":[{"href":"https:\/\/erasmediah.eu\/tr\/wp-json\/wp\/v2\/types\/page"}],"author":[{"embeddable":true,"href":"https:\/\/erasmediah.eu\/tr\/wp-json\/wp\/v2\/users\/1"}],"replies":[{"embeddable":true,"href":"https:\/\/erasmediah.eu\/tr\/wp-json\/wp\/v2\/comments?post=817"}],"version-history":[{"count":52,"href":"https:\/\/erasmediah.eu\/tr\/wp-json\/wp\/v2\/pages\/817\/revisions"}],"predecessor-version":[{"id":1452,"href":"https:\/\/erasmediah.eu\/tr\/wp-json\/wp\/v2\/pages\/817\/revisions\/1452"}],"wp:attachment":[{"href":"https:\/\/erasmediah.eu\/tr\/wp-json\/wp\/v2\/media?parent=817"}],"curies":[{"name":"wp","href":"https:\/\/api.w.org\/{rel}","templated":true}]}}